{"id":871,"date":"2020-03-27T14:52:26","date_gmt":"2020-03-27T13:52:26","guid":{"rendered":"https:\/\/www.bimandco.com\/bim\/?page_id=871"},"modified":"2020-09-24T18:09:46","modified_gmt":"2020-09-24T16:09:46","slug":"recrutement","status":"publish","type":"page","link":"https:\/\/www.bimandco.com\/bim\/fr\/recrutement\/","title":{"rendered":"Recrutement"},"content":{"rendered":"<div id=\"pl-gb871-69de30bc29ecf\"  class=\"panel-layout\" ><div id=\"pg-gb871-69de30bc29ecf-0\"  class=\"panel-grid panel-has-style\" ><div class=\"page-section container panel-row-style panel-row-style-for-gb871-69de30bc29ecf-0\" id=\"section-jobs01\" ><div id=\"pgc-gb871-69de30bc29ecf-0-0\"  class=\"panel-grid-cell\" ><div id=\"panel-gb871-69de30bc29ecf-0-0-0\" class=\"so-panel widget widget_media_image panel-first-child\" data-index=\"0\" ><div class=\"no-visuel-mobile panel-widget-style panel-widget-style-for-gb871-69de30bc29ecf-0-0-0\" ><img fetchpriority=\"high\" decoding=\"async\" width=\"1500\" height=\"654\" src=\"https:\/\/www.bimandco.com\/bim\/wp-content\/uploads\/2020\/06\/team-2560x1117-1-1536x670.jpg\" class=\"image wp-image-4278  attachment-1500x654 size-1500x654\" alt=\"\" style=\"max-width: 100%; height: auto;\" srcset=\"https:\/\/www.bimandco.com\/bim\/wp-content\/uploads\/2020\/06\/team-2560x1117-1-1536x670.jpg 1536w, https:\/\/www.bimandco.com\/bim\/wp-content\/uploads\/2020\/06\/team-2560x1117-1-300x131.jpg 300w, https:\/\/www.bimandco.com\/bim\/wp-content\/uploads\/2020\/06\/team-2560x1117-1-1024x447.jpg 1024w, https:\/\/www.bimandco.com\/bim\/wp-content\/uploads\/2020\/06\/team-2560x1117-1-150x65.jpg 150w, https:\/\/www.bimandco.com\/bim\/wp-content\/uploads\/2020\/06\/team-2560x1117-1-768x335.jpg 768w, https:\/\/www.bimandco.com\/bim\/wp-content\/uploads\/2020\/06\/team-2560x1117-1-2048x894.jpg 2048w\" sizes=\"(max-width: 1500px) 100vw, 1500px\" \/><\/div><\/div><div id=\"panel-gb871-69de30bc29ecf-0-0-1\" class=\"so-panel widget widget_media_image\" data-index=\"1\" ><div class=\"visuel-mobile panel-widget-style panel-widget-style-for-gb871-69de30bc29ecf-0-0-1\" ><img decoding=\"async\" width=\"640\" height=\"746\" src=\"https:\/\/www.bimandco.com\/bim\/wp-content\/uploads\/2020\/06\/team-878x1024-1-768x896.jpg\" class=\"image wp-image-4279  attachment-640x746 size-640x746\" alt=\"\" style=\"max-width: 100%; height: auto;\" srcset=\"https:\/\/www.bimandco.com\/bim\/wp-content\/uploads\/2020\/06\/team-878x1024-1-768x896.jpg 768w, https:\/\/www.bimandco.com\/bim\/wp-content\/uploads\/2020\/06\/team-878x1024-1-257x300.jpg 257w, https:\/\/www.bimandco.com\/bim\/wp-content\/uploads\/2020\/06\/team-878x1024-1-129x150.jpg 129w, https:\/\/www.bimandco.com\/bim\/wp-content\/uploads\/2020\/06\/team-878x1024-1.jpg 878w\" sizes=\"(max-width: 640px) 100vw, 640px\" \/><\/div><\/div><div id=\"panel-gb871-69de30bc29ecf-0-0-2\" class=\"widget_text so-panel widget widget_custom_html\" data-index=\"2\" ><div class=\"widget_text description panel-widget-style panel-widget-style-for-gb871-69de30bc29ecf-0-0-2\" ><div class=\"textwidget custom-html-widget\"><h1><span>Recrutement<\/span><\/h1><\/div><\/div><\/div><div id=\"panel-gb871-69de30bc29ecf-0-0-3\" class=\"so-panel widget widget_sow-editor panel-last-child\" data-index=\"3\" ><div\n\t\t\t\n\t\t\tclass=\"so-widget-sow-editor so-widget-sow-editor-base\"\n\t\t\t\n\t\t>\n<div class=\"siteorigin-widget-tinymce textwidget\">\n\t<p>BIM&amp;CO est une entreprise innovante qui r\u00e9volutionne la mani\u00e8re dont les entreprises, bureaux d&rsquo;\u00e9tudes techniques et fabricants partagent et g\u00e8rent les donn\u00e9es des objets BIM. Comme toute structure qui grandit, BIM&amp;CO se nourrit du savoir-faire et de l&rsquo;expertise de ses collaborateurs issus d&rsquo;horizons tr\u00e8s diff\u00e9rents et compl\u00e9mentaires.<\/p>\n<p>Envie de nous rejoindre ?<\/p>\n<p><a href=\"https:\/\/www.linkedin.com\/company\/bimandco-sas\/jobs\/\" class=\"btn btn-blue-medium\" target=\"_blank\">Rendez-vous sur notre page Linkedin pour d\u00e9couvrir nos offres d&#8217;emploi et de stage \u00e0 pourvoir !<\/a><\/p>\n<\/div>\n<\/div><\/div><\/div><\/div><\/div><\/div>\n\n<div id=\"pl-gb871-69de30bc2dbb2\"  class=\"panel-layout\" ><div id=\"pg-gb871-69de30bc2dbb2-0\"  class=\"panel-grid panel-has-style\" ><div class=\"page-section container panel-row-style panel-row-style-for-gb871-69de30bc2dbb2-0\" id=\"section-jobs02\" ><div id=\"pgc-gb871-69de30bc2dbb2-0-0\"  class=\"panel-grid-cell\" ><div id=\"panel-gb871-69de30bc2dbb2-0-0-0\" class=\"so-panel widget panel-first-child panel-last-child\" data-index=\"0\" ><\/div><\/div><\/div><\/div><\/div>","protected":false},"excerpt":{"rendered":"<p>BIM&amp;CO est une entreprise innovante qui r\u00e9volutionne la mani\u00e8re dont les entreprises, bureaux d&rsquo;\u00e9tudes techniques et fabricants partagent et g\u00e8rent [&hellip;]<\/p>\n","protected":false},"author":2,"featured_media":0,"parent":0,"menu_order":0,"comment_status":"closed","ping_status":"closed","template":"","meta":{"_acf_changed":false,"content-type":"","footnotes":""},"class_list":["post-871","page","type-page","status-publish","hentry"],"acf":[],"yoast_head":"<!-- This site is optimized with the Yoast SEO plugin v26.0 - https:\/\/yoast.com\/wordpress\/plugins\/seo\/ -->\n<title>Recrutement - BIM&amp;CO<\/title>\n<meta name=\"robots\" content=\"index, follow, max-snippet:-1, max-image-preview:large, max-video-preview:-1\" \/>\n<link rel=\"canonical\" href=\"https:\/\/www.bimandco.com\/bim\/fr\/recrutement\/\" \/>\n<meta property=\"og:locale\" content=\"fr_FR\" \/>\n<meta property=\"og:type\" content=\"article\" \/>\n<meta property=\"og:title\" content=\"Recrutement - BIM&amp;CO\" \/>\n<meta property=\"og:description\" content=\"BIM&amp;CO est une entreprise innovante qui r\u00e9volutionne la mani\u00e8re dont les entreprises, bureaux d&#039;\u00e9tudes techniques et fabricants partagent et g\u00e8rent [&hellip;]\" \/>\n<meta property=\"og:url\" content=\"https:\/\/www.bimandco.com\/bim\/fr\/recrutement\/\" \/>\n<meta property=\"og:site_name\" content=\"BIM&amp;CO\" \/>\n<meta property=\"article:modified_time\" content=\"2020-09-24T16:09:46+00:00\" \/>\n<meta name=\"twitter:card\" content=\"summary_large_image\" \/>\n<script type=\"application\/ld+json\" class=\"yoast-schema-graph\">{\"@context\":\"https:\/\/schema.org\",\"@graph\":[{\"@type\":\"WebPage\",\"@id\":\"https:\/\/www.bimandco.com\/bim\/fr\/recrutement\/\",\"url\":\"https:\/\/www.bimandco.com\/bim\/fr\/recrutement\/\",\"name\":\"Recrutement - BIM&amp;CO\",\"isPartOf\":{\"@id\":\"https:\/\/www.bimandco.com\/bim\/#website\"},\"datePublished\":\"2020-03-27T13:52:26+00:00\",\"dateModified\":\"2020-09-24T16:09:46+00:00\",\"breadcrumb\":{\"@id\":\"https:\/\/www.bimandco.com\/bim\/fr\/recrutement\/#breadcrumb\"},\"inLanguage\":\"fr-FR\",\"potentialAction\":[{\"@type\":\"ReadAction\",\"target\":[\"https:\/\/www.bimandco.com\/bim\/fr\/recrutement\/\"]}]},{\"@type\":\"BreadcrumbList\",\"@id\":\"https:\/\/www.bimandco.com\/bim\/fr\/recrutement\/#breadcrumb\",\"itemListElement\":[{\"@type\":\"ListItem\",\"position\":1,\"name\":\"Accueil\",\"item\":\"https:\/\/www.bimandco.com\/bim\/fr\/\"},{\"@type\":\"ListItem\",\"position\":2,\"name\":\"Recrutement\"}]},{\"@type\":\"WebSite\",\"@id\":\"https:\/\/www.bimandco.com\/bim\/#website\",\"url\":\"https:\/\/www.bimandco.com\/bim\/\",\"name\":\"BIM&amp;CO\",\"description\":\"\",\"publisher\":{\"@id\":\"https:\/\/www.bimandco.com\/bim\/#organization\"},\"potentialAction\":[{\"@type\":\"SearchAction\",\"target\":{\"@type\":\"EntryPoint\",\"urlTemplate\":\"https:\/\/www.bimandco.com\/bim\/?s={search_term_string}\"},\"query-input\":{\"@type\":\"PropertyValueSpecification\",\"valueRequired\":true,\"valueName\":\"search_term_string\"}}],\"inLanguage\":\"fr-FR\"},{\"@type\":\"Organization\",\"@id\":\"https:\/\/www.bimandco.com\/bim\/#organization\",\"name\":\"BIM&amp;CO\",\"url\":\"https:\/\/www.bimandco.com\/bim\/\",\"logo\":{\"@type\":\"ImageObject\",\"inLanguage\":\"fr-FR\",\"@id\":\"https:\/\/www.bimandco.com\/bim\/#\/schema\/logo\/image\/\",\"url\":\"https:\/\/www.bimandco.com\/bim\/wp-content\/uploads\/2023\/03\/logo-bimandco-1.svg\",\"contentUrl\":\"https:\/\/www.bimandco.com\/bim\/wp-content\/uploads\/2023\/03\/logo-bimandco-1.svg\",\"width\":102,\"height\":50,\"caption\":\"BIM&amp;CO\"},\"image\":{\"@id\":\"https:\/\/www.bimandco.com\/bim\/#\/schema\/logo\/image\/\"}}]}<\/script>\n<!-- \/ Yoast SEO plugin. -->","yoast_head_json":{"title":"Recrutement - BIM&amp;CO","robots":{"index":"index","follow":"follow","max-snippet":"max-snippet:-1","max-image-preview":"max-image-preview:large","max-video-preview":"max-video-preview:-1"},"canonical":"https:\/\/www.bimandco.com\/bim\/fr\/recrutement\/","og_locale":"fr_FR","og_type":"article","og_title":"Recrutement - BIM&amp;CO","og_description":"BIM&amp;CO est une entreprise innovante qui r\u00e9volutionne la mani\u00e8re dont les entreprises, bureaux d'\u00e9tudes techniques et fabricants partagent et g\u00e8rent [&hellip;]","og_url":"https:\/\/www.bimandco.com\/bim\/fr\/recrutement\/","og_site_name":"BIM&amp;CO","article_modified_time":"2020-09-24T16:09:46+00:00","twitter_card":"summary_large_image","schema":{"@context":"https:\/\/schema.org","@graph":[{"@type":"WebPage","@id":"https:\/\/www.bimandco.com\/bim\/fr\/recrutement\/","url":"https:\/\/www.bimandco.com\/bim\/fr\/recrutement\/","name":"Recrutement - BIM&amp;CO","isPartOf":{"@id":"https:\/\/www.bimandco.com\/bim\/#website"},"datePublished":"2020-03-27T13:52:26+00:00","dateModified":"2020-09-24T16:09:46+00:00","breadcrumb":{"@id":"https:\/\/www.bimandco.com\/bim\/fr\/recrutement\/#breadcrumb"},"inLanguage":"fr-FR","potentialAction":[{"@type":"ReadAction","target":["https:\/\/www.bimandco.com\/bim\/fr\/recrutement\/"]}]},{"@type":"BreadcrumbList","@id":"https:\/\/www.bimandco.com\/bim\/fr\/recrutement\/#breadcrumb","itemListElement":[{"@type":"ListItem","position":1,"name":"Accueil","item":"https:\/\/www.bimandco.com\/bim\/fr\/"},{"@type":"ListItem","position":2,"name":"Recrutement"}]},{"@type":"WebSite","@id":"https:\/\/www.bimandco.com\/bim\/#website","url":"https:\/\/www.bimandco.com\/bim\/","name":"BIM&amp;CO","description":"","publisher":{"@id":"https:\/\/www.bimandco.com\/bim\/#organization"},"potentialAction":[{"@type":"SearchAction","target":{"@type":"EntryPoint","urlTemplate":"https:\/\/www.bimandco.com\/bim\/?s={search_term_string}"},"query-input":{"@type":"PropertyValueSpecification","valueRequired":true,"valueName":"search_term_string"}}],"inLanguage":"fr-FR"},{"@type":"Organization","@id":"https:\/\/www.bimandco.com\/bim\/#organization","name":"BIM&amp;CO","url":"https:\/\/www.bimandco.com\/bim\/","logo":{"@type":"ImageObject","inLanguage":"fr-FR","@id":"https:\/\/www.bimandco.com\/bim\/#\/schema\/logo\/image\/","url":"https:\/\/www.bimandco.com\/bim\/wp-content\/uploads\/2023\/03\/logo-bimandco-1.svg","contentUrl":"https:\/\/www.bimandco.com\/bim\/wp-content\/uploads\/2023\/03\/logo-bimandco-1.svg","width":102,"height":50,"caption":"BIM&amp;CO"},"image":{"@id":"https:\/\/www.bimandco.com\/bim\/#\/schema\/logo\/image\/"}}]}},"_links":{"self":[{"href":"https:\/\/www.bimandco.com\/bim\/wp-json\/wp\/v2\/pages\/871","targetHints":{"allow":["GET"]}}],"collection":[{"href":"https:\/\/www.bimandco.com\/bim\/wp-json\/wp\/v2\/pages"}],"about":[{"href":"https:\/\/www.bimandco.com\/bim\/wp-json\/wp\/v2\/types\/page"}],"author":[{"embeddable":true,"href":"https:\/\/www.bimandco.com\/bim\/wp-json\/wp\/v2\/users\/2"}],"replies":[{"embeddable":true,"href":"https:\/\/www.bimandco.com\/bim\/wp-json\/wp\/v2\/comments?post=871"}],"version-history":[{"count":13,"href":"https:\/\/www.bimandco.com\/bim\/wp-json\/wp\/v2\/pages\/871\/revisions"}],"predecessor-version":[{"id":10750,"href":"https:\/\/www.bimandco.com\/bim\/wp-json\/wp\/v2\/pages\/871\/revisions\/10750"}],"wp:attachment":[{"href":"https:\/\/www.bimandco.com\/bim\/wp-json\/wp\/v2\/media?parent=871"}],"curies":[{"name":"wp","href":"https:\/\/api.w.org\/{rel}","templated":true}]}}