{"id":49015,"date":"2025-03-27T11:01:15","date_gmt":"2025-03-27T10:01:15","guid":{"rendered":"https:\/\/preprod.bimandco.com\/bim\/?page_id=49015"},"modified":"2025-03-27T11:06:51","modified_gmt":"2025-03-27T10:06:51","slug":"white-papers-for-manufacturers","status":"publish","type":"page","link":"https:\/\/www.bimandco.com\/bim\/white-books\/white-papers-for-manufacturers\/","title":{"rendered":"White papers for manufacturers"},"content":{"rendered":"\t\t<div data-elementor-type=\"wp-page\" data-elementor-id=\"49015\" class=\"elementor elementor-49015\" data-elementor-post-type=\"page\">\n\t\t\t\t<div class=\"elementor-element elementor-element-7461e0c5 e-flex e-con-boxed e-con e-parent\" data-id=\"7461e0c5\" data-element_type=\"container\">\n\t\t\t\t\t<div class=\"e-con-inner\">\n\t\t\t\t<div class=\"elementor-element elementor-element-1de348f1 elementor-widget__width-initial elementor-widget elementor-widget-text-editor\" data-id=\"1de348f1\" data-element_type=\"widget\" data-widget_type=\"text-editor.default\">\n\t\t\t\t<div class=\"elementor-widget-container\">\n\t\t\t\t\t\t\t\t\t<p>insights, strategies, and best practices to help you digitize your product catalog and stand out in the BIM ecosystem.<\/p><p><!-- \/wp:paragraph --><\/p>\t\t\t\t\t\t\t\t<\/div>\n\t\t\t\t<\/div>\n\t\t\t\t<div class=\"elementor-element elementor-element-6cd3339 elementor-widget elementor-widget-spacer\" data-id=\"6cd3339\" data-element_type=\"widget\" data-widget_type=\"spacer.default\">\n\t\t\t\t<div class=\"elementor-widget-container\">\n\t\t\t\t\t\t\t<div class=\"elementor-spacer\">\n\t\t\t<div class=\"elementor-spacer-inner\"><\/div>\n\t\t<\/div>\n\t\t\t\t\t\t<\/div>\n\t\t\t\t<\/div>\n\t\t\t\t\t<\/div>\n\t\t\t\t<\/div>\n\t\t<div class=\"elementor-element elementor-element-7cb7b3e e-flex e-con-boxed e-con e-parent\" data-id=\"7cb7b3e\" data-element_type=\"container\">\n\t\t\t\t\t<div class=\"e-con-inner\">\n\t\t<div class=\"elementor-element elementor-element-4a7de84 e-con-full e-flex e-con e-child\" data-id=\"4a7de84\" data-element_type=\"container\">\n\t\t\t\t<div class=\"elementor-element elementor-element-ceda295 elementor-widget elementor-widget-spacer\" data-id=\"ceda295\" data-element_type=\"widget\" data-widget_type=\"spacer.default\">\n\t\t\t\t<div class=\"elementor-widget-container\">\n\t\t\t\t\t\t\t<div class=\"elementor-spacer\">\n\t\t\t<div class=\"elementor-spacer-inner\"><\/div>\n\t\t<\/div>\n\t\t\t\t\t\t<\/div>\n\t\t\t\t<\/div>\n\t\t\t\t<div class=\"elementor-element elementor-element-6ca5637 elementor-grid-3 elementor-grid-tablet-2 elementor-grid-mobile-1 elementor-widget elementor-widget-loop-grid\" data-id=\"6ca5637\" data-element_type=\"widget\" data-settings=\"{&quot;template_id&quot;:&quot;47799&quot;,&quot;pagination_type&quot;:&quot;numbers&quot;,&quot;_skin&quot;:&quot;post&quot;,&quot;columns&quot;:&quot;3&quot;,&quot;columns_tablet&quot;:&quot;2&quot;,&quot;columns_mobile&quot;:&quot;1&quot;,&quot;edit_handle_selector&quot;:&quot;[data-elementor-type=\\&quot;loop-item\\&quot;]&quot;,&quot;pagination_load_type&quot;:&quot;page_reload&quot;,&quot;row_gap&quot;:{&quot;unit&quot;:&quot;px&quot;,&quot;size&quot;:&quot;&quot;,&quot;sizes&quot;:[]},&quot;row_gap_tablet&quot;:{&quot;unit&quot;:&quot;px&quot;,&quot;size&quot;:&quot;&quot;,&quot;sizes&quot;:[]},&quot;row_gap_mobile&quot;:{&quot;unit&quot;:&quot;px&quot;,&quot;size&quot;:&quot;&quot;,&quot;sizes&quot;:[]}}\" data-widget_type=\"loop-grid.post\">\n\t\t\t\t<div class=\"elementor-widget-container\">\n\t\t\t\t\t\t\t<div class=\"elementor-loop-container elementor-grid\" role=\"list\">\n\t\t<style id=\"loop-47799\">.elementor-47799 .elementor-element.elementor-element-28d942ef{--display:flex;--min-height:0px;--flex-direction:column;--container-widget-width:calc( ( 1 - var( --container-widget-flex-grow ) ) * 100% );--container-widget-height:initial;--container-widget-flex-grow:0;--container-widget-align-self:initial;--flex-wrap-mobile:wrap;--justify-content:flex-start;--align-items:flex-start;--gap:0px 0px;--row-gap:0px;--column-gap:0px;--flex-wrap:nowrap;--overflow:hidden;--border-radius:8px 8px 8px 8px;box-shadow:0px 0px 10px -2px rgba(0,0,0,0.5);--margin-top:0px;--margin-bottom:0px;--margin-left:0px;--margin-right:0px;--padding-top:0px;--padding-bottom:0px;--padding-left:0px;--padding-right:0px;}.elementor-47799 .elementor-element.elementor-element-28d942ef.e-con{--align-self:flex-start;}.elementor-widget-theme-post-featured-image .widget-image-caption{color:var( --e-global-color-text );font-family:var( --e-global-typography-text-font-family ), Sans-serif;font-weight:var( --e-global-typography-text-font-weight );}.elementor-47799 .elementor-element.elementor-element-155a33d{width:100%;max-width:100%;}.elementor-47799 .elementor-element.elementor-element-155a33d > .elementor-widget-container{margin:0px 0px 0px 0px;padding:0px 0px 0px 0px;}.elementor-47799 .elementor-element.elementor-element-155a33d.elementor-element{--order:-99999 \/* order start hack *\/;}.elementor-47799 .elementor-element.elementor-element-155a33d img{width:358%;height:273px;object-fit:cover;object-position:center center;opacity:1;border-style:none;border-radius:8px 8px 8px 8px;box-shadow:0px 0px 0px 0px rgba(0,0,0,0.5);}.elementor-widget-theme-post-title .elementor-heading-title{font-family:var( --e-global-typography-primary-font-family ), Sans-serif;font-weight:var( --e-global-typography-primary-font-weight );color:var( --e-global-color-primary );}.elementor-47799 .elementor-element.elementor-element-c58d38a > .elementor-widget-container{margin:14px 16px 0px 16px;padding:6px 6px 0px 6px;}.elementor-47799 .elementor-element.elementor-element-c58d38a.elementor-element{--align-self:flex-start;--order:-99999 \/* order start hack *\/;--flex-grow:1;--flex-shrink:0;}.elementor-47799 .elementor-element.elementor-element-c58d38a{text-align:left;}.elementor-47799 .elementor-element.elementor-element-c58d38a .elementor-heading-title{font-family:\"Titillium Web\", Sans-serif;font-size:24px;font-weight:600;line-height:2rem;color:#273681;}.elementor-widget-theme-post-excerpt .elementor-widget-container{font-family:var( --e-global-typography-text-font-family ), Sans-serif;font-weight:var( --e-global-typography-text-font-weight );color:var( --e-global-color-text );}.elementor-47799 .elementor-element.elementor-element-dd14bf9 > .elementor-widget-container{margin:0px 16px 3px 16px;padding:7px 6px 6px 6px;}.elementor-47799 .elementor-element.elementor-element-dd14bf9.elementor-element{--flex-grow:4;--flex-shrink:0;}.elementor-47799 .elementor-element.elementor-element-dd14bf9 .elementor-widget-container{text-align:justify;font-family:\"Titillium Web\", Sans-serif;font-size:16px;font-weight:400;color:#878FB9;}@media(min-width:768px){.elementor-47799 .elementor-element.elementor-element-28d942ef{--content-width:100%;}}\/* Start custom CSS for theme-post-featured-image, class: .elementor-element-155a33d *\/.elementor-47799 .elementor-element.elementor-element-155a33d {\n  position: relative;\n}\n\n.elementor-47799 .elementor-element.elementor-element-155a33d::after {\n  content: '';\n  position: absolute;\n  left: 0;\n  bottom: 0;\n  width: 100%;\n  height: 50%; \/* Ajuste cette valeur pour la hauteur du d\u00e9grad\u00e9 *\/\n  background: linear-gradient(to top, rgba(0,0,0,0.3), transparent);\n  pointer-events: none;\n}\/* End custom CSS *\/<\/style>\t\t<div data-elementor-type=\"loop-item\" data-elementor-id=\"47799\" class=\"elementor elementor-47799 e-loop-item e-loop-item-50254 post-50254 post type-post status-publish format-standard has-post-thumbnail hentry category-fab category-livre-blanc\" data-elementor-post-type=\"elementor_library\" data-custom-edit-handle=\"1\">\n\t\t\t<a class=\"elementor-element elementor-element-28d942ef e-flex e-con-boxed e-con e-parent\" data-id=\"28d942ef\" data-element_type=\"container\" data-settings=\"{&quot;background_background&quot;:&quot;gradient&quot;}\" href=\"https:\/\/crm.bimandco.com\/certification-des-donn%C3%A9es-produits-dans-le-secteur-cvc\" target=\"_blank\">\n\t\t\t\t\t<div class=\"e-con-inner\">\n\t\t\t\t<div class=\"elementor-element elementor-element-155a33d elementor-widget__width-inherit elementor-widget elementor-widget-theme-post-featured-image elementor-widget-image\" data-id=\"155a33d\" data-element_type=\"widget\" data-widget_type=\"theme-post-featured-image.default\">\n\t\t\t\t<div class=\"elementor-widget-container\">\n\t\t\t\t\t\t\t\t\t\t\t\t\t\t\t<img fetchpriority=\"high\" decoding=\"async\" width=\"1024\" height=\"1024\" src=\"https:\/\/www.bimandco.com\/bim\/wp-content\/uploads\/2025\/06\/ChatGPT-Image-17-juin-2025-10_59_26.png\" class=\"attachment-full size-full wp-image-50196\" alt=\"data, certification, prodbim, eurovent, BIM&amp;CO, content catalog, manufacturer, BIM\" srcset=\"https:\/\/www.bimandco.com\/bim\/wp-content\/uploads\/2025\/06\/ChatGPT-Image-17-juin-2025-10_59_26.png 1024w, https:\/\/www.bimandco.com\/bim\/wp-content\/uploads\/2025\/06\/ChatGPT-Image-17-juin-2025-10_59_26-300x300.png 300w, https:\/\/www.bimandco.com\/bim\/wp-content\/uploads\/2025\/06\/ChatGPT-Image-17-juin-2025-10_59_26-150x150.png 150w, https:\/\/www.bimandco.com\/bim\/wp-content\/uploads\/2025\/06\/ChatGPT-Image-17-juin-2025-10_59_26-768x768.png 768w\" sizes=\"(max-width: 1024px) 100vw, 1024px\" \/>\t\t\t\t\t\t\t\t\t\t\t\t\t\t\t<\/div>\n\t\t\t\t<\/div>\n\t\t\t\t<div class=\"elementor-element elementor-element-c58d38a elementor-widget elementor-widget-theme-post-title elementor-page-title elementor-widget-heading\" data-id=\"c58d38a\" data-element_type=\"widget\" data-widget_type=\"theme-post-title.default\">\n\t\t\t\t<div class=\"elementor-widget-container\">\n\t\t\t\t\t<h1 class=\"elementor-heading-title elementor-size-default\">Certification des donn\u00e9es produits dans le secteur du CVC<\/h1>\t\t\t\t<\/div>\n\t\t\t\t<\/div>\n\t\t\t\t<div class=\"elementor-element elementor-element-dd14bf9 elementor-widget elementor-widget-theme-post-excerpt\" data-id=\"dd14bf9\" data-element_type=\"widget\" data-widget_type=\"theme-post-excerpt.default\">\n\t\t\t\t<div class=\"elementor-widget-container\">\n\t\t\t\t\t<p>Le r\u00f4le d\u2019Eurovent Certification et de ProdBIM dans la validation et la gestion des donn\u00e9es certifi\u00e9es. Ce livre blanc, cr\u00e9\u00e9 [\u2026]\t\t\t\t<\/div>\n\t\t\t\t<\/div>\n\t\t\t\t\t<\/div>\n\t\t\t\t<\/a>\n\t\t\t\t<\/div>\n\t\t\t\t<div data-elementor-type=\"loop-item\" data-elementor-id=\"47799\" class=\"elementor elementor-47799 e-loop-item e-loop-item-47560 post-47560 post type-post status-publish format-standard has-post-thumbnail hentry category-fab category-livre-blanc\" data-elementor-post-type=\"elementor_library\" data-custom-edit-handle=\"1\">\n\t\t\t<a class=\"elementor-element elementor-element-28d942ef e-flex e-con-boxed e-con e-parent\" data-id=\"28d942ef\" data-element_type=\"container\" data-settings=\"{&quot;background_background&quot;:&quot;gradient&quot;}\" href=\"https:\/\/crm.bimandco.com\/fr\/fr\/dictionnairededonnees\" target=\"_blank\">\n\t\t\t\t\t<div class=\"e-con-inner\">\n\t\t\t\t<div class=\"elementor-element elementor-element-155a33d elementor-widget__width-inherit elementor-widget elementor-widget-theme-post-featured-image elementor-widget-image\" data-id=\"155a33d\" data-element_type=\"widget\" data-widget_type=\"theme-post-featured-image.default\">\n\t\t\t\t<div class=\"elementor-widget-container\">\n\t\t\t\t\t\t\t\t\t\t\t\t\t\t\t<img decoding=\"async\" width=\"719\" height=\"566\" src=\"https:\/\/www.bimandco.com\/bim\/wp-content\/uploads\/2025\/03\/MicrosoftTeams-image-1.png\" class=\"attachment-full size-full wp-image-47525\" alt=\"\" srcset=\"https:\/\/www.bimandco.com\/bim\/wp-content\/uploads\/2025\/03\/MicrosoftTeams-image-1.png 719w, https:\/\/www.bimandco.com\/bim\/wp-content\/uploads\/2025\/03\/MicrosoftTeams-image-1-300x236.png 300w, https:\/\/www.bimandco.com\/bim\/wp-content\/uploads\/2025\/03\/MicrosoftTeams-image-1-150x118.png 150w\" sizes=\"(max-width: 719px) 100vw, 719px\" \/>\t\t\t\t\t\t\t\t\t\t\t\t\t\t\t<\/div>\n\t\t\t\t<\/div>\n\t\t\t\t<div class=\"elementor-element elementor-element-c58d38a elementor-widget elementor-widget-theme-post-title elementor-page-title elementor-widget-heading\" data-id=\"c58d38a\" data-element_type=\"widget\" data-widget_type=\"theme-post-title.default\">\n\t\t\t\t<div class=\"elementor-widget-container\">\n\t\t\t\t\t<h1 class=\"elementor-heading-title elementor-size-default\">Les dictionnaires de donn\u00e9es : Ressource essentielle pour l\u2019\u00e9cosyst\u00e8me de la construction<\/h1>\t\t\t\t<\/div>\n\t\t\t\t<\/div>\n\t\t\t\t<div class=\"elementor-element elementor-element-dd14bf9 elementor-widget elementor-widget-theme-post-excerpt\" data-id=\"dd14bf9\" data-element_type=\"widget\" data-widget_type=\"theme-post-excerpt.default\">\n\t\t\t\t<div class=\"elementor-widget-container\">\n\t\t\t\t\t<p>Ce livre blanc souligne l\u2019importance des dictionnaires de donn\u00e9es dans le secteur de la construction. En structurant et normalisant les [\u2026]\t\t\t\t<\/div>\n\t\t\t\t<\/div>\n\t\t\t\t\t<\/div>\n\t\t\t\t<\/a>\n\t\t\t\t<\/div>\n\t\t\t\t<div data-elementor-type=\"loop-item\" data-elementor-id=\"47799\" class=\"elementor elementor-47799 e-loop-item e-loop-item-47557 post-47557 post type-post status-publish format-standard has-post-thumbnail hentry category-fab category-livre-blanc\" data-elementor-post-type=\"elementor_library\" data-custom-edit-handle=\"1\">\n\t\t\t<a class=\"elementor-element elementor-element-28d942ef e-flex e-con-boxed e-con e-parent\" data-id=\"28d942ef\" data-element_type=\"container\" data-settings=\"{&quot;background_background&quot;:&quot;gradient&quot;}\" href=\"https:\/\/crm.bimandco.com\/fr\/le-mod%C3%A8le-etim-et-onfab-chez-bimco?utm_source=bimandco&#038;utm_medium=ressources-whitebook&#038;utm_campaign=wb-modele-etim-onfab-31052024&#038;utm_content=link\" target=\"_blank\">\n\t\t\t\t\t<div class=\"e-con-inner\">\n\t\t\t\t<div class=\"elementor-element elementor-element-155a33d elementor-widget__width-inherit elementor-widget elementor-widget-theme-post-featured-image elementor-widget-image\" data-id=\"155a33d\" data-element_type=\"widget\" data-widget_type=\"theme-post-featured-image.default\">\n\t\t\t\t<div class=\"elementor-widget-container\">\n\t\t\t\t\t\t\t\t\t\t\t\t\t\t\t<img decoding=\"async\" width=\"1920\" height=\"1080\" src=\"https:\/\/www.bimandco.com\/bim\/wp-content\/uploads\/2025\/03\/Comment-ETIM-et-Onfab-Facilitent-lIntegration-des-Donnees-pour-les-Fabricants-de-la-Construction.-2.png\" class=\"attachment-full size-full wp-image-47558\" alt=\"\" srcset=\"https:\/\/www.bimandco.com\/bim\/wp-content\/uploads\/2025\/03\/Comment-ETIM-et-Onfab-Facilitent-lIntegration-des-Donnees-pour-les-Fabricants-de-la-Construction.-2.png 1920w, https:\/\/www.bimandco.com\/bim\/wp-content\/uploads\/2025\/03\/Comment-ETIM-et-Onfab-Facilitent-lIntegration-des-Donnees-pour-les-Fabricants-de-la-Construction.-2-300x169.png 300w, https:\/\/www.bimandco.com\/bim\/wp-content\/uploads\/2025\/03\/Comment-ETIM-et-Onfab-Facilitent-lIntegration-des-Donnees-pour-les-Fabricants-de-la-Construction.-2-1024x576.png 1024w, https:\/\/www.bimandco.com\/bim\/wp-content\/uploads\/2025\/03\/Comment-ETIM-et-Onfab-Facilitent-lIntegration-des-Donnees-pour-les-Fabricants-de-la-Construction.-2-150x84.png 150w, https:\/\/www.bimandco.com\/bim\/wp-content\/uploads\/2025\/03\/Comment-ETIM-et-Onfab-Facilitent-lIntegration-des-Donnees-pour-les-Fabricants-de-la-Construction.-2-768x432.png 768w, https:\/\/www.bimandco.com\/bim\/wp-content\/uploads\/2025\/03\/Comment-ETIM-et-Onfab-Facilitent-lIntegration-des-Donnees-pour-les-Fabricants-de-la-Construction.-2-1536x864.png 1536w\" sizes=\"(max-width: 1920px) 100vw, 1920px\" \/>\t\t\t\t\t\t\t\t\t\t\t\t\t\t\t<\/div>\n\t\t\t\t<\/div>\n\t\t\t\t<div class=\"elementor-element elementor-element-c58d38a elementor-widget elementor-widget-theme-post-title elementor-page-title elementor-widget-heading\" data-id=\"c58d38a\" data-element_type=\"widget\" data-widget_type=\"theme-post-title.default\">\n\t\t\t\t<div class=\"elementor-widget-container\">\n\t\t\t\t\t<h1 class=\"elementor-heading-title elementor-size-default\">Le mod\u00e8le ETIM et Onfab<\/h1>\t\t\t\t<\/div>\n\t\t\t\t<\/div>\n\t\t\t\t<div class=\"elementor-element elementor-element-dd14bf9 elementor-widget elementor-widget-theme-post-excerpt\" data-id=\"dd14bf9\" data-element_type=\"widget\" data-widget_type=\"theme-post-excerpt.default\">\n\t\t\t\t<div class=\"elementor-widget-container\">\n\t\t\t\t\t<p>Le mod\u00e8le ETIM (Electrical Technical Information Model) est un syst\u00e8me de classification et de caract\u00e9risation des produits. Ce mod\u00e8le standardise [\u2026]\t\t\t\t<\/div>\n\t\t\t\t<\/div>\n\t\t\t\t\t<\/div>\n\t\t\t\t<\/a>\n\t\t\t\t<\/div>\n\t\t\t\t<div data-elementor-type=\"loop-item\" data-elementor-id=\"47799\" class=\"elementor elementor-47799 e-loop-item e-loop-item-47534 post-47534 post type-post status-publish format-standard has-post-thumbnail hentry category-fab category-livre-blanc\" data-elementor-post-type=\"elementor_library\" data-custom-edit-handle=\"1\">\n\t\t\t<a class=\"elementor-element elementor-element-28d942ef e-flex e-con-boxed e-con e-parent\" data-id=\"28d942ef\" data-element_type=\"container\" data-settings=\"{&quot;background_background&quot;:&quot;gradient&quot;}\" href=\"https:\/\/crm.bimandco.com\/fr\/whitebook-building-smart?utm_source=bimandco&#038;utm_medium=ressources-whitebook&#038;utm_campaign=onfly-fr&#038;utm_content=link\" target=\"_blank\">\n\t\t\t\t\t<div class=\"e-con-inner\">\n\t\t\t\t<div class=\"elementor-element elementor-element-155a33d elementor-widget__width-inherit elementor-widget elementor-widget-theme-post-featured-image elementor-widget-image\" data-id=\"155a33d\" data-element_type=\"widget\" data-widget_type=\"theme-post-featured-image.default\">\n\t\t\t\t<div class=\"elementor-widget-container\">\n\t\t\t\t\t\t\t\t\t\t\t\t\t\t\t<img loading=\"lazy\" decoding=\"async\" width=\"768\" height=\"496\" src=\"https:\/\/www.bimandco.com\/bim\/wp-content\/uploads\/2025\/03\/bookbs2-illus-768x496-1.jpg\" class=\"attachment-full size-full wp-image-47535\" alt=\"\" \/>\t\t\t\t\t\t\t\t\t\t\t\t\t\t\t<\/div>\n\t\t\t\t<\/div>\n\t\t\t\t<div class=\"elementor-element elementor-element-c58d38a elementor-widget elementor-widget-theme-post-title elementor-page-title elementor-widget-heading\" data-id=\"c58d38a\" data-element_type=\"widget\" data-widget_type=\"theme-post-title.default\">\n\t\t\t\t<div class=\"elementor-widget-container\">\n\t\t\t\t\t<h1 class=\"elementor-heading-title elementor-size-default\">Les objets BIM du b\u00e2timent, de la conception \u00e0 l&rsquo;exploitation.<\/h1>\t\t\t\t<\/div>\n\t\t\t\t<\/div>\n\t\t\t\t<div class=\"elementor-element elementor-element-dd14bf9 elementor-widget elementor-widget-theme-post-excerpt\" data-id=\"dd14bf9\" data-element_type=\"widget\" data-widget_type=\"theme-post-excerpt.default\">\n\t\t\t\t<div class=\"elementor-widget-container\">\n\t\t\t\t\t<p>Pour vous accompagner dans la cr\u00e9ation de mod\u00e8les d\u2019objets num\u00e9riques, nous vous proposons ce document con\u00e7u en partenariat avec BuildingSmart [\u2026]\t\t\t\t<\/div>\n\t\t\t\t<\/div>\n\t\t\t\t\t<\/div>\n\t\t\t\t<\/a>\n\t\t\t\t<\/div>\n\t\t\t\t<\/div>\n\t\t\n\t\t\t\t\t\t<\/div>\n\t\t\t\t<\/div>\n\t\t\t\t<\/div>\n\t\t\t\t\t<\/div>\n\t\t\t\t<\/div>\n\t\t\t\t<\/div>\n\t\t","protected":false},"excerpt":{"rendered":"<p>insights, strategies, and best practices to help you digitize your product catalog and stand out in the BIM ecosystem.<\/p>\n","protected":false},"author":17,"featured_media":0,"parent":49006,"menu_order":0,"comment_status":"closed","ping_status":"closed","template":"","meta":{"_acf_changed":false,"content-type":"","footnotes":""},"class_list":["post-49015","page","type-page","status-publish","hentry"],"acf":[],"yoast_head":"<!-- This site is optimized with the Yoast SEO plugin v26.0 - https:\/\/yoast.com\/wordpress\/plugins\/seo\/ -->\n<title>White papers for manufacturers - BIM&amp;CO<\/title>\n<meta name=\"robots\" content=\"index, follow, max-snippet:-1, max-image-preview:large, max-video-preview:-1\" \/>\n<link rel=\"canonical\" href=\"https:\/\/www.bimandco.com\/bim\/white-books\/white-papers-for-manufacturers\/\" \/>\n<meta property=\"og:locale\" content=\"fr_FR\" \/>\n<meta property=\"og:type\" content=\"article\" \/>\n<meta property=\"og:title\" content=\"White papers for manufacturers - BIM&amp;CO\" \/>\n<meta property=\"og:description\" content=\"insights, strategies, and best practices to help you digitize your product catalog and stand out in the BIM ecosystem.\" \/>\n<meta property=\"og:url\" content=\"https:\/\/www.bimandco.com\/bim\/white-books\/white-papers-for-manufacturers\/\" \/>\n<meta property=\"og:site_name\" content=\"BIM&amp;CO\" \/>\n<meta property=\"article:modified_time\" content=\"2025-03-27T10:06:51+00:00\" \/>\n<meta name=\"twitter:card\" content=\"summary_large_image\" \/>\n<script type=\"application\/ld+json\" class=\"yoast-schema-graph\">{\"@context\":\"https:\/\/schema.org\",\"@graph\":[{\"@type\":\"WebPage\",\"@id\":\"https:\/\/www.bimandco.com\/bim\/white-books\/white-papers-for-manufacturers\/\",\"url\":\"https:\/\/www.bimandco.com\/bim\/white-books\/white-papers-for-manufacturers\/\",\"name\":\"White papers for manufacturers - BIM&amp;CO\",\"isPartOf\":{\"@id\":\"https:\/\/www.bimandco.com\/bim\/#website\"},\"datePublished\":\"2025-03-27T10:01:15+00:00\",\"dateModified\":\"2025-03-27T10:06:51+00:00\",\"breadcrumb\":{\"@id\":\"https:\/\/www.bimandco.com\/bim\/white-books\/white-papers-for-manufacturers\/#breadcrumb\"},\"inLanguage\":\"fr-FR\",\"potentialAction\":[{\"@type\":\"ReadAction\",\"target\":[\"https:\/\/www.bimandco.com\/bim\/white-books\/white-papers-for-manufacturers\/\"]}]},{\"@type\":\"BreadcrumbList\",\"@id\":\"https:\/\/www.bimandco.com\/bim\/white-books\/white-papers-for-manufacturers\/#breadcrumb\",\"itemListElement\":[{\"@type\":\"ListItem\",\"position\":1,\"name\":\"Accueil\",\"item\":\"https:\/\/www.bimandco.com\/bim\/fr\/\"},{\"@type\":\"ListItem\",\"position\":2,\"name\":\"White Books\",\"item\":\"https:\/\/www.bimandco.com\/bim\/en\/white-books\/\"},{\"@type\":\"ListItem\",\"position\":3,\"name\":\"White papers for manufacturers\"}]},{\"@type\":\"WebSite\",\"@id\":\"https:\/\/www.bimandco.com\/bim\/#website\",\"url\":\"https:\/\/www.bimandco.com\/bim\/\",\"name\":\"BIM&amp;CO\",\"description\":\"\",\"publisher\":{\"@id\":\"https:\/\/www.bimandco.com\/bim\/#organization\"},\"potentialAction\":[{\"@type\":\"SearchAction\",\"target\":{\"@type\":\"EntryPoint\",\"urlTemplate\":\"https:\/\/www.bimandco.com\/bim\/?s={search_term_string}\"},\"query-input\":{\"@type\":\"PropertyValueSpecification\",\"valueRequired\":true,\"valueName\":\"search_term_string\"}}],\"inLanguage\":\"fr-FR\"},{\"@type\":\"Organization\",\"@id\":\"https:\/\/www.bimandco.com\/bim\/#organization\",\"name\":\"BIM&amp;CO\",\"url\":\"https:\/\/www.bimandco.com\/bim\/\",\"logo\":{\"@type\":\"ImageObject\",\"inLanguage\":\"fr-FR\",\"@id\":\"https:\/\/www.bimandco.com\/bim\/#\/schema\/logo\/image\/\",\"url\":\"https:\/\/www.bimandco.com\/bim\/wp-content\/uploads\/2023\/03\/logo-bimandco-1.svg\",\"contentUrl\":\"https:\/\/www.bimandco.com\/bim\/wp-content\/uploads\/2023\/03\/logo-bimandco-1.svg\",\"width\":102,\"height\":50,\"caption\":\"BIM&amp;CO\"},\"image\":{\"@id\":\"https:\/\/www.bimandco.com\/bim\/#\/schema\/logo\/image\/\"}}]}<\/script>\n<!-- \/ Yoast SEO plugin. -->","yoast_head_json":{"title":"White papers for manufacturers - BIM&amp;CO","robots":{"index":"index","follow":"follow","max-snippet":"max-snippet:-1","max-image-preview":"max-image-preview:large","max-video-preview":"max-video-preview:-1"},"canonical":"https:\/\/www.bimandco.com\/bim\/white-books\/white-papers-for-manufacturers\/","og_locale":"fr_FR","og_type":"article","og_title":"White papers for manufacturers - BIM&amp;CO","og_description":"insights, strategies, and best practices to help you digitize your product catalog and stand out in the BIM ecosystem.","og_url":"https:\/\/www.bimandco.com\/bim\/white-books\/white-papers-for-manufacturers\/","og_site_name":"BIM&amp;CO","article_modified_time":"2025-03-27T10:06:51+00:00","twitter_card":"summary_large_image","schema":{"@context":"https:\/\/schema.org","@graph":[{"@type":"WebPage","@id":"https:\/\/www.bimandco.com\/bim\/white-books\/white-papers-for-manufacturers\/","url":"https:\/\/www.bimandco.com\/bim\/white-books\/white-papers-for-manufacturers\/","name":"White papers for manufacturers - BIM&amp;CO","isPartOf":{"@id":"https:\/\/www.bimandco.com\/bim\/#website"},"datePublished":"2025-03-27T10:01:15+00:00","dateModified":"2025-03-27T10:06:51+00:00","breadcrumb":{"@id":"https:\/\/www.bimandco.com\/bim\/white-books\/white-papers-for-manufacturers\/#breadcrumb"},"inLanguage":"fr-FR","potentialAction":[{"@type":"ReadAction","target":["https:\/\/www.bimandco.com\/bim\/white-books\/white-papers-for-manufacturers\/"]}]},{"@type":"BreadcrumbList","@id":"https:\/\/www.bimandco.com\/bim\/white-books\/white-papers-for-manufacturers\/#breadcrumb","itemListElement":[{"@type":"ListItem","position":1,"name":"Accueil","item":"https:\/\/www.bimandco.com\/bim\/fr\/"},{"@type":"ListItem","position":2,"name":"White Books","item":"https:\/\/www.bimandco.com\/bim\/en\/white-books\/"},{"@type":"ListItem","position":3,"name":"White papers for manufacturers"}]},{"@type":"WebSite","@id":"https:\/\/www.bimandco.com\/bim\/#website","url":"https:\/\/www.bimandco.com\/bim\/","name":"BIM&amp;CO","description":"","publisher":{"@id":"https:\/\/www.bimandco.com\/bim\/#organization"},"potentialAction":[{"@type":"SearchAction","target":{"@type":"EntryPoint","urlTemplate":"https:\/\/www.bimandco.com\/bim\/?s={search_term_string}"},"query-input":{"@type":"PropertyValueSpecification","valueRequired":true,"valueName":"search_term_string"}}],"inLanguage":"fr-FR"},{"@type":"Organization","@id":"https:\/\/www.bimandco.com\/bim\/#organization","name":"BIM&amp;CO","url":"https:\/\/www.bimandco.com\/bim\/","logo":{"@type":"ImageObject","inLanguage":"fr-FR","@id":"https:\/\/www.bimandco.com\/bim\/#\/schema\/logo\/image\/","url":"https:\/\/www.bimandco.com\/bim\/wp-content\/uploads\/2023\/03\/logo-bimandco-1.svg","contentUrl":"https:\/\/www.bimandco.com\/bim\/wp-content\/uploads\/2023\/03\/logo-bimandco-1.svg","width":102,"height":50,"caption":"BIM&amp;CO"},"image":{"@id":"https:\/\/www.bimandco.com\/bim\/#\/schema\/logo\/image\/"}}]}},"_links":{"self":[{"href":"https:\/\/www.bimandco.com\/bim\/wp-json\/wp\/v2\/pages\/49015","targetHints":{"allow":["GET"]}}],"collection":[{"href":"https:\/\/www.bimandco.com\/bim\/wp-json\/wp\/v2\/pages"}],"about":[{"href":"https:\/\/www.bimandco.com\/bim\/wp-json\/wp\/v2\/types\/page"}],"author":[{"embeddable":true,"href":"https:\/\/www.bimandco.com\/bim\/wp-json\/wp\/v2\/users\/17"}],"replies":[{"embeddable":true,"href":"https:\/\/www.bimandco.com\/bim\/wp-json\/wp\/v2\/comments?post=49015"}],"version-history":[{"count":4,"href":"https:\/\/www.bimandco.com\/bim\/wp-json\/wp\/v2\/pages\/49015\/revisions"}],"predecessor-version":[{"id":49024,"href":"https:\/\/www.bimandco.com\/bim\/wp-json\/wp\/v2\/pages\/49015\/revisions\/49024"}],"up":[{"embeddable":true,"href":"https:\/\/www.bimandco.com\/bim\/wp-json\/wp\/v2\/pages\/49006"}],"wp:attachment":[{"href":"https:\/\/www.bimandco.com\/bim\/wp-json\/wp\/v2\/media?parent=49015"}],"curies":[{"name":"wp","href":"https:\/\/api.w.org\/{rel}","templated":true}]}}