{"id":3845,"date":"2020-06-05T08:15:27","date_gmt":"2020-06-05T06:15:27","guid":{"rendered":"https:\/\/www.bimandco.com\/bim\/?page_id=3845"},"modified":"2024-07-04T14:21:00","modified_gmt":"2024-07-04T12:21:00","slug":"contactenos","status":"publish","type":"page","link":"https:\/\/www.bimandco.com\/bim\/es\/contactenos\/","title":{"rendered":"Cont\u00e1ctenos"},"content":{"rendered":"<div id=\"pl-gb3845-69d3998170db5\"  class=\"panel-layout\" ><div id=\"pg-gb3845-69d3998170db5-0\"  class=\"panel-grid panel-has-style\" ><div class=\"page-section container panel-row-style panel-row-style-for-gb3845-69d3998170db5-0\" id=\"section-contact01\" ><div id=\"pgc-gb3845-69d3998170db5-0-0\"  class=\"panel-grid-cell\" ><div id=\"panel-gb3845-69d3998170db5-0-0-0\" class=\"so-panel widget widget_media_image panel-first-child\" data-index=\"0\" ><div class=\"no-visuel-mobile panel-widget-style panel-widget-style-for-gb3845-69d3998170db5-0-0-0\" ><img fetchpriority=\"high\" decoding=\"async\" width=\"1500\" height=\"654\" src=\"https:\/\/www.bimandco.com\/bim\/wp-content\/uploads\/2020\/06\/contact-2560x1117-2-1536x670.jpg\" class=\"image wp-image-3945  attachment-1500x654 size-1500x654\" alt=\"\" style=\"max-width: 100%; height: auto;\" srcset=\"https:\/\/www.bimandco.com\/bim\/wp-content\/uploads\/2020\/06\/contact-2560x1117-2-1536x670.jpg 1536w, https:\/\/www.bimandco.com\/bim\/wp-content\/uploads\/2020\/06\/contact-2560x1117-2-300x131.jpg 300w, https:\/\/www.bimandco.com\/bim\/wp-content\/uploads\/2020\/06\/contact-2560x1117-2-1024x447.jpg 1024w, https:\/\/www.bimandco.com\/bim\/wp-content\/uploads\/2020\/06\/contact-2560x1117-2-150x65.jpg 150w, https:\/\/www.bimandco.com\/bim\/wp-content\/uploads\/2020\/06\/contact-2560x1117-2-768x335.jpg 768w, https:\/\/www.bimandco.com\/bim\/wp-content\/uploads\/2020\/06\/contact-2560x1117-2-2048x894.jpg 2048w\" sizes=\"(max-width: 1500px) 100vw, 1500px\" \/><\/div><\/div><div id=\"panel-gb3845-69d3998170db5-0-0-1\" class=\"so-panel widget widget_media_image\" data-index=\"1\" ><div class=\"visuel-mobile panel-widget-style panel-widget-style-for-gb3845-69d3998170db5-0-0-1\" ><img decoding=\"async\" width=\"640\" height=\"746\" src=\"https:\/\/www.bimandco.com\/bim\/wp-content\/uploads\/2020\/06\/contact-878x1024-2-768x896.jpg\" class=\"image wp-image-3944  attachment-640x746 size-640x746\" alt=\"\" style=\"max-width: 100%; height: auto;\" srcset=\"https:\/\/www.bimandco.com\/bim\/wp-content\/uploads\/2020\/06\/contact-878x1024-2-768x896.jpg 768w, https:\/\/www.bimandco.com\/bim\/wp-content\/uploads\/2020\/06\/contact-878x1024-2-257x300.jpg 257w, https:\/\/www.bimandco.com\/bim\/wp-content\/uploads\/2020\/06\/contact-878x1024-2-129x150.jpg 129w, https:\/\/www.bimandco.com\/bim\/wp-content\/uploads\/2020\/06\/contact-878x1024-2.jpg 878w\" sizes=\"(max-width: 640px) 100vw, 640px\" \/><\/div><\/div><div id=\"panel-gb3845-69d3998170db5-0-0-2\" class=\"widget_text so-panel widget widget_custom_html panel-last-child\" data-index=\"2\" ><div class=\"widget_text description panel-widget-style panel-widget-style-for-gb3845-69d3998170db5-0-0-2\" ><div class=\"textwidget custom-html-widget\"><h1><span>Cont\u00e1ctenos<\/span><\/h1>\n<p><\/p><p>\n\t<script charset=\"utf-8\" type=\"text\/javascript\" src=\"\/\/js.hsforms.net\/forms\/embed\/v2.js\"><\/script>\n<script>\n  hbspt.forms.create({\n    region: \"na1\",\n    portalId: \"8031243\",\n    formId: \"493c6fc7-8d39-4649-9b54-9888e15952b3\"\n  });\n<\/script>\n<\/p><\/div><\/div><\/div><\/div><\/div><\/div><\/div>","protected":false},"excerpt":{"rendered":"","protected":false},"author":2,"featured_media":0,"parent":0,"menu_order":0,"comment_status":"closed","ping_status":"closed","template":"","meta":{"_acf_changed":false,"content-type":"","footnotes":""},"class_list":["post-3845","page","type-page","status-publish","hentry"],"acf":[],"yoast_head":"<!-- This site is optimized with the Yoast SEO plugin v26.0 - https:\/\/yoast.com\/wordpress\/plugins\/seo\/ -->\n<title>Cont\u00e1ctenos - BIM&amp;CO<\/title>\n<meta name=\"description\" content=\"\u00a1Mantengamos el contacto! \u00a1Inscr\u00edbete ahora para recibir nuestro bolet\u00edn mensual y las publicaciones tem\u00e1ticas dedicadas a los fabricantes o a la industria de la construcci\u00f3n!\" \/>\n<meta name=\"robots\" content=\"index, follow, max-snippet:-1, max-image-preview:large, max-video-preview:-1\" \/>\n<link rel=\"canonical\" href=\"https:\/\/www.bimandco.com\/bim\/es\/contactenos\/\" \/>\n<meta property=\"og:locale\" content=\"fr_FR\" \/>\n<meta property=\"og:type\" content=\"article\" \/>\n<meta property=\"og:title\" content=\"Cont\u00e1ctenos - BIM&amp;CO\" \/>\n<meta property=\"og:description\" content=\"\u00a1Mantengamos el contacto! \u00a1Inscr\u00edbete ahora para recibir nuestro bolet\u00edn mensual y las publicaciones tem\u00e1ticas dedicadas a los fabricantes o a la industria de la construcci\u00f3n!\" \/>\n<meta property=\"og:url\" content=\"https:\/\/www.bimandco.com\/bim\/es\/contactenos\/\" \/>\n<meta property=\"og:site_name\" content=\"BIM&amp;CO\" \/>\n<meta property=\"article:modified_time\" content=\"2024-07-04T12:21:00+00:00\" \/>\n<meta name=\"twitter:card\" content=\"summary_large_image\" \/>\n<meta name=\"twitter:label1\" content=\"Dur\u00e9e de lecture estim\u00e9e\" \/>\n\t<meta name=\"twitter:data1\" content=\"1 minute\" \/>\n<script type=\"application\/ld+json\" class=\"yoast-schema-graph\">{\"@context\":\"https:\/\/schema.org\",\"@graph\":[{\"@type\":\"WebPage\",\"@id\":\"https:\/\/www.bimandco.com\/bim\/es\/contactenos\/\",\"url\":\"https:\/\/www.bimandco.com\/bim\/es\/contactenos\/\",\"name\":\"Cont\u00e1ctenos - BIM&amp;CO\",\"isPartOf\":{\"@id\":\"https:\/\/www.bimandco.com\/bim\/#website\"},\"datePublished\":\"2020-06-05T06:15:27+00:00\",\"dateModified\":\"2024-07-04T12:21:00+00:00\",\"description\":\"\u00a1Mantengamos el contacto! \u00a1Inscr\u00edbete ahora para recibir nuestro bolet\u00edn mensual y las publicaciones tem\u00e1ticas dedicadas a los fabricantes o a la industria de la construcci\u00f3n!\",\"breadcrumb\":{\"@id\":\"https:\/\/www.bimandco.com\/bim\/es\/contactenos\/#breadcrumb\"},\"inLanguage\":\"fr-FR\",\"potentialAction\":[{\"@type\":\"ReadAction\",\"target\":[\"https:\/\/www.bimandco.com\/bim\/es\/contactenos\/\"]}]},{\"@type\":\"BreadcrumbList\",\"@id\":\"https:\/\/www.bimandco.com\/bim\/es\/contactenos\/#breadcrumb\",\"itemListElement\":[{\"@type\":\"ListItem\",\"position\":1,\"name\":\"Accueil\",\"item\":\"https:\/\/www.bimandco.com\/bim\/fr\/\"},{\"@type\":\"ListItem\",\"position\":2,\"name\":\"Cont\u00e1ctenos\"}]},{\"@type\":\"WebSite\",\"@id\":\"https:\/\/www.bimandco.com\/bim\/#website\",\"url\":\"https:\/\/www.bimandco.com\/bim\/\",\"name\":\"BIM&amp;CO\",\"description\":\"\",\"publisher\":{\"@id\":\"https:\/\/www.bimandco.com\/bim\/#organization\"},\"potentialAction\":[{\"@type\":\"SearchAction\",\"target\":{\"@type\":\"EntryPoint\",\"urlTemplate\":\"https:\/\/www.bimandco.com\/bim\/?s={search_term_string}\"},\"query-input\":{\"@type\":\"PropertyValueSpecification\",\"valueRequired\":true,\"valueName\":\"search_term_string\"}}],\"inLanguage\":\"fr-FR\"},{\"@type\":\"Organization\",\"@id\":\"https:\/\/www.bimandco.com\/bim\/#organization\",\"name\":\"BIM&amp;CO\",\"url\":\"https:\/\/www.bimandco.com\/bim\/\",\"logo\":{\"@type\":\"ImageObject\",\"inLanguage\":\"fr-FR\",\"@id\":\"https:\/\/www.bimandco.com\/bim\/#\/schema\/logo\/image\/\",\"url\":\"https:\/\/www.bimandco.com\/bim\/wp-content\/uploads\/2023\/03\/logo-bimandco-1.svg\",\"contentUrl\":\"https:\/\/www.bimandco.com\/bim\/wp-content\/uploads\/2023\/03\/logo-bimandco-1.svg\",\"width\":102,\"height\":50,\"caption\":\"BIM&amp;CO\"},\"image\":{\"@id\":\"https:\/\/www.bimandco.com\/bim\/#\/schema\/logo\/image\/\"}}]}<\/script>\n<!-- \/ Yoast SEO plugin. -->","yoast_head_json":{"title":"Cont\u00e1ctenos - BIM&amp;CO","description":"\u00a1Mantengamos el contacto! \u00a1Inscr\u00edbete ahora para recibir nuestro bolet\u00edn mensual y las publicaciones tem\u00e1ticas dedicadas a los fabricantes o a la industria de la construcci\u00f3n!","robots":{"index":"index","follow":"follow","max-snippet":"max-snippet:-1","max-image-preview":"max-image-preview:large","max-video-preview":"max-video-preview:-1"},"canonical":"https:\/\/www.bimandco.com\/bim\/es\/contactenos\/","og_locale":"fr_FR","og_type":"article","og_title":"Cont\u00e1ctenos - BIM&amp;CO","og_description":"\u00a1Mantengamos el contacto! \u00a1Inscr\u00edbete ahora para recibir nuestro bolet\u00edn mensual y las publicaciones tem\u00e1ticas dedicadas a los fabricantes o a la industria de la construcci\u00f3n!","og_url":"https:\/\/www.bimandco.com\/bim\/es\/contactenos\/","og_site_name":"BIM&amp;CO","article_modified_time":"2024-07-04T12:21:00+00:00","twitter_card":"summary_large_image","twitter_misc":{"Dur\u00e9e de lecture estim\u00e9e":"1 minute"},"schema":{"@context":"https:\/\/schema.org","@graph":[{"@type":"WebPage","@id":"https:\/\/www.bimandco.com\/bim\/es\/contactenos\/","url":"https:\/\/www.bimandco.com\/bim\/es\/contactenos\/","name":"Cont\u00e1ctenos - BIM&amp;CO","isPartOf":{"@id":"https:\/\/www.bimandco.com\/bim\/#website"},"datePublished":"2020-06-05T06:15:27+00:00","dateModified":"2024-07-04T12:21:00+00:00","description":"\u00a1Mantengamos el contacto! \u00a1Inscr\u00edbete ahora para recibir nuestro bolet\u00edn mensual y las publicaciones tem\u00e1ticas dedicadas a los fabricantes o a la industria de la construcci\u00f3n!","breadcrumb":{"@id":"https:\/\/www.bimandco.com\/bim\/es\/contactenos\/#breadcrumb"},"inLanguage":"fr-FR","potentialAction":[{"@type":"ReadAction","target":["https:\/\/www.bimandco.com\/bim\/es\/contactenos\/"]}]},{"@type":"BreadcrumbList","@id":"https:\/\/www.bimandco.com\/bim\/es\/contactenos\/#breadcrumb","itemListElement":[{"@type":"ListItem","position":1,"name":"Accueil","item":"https:\/\/www.bimandco.com\/bim\/fr\/"},{"@type":"ListItem","position":2,"name":"Cont\u00e1ctenos"}]},{"@type":"WebSite","@id":"https:\/\/www.bimandco.com\/bim\/#website","url":"https:\/\/www.bimandco.com\/bim\/","name":"BIM&amp;CO","description":"","publisher":{"@id":"https:\/\/www.bimandco.com\/bim\/#organization"},"potentialAction":[{"@type":"SearchAction","target":{"@type":"EntryPoint","urlTemplate":"https:\/\/www.bimandco.com\/bim\/?s={search_term_string}"},"query-input":{"@type":"PropertyValueSpecification","valueRequired":true,"valueName":"search_term_string"}}],"inLanguage":"fr-FR"},{"@type":"Organization","@id":"https:\/\/www.bimandco.com\/bim\/#organization","name":"BIM&amp;CO","url":"https:\/\/www.bimandco.com\/bim\/","logo":{"@type":"ImageObject","inLanguage":"fr-FR","@id":"https:\/\/www.bimandco.com\/bim\/#\/schema\/logo\/image\/","url":"https:\/\/www.bimandco.com\/bim\/wp-content\/uploads\/2023\/03\/logo-bimandco-1.svg","contentUrl":"https:\/\/www.bimandco.com\/bim\/wp-content\/uploads\/2023\/03\/logo-bimandco-1.svg","width":102,"height":50,"caption":"BIM&amp;CO"},"image":{"@id":"https:\/\/www.bimandco.com\/bim\/#\/schema\/logo\/image\/"}}]}},"_links":{"self":[{"href":"https:\/\/www.bimandco.com\/bim\/wp-json\/wp\/v2\/pages\/3845","targetHints":{"allow":["GET"]}}],"collection":[{"href":"https:\/\/www.bimandco.com\/bim\/wp-json\/wp\/v2\/pages"}],"about":[{"href":"https:\/\/www.bimandco.com\/bim\/wp-json\/wp\/v2\/types\/page"}],"author":[{"embeddable":true,"href":"https:\/\/www.bimandco.com\/bim\/wp-json\/wp\/v2\/users\/2"}],"replies":[{"embeddable":true,"href":"https:\/\/www.bimandco.com\/bim\/wp-json\/wp\/v2\/comments?post=3845"}],"version-history":[{"count":4,"href":"https:\/\/www.bimandco.com\/bim\/wp-json\/wp\/v2\/pages\/3845\/revisions"}],"predecessor-version":[{"id":44403,"href":"https:\/\/www.bimandco.com\/bim\/wp-json\/wp\/v2\/pages\/3845\/revisions\/44403"}],"wp:attachment":[{"href":"https:\/\/www.bimandco.com\/bim\/wp-json\/wp\/v2\/media?parent=3845"}],"curies":[{"name":"wp","href":"https:\/\/api.w.org\/{rel}","templated":true}]}}