{"id":3796,"date":"2020-06-04T12:57:50","date_gmt":"2020-06-04T10:57:50","guid":{"rendered":"https:\/\/www.bimandco.com\/bim\/?page_id=3796"},"modified":"2023-05-25T14:03:32","modified_gmt":"2023-05-25T12:03:32","slug":"inscripcion-boletin-noticias","status":"publish","type":"page","link":"https:\/\/www.bimandco.com\/bim\/es\/inscripcion-boletin-noticias\/","title":{"rendered":"Suscr\u00edbete a nuestras newsletters"},"content":{"rendered":"<div id=\"pl-gb3796-69e6bad04e9e3\"  class=\"panel-layout\" ><div id=\"pg-gb3796-69e6bad04e9e3-0\"  class=\"panel-grid panel-has-style\" ><div class=\"page-section container panel-row-style panel-row-style-for-gb3796-69e6bad04e9e3-0\" id=\"section-contact01\" ><div id=\"pgc-gb3796-69e6bad04e9e3-0-0\"  class=\"panel-grid-cell\" ><div id=\"panel-gb3796-69e6bad04e9e3-0-0-0\" class=\"widget_text so-panel widget widget_custom_html panel-first-child\" data-index=\"0\" ><div class=\"widget_text description panel-widget-style panel-widget-style-for-gb3796-69e6bad04e9e3-0-0-0\" ><div class=\"textwidget custom-html-widget\"><h1><center><span>Suscr\u00edbete a nuestras newsletters <\/span><\/center><\/h1>\n<br><\/div><\/div><\/div><div id=\"panel-gb3796-69e6bad04e9e3-0-0-1\" class=\"so-panel widget widget_sow-image\" data-index=\"1\" ><div\n\t\t\t\n\t\t\tclass=\"so-widget-sow-image so-widget-sow-image-default-113ccd71f3e6-3796\"\n\t\t\t\n\t\t>\n<div class=\"sow-image-container\">\n\t\t<img fetchpriority=\"high\" \n\tsrc=\"https:\/\/www.bimandco.com\/bim\/wp-content\/uploads\/2023\/05\/page-newsletter-site.png\" width=\"1000\" height=\"400\" srcset=\"https:\/\/www.bimandco.com\/bim\/wp-content\/uploads\/2023\/05\/page-newsletter-site.png 1000w, https:\/\/www.bimandco.com\/bim\/wp-content\/uploads\/2023\/05\/page-newsletter-site-300x120.png 300w, https:\/\/www.bimandco.com\/bim\/wp-content\/uploads\/2023\/05\/page-newsletter-site-150x60.png 150w, https:\/\/www.bimandco.com\/bim\/wp-content\/uploads\/2023\/05\/page-newsletter-site-768x307.png 768w\" sizes=\"(max-width: 1000px) 100vw, 1000px\" title=\"page newsletter site\" alt=\"inscription newsletter\" \t\tclass=\"so-widget-image\"\/>\n\t<\/div>\n\n<\/div><\/div><div id=\"panel-gb3796-69e6bad04e9e3-0-0-2\" class=\"widget_text so-panel widget widget_custom_html panel-last-child\" data-index=\"2\" ><div class=\"widget_text description panel-widget-style panel-widget-style-for-gb3796-69e6bad04e9e3-0-0-2\" ><div class=\"textwidget custom-html-widget\"><br>\n<center><p>\u00a1Sigamos el contacto! \n<br>Suscr\u00edbase ahora para recibir nuestro newsletter mensual y nuestras publicaciones tem\u00e1ticas dedicadas a los fabricantes o al sector de la construcci\u00f3n.<\/p><\/center><\/div><\/div><\/div><\/div><\/div><\/div><div id=\"pg-gb3796-69e6bad04e9e3-1\"  class=\"panel-grid panel-no-style\" ><div id=\"pgc-gb3796-69e6bad04e9e3-1-0\"  class=\"panel-grid-cell\" ><div id=\"panel-gb3796-69e6bad04e9e3-1-0-0\" class=\"so-panel widget widget_sow-button panel-first-child\" data-index=\"3\" ><div\n\t\t\t\n\t\t\tclass=\"so-widget-sow-button so-widget-sow-button-flat-bb61839d30f2-3796\"\n\t\t\t\n\t\t><div class=\"ow-button-base ow-button-align-center\"\n>\n\t\t\t<a\n\t\t\t\t\thref=\"https:\/\/crm.bimandco.com\/me-inscribo-en-el-news-objetos?utm_source=website&#038;utm_medium=bimandco&#038;utm_campaign=inscription-newsletter-bimandco&#038;utm_content=ES\"\n\t\t\t\t\tclass=\"sowb-button ow-icon-placement-left ow-button-hover\" target=\"_blank\" rel=\"noopener noreferrer\" \t>\n\t\t<span>\n\t\t\t<span class=\"sow-icon-fontawesome sow-far\" data-sow-icon=\"&#xf0e0;\"\n\t\tstyle=\"color: #f2f8ff\" \n\t\taria-hidden=\"true\"><\/span>\n\t\t\tMe suscribo a la Newsletter de BIM&amp;CO\t\t<\/span>\n\t\t\t<\/a>\n\t<\/div>\n<\/div><\/div><div id=\"panel-gb3796-69e6bad04e9e3-1-0-1\" class=\"widget_text so-panel widget widget_custom_html\" data-index=\"4\" ><div class=\"textwidget custom-html-widget\"><br><\/div><\/div><div id=\"panel-gb3796-69e6bad04e9e3-1-0-2\" class=\"so-panel widget widget_sow-button panel-last-child\" data-index=\"5\" ><div\n\t\t\t\n\t\t\tclass=\"so-widget-sow-button so-widget-sow-button-flat-bb61839d30f2-3796\"\n\t\t\t\n\t\t><div class=\"ow-button-base ow-button-align-center\"\n>\n\t\t\t<a\n\t\t\t\t\thref=\"https:\/\/crm.bimandco.com\/es\/suscribate-a-la-bimletter?utm_source=website&#038;utm_medium=bimandco&#038;utm_campaign=inscription-newsletter-onfly&#038;utm_content=ES\"\n\t\t\t\t\tclass=\"sowb-button ow-icon-placement-left ow-button-hover\" target=\"_blank\" rel=\"noopener noreferrer\" \t>\n\t\t<span>\n\t\t\t<span class=\"sow-icon-fontawesome sow-far\" data-sow-icon=\"&#xf0e0;\"\n\t\tstyle=\"color: #f2f8ff\" \n\t\taria-hidden=\"true\"><\/span>\n\t\t\tMe suscribo a la Newsletter de Onfly\t\t<\/span>\n\t\t\t<\/a>\n\t<\/div>\n<\/div><\/div><\/div><\/div><\/div>\n\n\n<p><\/p>\n","protected":false},"excerpt":{"rendered":"","protected":false},"author":2,"featured_media":0,"parent":0,"menu_order":0,"comment_status":"closed","ping_status":"closed","template":"","meta":{"_acf_changed":false,"content-type":"","footnotes":""},"class_list":["post-3796","page","type-page","status-publish","hentry"],"acf":[],"yoast_head":"<!-- This site is optimized with the Yoast SEO plugin v26.0 - https:\/\/yoast.com\/wordpress\/plugins\/seo\/ -->\n<title>Suscr\u00edbete a nuestras newsletters - BIM&amp;CO<\/title>\n<meta name=\"description\" content=\"\u00a1Mantengamos el contacto! \u00a1Inscr\u00edbete ahora para recibir nuestro bolet\u00edn mensual y las publicaciones tem\u00e1ticas dedicadas a los fabricantes o a la industria de la construcci\u00f3n!\" \/>\n<meta name=\"robots\" content=\"index, follow, max-snippet:-1, max-image-preview:large, max-video-preview:-1\" \/>\n<link rel=\"canonical\" href=\"https:\/\/www.bimandco.com\/bim\/es\/inscripcion-boletin-noticias\/\" \/>\n<meta property=\"og:locale\" content=\"fr_FR\" \/>\n<meta property=\"og:type\" content=\"article\" \/>\n<meta property=\"og:title\" content=\"Suscr\u00edbete a nuestras newsletters - BIM&amp;CO\" \/>\n<meta property=\"og:description\" content=\"\u00a1Mantengamos el contacto! \u00a1Inscr\u00edbete ahora para recibir nuestro bolet\u00edn mensual y las publicaciones tem\u00e1ticas dedicadas a los fabricantes o a la industria de la construcci\u00f3n!\" \/>\n<meta property=\"og:url\" content=\"https:\/\/www.bimandco.com\/bim\/es\/inscripcion-boletin-noticias\/\" \/>\n<meta property=\"og:site_name\" content=\"BIM&amp;CO\" \/>\n<meta property=\"article:modified_time\" content=\"2023-05-25T12:03:32+00:00\" \/>\n<meta name=\"twitter:card\" content=\"summary_large_image\" \/>\n<script type=\"application\/ld+json\" class=\"yoast-schema-graph\">{\"@context\":\"https:\/\/schema.org\",\"@graph\":[{\"@type\":\"WebPage\",\"@id\":\"https:\/\/www.bimandco.com\/bim\/es\/inscripcion-boletin-noticias\/\",\"url\":\"https:\/\/www.bimandco.com\/bim\/es\/inscripcion-boletin-noticias\/\",\"name\":\"Suscr\u00edbete a nuestras newsletters - BIM&amp;CO\",\"isPartOf\":{\"@id\":\"https:\/\/www.bimandco.com\/bim\/#website\"},\"datePublished\":\"2020-06-04T10:57:50+00:00\",\"dateModified\":\"2023-05-25T12:03:32+00:00\",\"description\":\"\u00a1Mantengamos el contacto! \u00a1Inscr\u00edbete ahora para recibir nuestro bolet\u00edn mensual y las publicaciones tem\u00e1ticas dedicadas a los fabricantes o a la industria de la construcci\u00f3n!\",\"breadcrumb\":{\"@id\":\"https:\/\/www.bimandco.com\/bim\/es\/inscripcion-boletin-noticias\/#breadcrumb\"},\"inLanguage\":\"fr-FR\",\"potentialAction\":[{\"@type\":\"ReadAction\",\"target\":[\"https:\/\/www.bimandco.com\/bim\/es\/inscripcion-boletin-noticias\/\"]}]},{\"@type\":\"BreadcrumbList\",\"@id\":\"https:\/\/www.bimandco.com\/bim\/es\/inscripcion-boletin-noticias\/#breadcrumb\",\"itemListElement\":[{\"@type\":\"ListItem\",\"position\":1,\"name\":\"Accueil\",\"item\":\"https:\/\/www.bimandco.com\/bim\/fr\/\"},{\"@type\":\"ListItem\",\"position\":2,\"name\":\"Suscr\u00edbete a nuestras newsletters\"}]},{\"@type\":\"WebSite\",\"@id\":\"https:\/\/www.bimandco.com\/bim\/#website\",\"url\":\"https:\/\/www.bimandco.com\/bim\/\",\"name\":\"BIM&amp;CO\",\"description\":\"\",\"publisher\":{\"@id\":\"https:\/\/www.bimandco.com\/bim\/#organization\"},\"potentialAction\":[{\"@type\":\"SearchAction\",\"target\":{\"@type\":\"EntryPoint\",\"urlTemplate\":\"https:\/\/www.bimandco.com\/bim\/?s={search_term_string}\"},\"query-input\":{\"@type\":\"PropertyValueSpecification\",\"valueRequired\":true,\"valueName\":\"search_term_string\"}}],\"inLanguage\":\"fr-FR\"},{\"@type\":\"Organization\",\"@id\":\"https:\/\/www.bimandco.com\/bim\/#organization\",\"name\":\"BIM&amp;CO\",\"url\":\"https:\/\/www.bimandco.com\/bim\/\",\"logo\":{\"@type\":\"ImageObject\",\"inLanguage\":\"fr-FR\",\"@id\":\"https:\/\/www.bimandco.com\/bim\/#\/schema\/logo\/image\/\",\"url\":\"https:\/\/www.bimandco.com\/bim\/wp-content\/uploads\/2023\/03\/logo-bimandco-1.svg\",\"contentUrl\":\"https:\/\/www.bimandco.com\/bim\/wp-content\/uploads\/2023\/03\/logo-bimandco-1.svg\",\"width\":102,\"height\":50,\"caption\":\"BIM&amp;CO\"},\"image\":{\"@id\":\"https:\/\/www.bimandco.com\/bim\/#\/schema\/logo\/image\/\"}}]}<\/script>\n<!-- \/ Yoast SEO plugin. -->","yoast_head_json":{"title":"Suscr\u00edbete a nuestras newsletters - BIM&amp;CO","description":"\u00a1Mantengamos el contacto! \u00a1Inscr\u00edbete ahora para recibir nuestro bolet\u00edn mensual y las publicaciones tem\u00e1ticas dedicadas a los fabricantes o a la industria de la construcci\u00f3n!","robots":{"index":"index","follow":"follow","max-snippet":"max-snippet:-1","max-image-preview":"max-image-preview:large","max-video-preview":"max-video-preview:-1"},"canonical":"https:\/\/www.bimandco.com\/bim\/es\/inscripcion-boletin-noticias\/","og_locale":"fr_FR","og_type":"article","og_title":"Suscr\u00edbete a nuestras newsletters - BIM&amp;CO","og_description":"\u00a1Mantengamos el contacto! \u00a1Inscr\u00edbete ahora para recibir nuestro bolet\u00edn mensual y las publicaciones tem\u00e1ticas dedicadas a los fabricantes o a la industria de la construcci\u00f3n!","og_url":"https:\/\/www.bimandco.com\/bim\/es\/inscripcion-boletin-noticias\/","og_site_name":"BIM&amp;CO","article_modified_time":"2023-05-25T12:03:32+00:00","twitter_card":"summary_large_image","schema":{"@context":"https:\/\/schema.org","@graph":[{"@type":"WebPage","@id":"https:\/\/www.bimandco.com\/bim\/es\/inscripcion-boletin-noticias\/","url":"https:\/\/www.bimandco.com\/bim\/es\/inscripcion-boletin-noticias\/","name":"Suscr\u00edbete a nuestras newsletters - BIM&amp;CO","isPartOf":{"@id":"https:\/\/www.bimandco.com\/bim\/#website"},"datePublished":"2020-06-04T10:57:50+00:00","dateModified":"2023-05-25T12:03:32+00:00","description":"\u00a1Mantengamos el contacto! \u00a1Inscr\u00edbete ahora para recibir nuestro bolet\u00edn mensual y las publicaciones tem\u00e1ticas dedicadas a los fabricantes o a la industria de la construcci\u00f3n!","breadcrumb":{"@id":"https:\/\/www.bimandco.com\/bim\/es\/inscripcion-boletin-noticias\/#breadcrumb"},"inLanguage":"fr-FR","potentialAction":[{"@type":"ReadAction","target":["https:\/\/www.bimandco.com\/bim\/es\/inscripcion-boletin-noticias\/"]}]},{"@type":"BreadcrumbList","@id":"https:\/\/www.bimandco.com\/bim\/es\/inscripcion-boletin-noticias\/#breadcrumb","itemListElement":[{"@type":"ListItem","position":1,"name":"Accueil","item":"https:\/\/www.bimandco.com\/bim\/fr\/"},{"@type":"ListItem","position":2,"name":"Suscr\u00edbete a nuestras newsletters"}]},{"@type":"WebSite","@id":"https:\/\/www.bimandco.com\/bim\/#website","url":"https:\/\/www.bimandco.com\/bim\/","name":"BIM&amp;CO","description":"","publisher":{"@id":"https:\/\/www.bimandco.com\/bim\/#organization"},"potentialAction":[{"@type":"SearchAction","target":{"@type":"EntryPoint","urlTemplate":"https:\/\/www.bimandco.com\/bim\/?s={search_term_string}"},"query-input":{"@type":"PropertyValueSpecification","valueRequired":true,"valueName":"search_term_string"}}],"inLanguage":"fr-FR"},{"@type":"Organization","@id":"https:\/\/www.bimandco.com\/bim\/#organization","name":"BIM&amp;CO","url":"https:\/\/www.bimandco.com\/bim\/","logo":{"@type":"ImageObject","inLanguage":"fr-FR","@id":"https:\/\/www.bimandco.com\/bim\/#\/schema\/logo\/image\/","url":"https:\/\/www.bimandco.com\/bim\/wp-content\/uploads\/2023\/03\/logo-bimandco-1.svg","contentUrl":"https:\/\/www.bimandco.com\/bim\/wp-content\/uploads\/2023\/03\/logo-bimandco-1.svg","width":102,"height":50,"caption":"BIM&amp;CO"},"image":{"@id":"https:\/\/www.bimandco.com\/bim\/#\/schema\/logo\/image\/"}}]}},"_links":{"self":[{"href":"https:\/\/www.bimandco.com\/bim\/wp-json\/wp\/v2\/pages\/3796","targetHints":{"allow":["GET"]}}],"collection":[{"href":"https:\/\/www.bimandco.com\/bim\/wp-json\/wp\/v2\/pages"}],"about":[{"href":"https:\/\/www.bimandco.com\/bim\/wp-json\/wp\/v2\/types\/page"}],"author":[{"embeddable":true,"href":"https:\/\/www.bimandco.com\/bim\/wp-json\/wp\/v2\/users\/2"}],"replies":[{"embeddable":true,"href":"https:\/\/www.bimandco.com\/bim\/wp-json\/wp\/v2\/comments?post=3796"}],"version-history":[{"count":8,"href":"https:\/\/www.bimandco.com\/bim\/wp-json\/wp\/v2\/pages\/3796\/revisions"}],"predecessor-version":[{"id":36760,"href":"https:\/\/www.bimandco.com\/bim\/wp-json\/wp\/v2\/pages\/3796\/revisions\/36760"}],"wp:attachment":[{"href":"https:\/\/www.bimandco.com\/bim\/wp-json\/wp\/v2\/media?parent=3796"}],"curies":[{"name":"wp","href":"https:\/\/api.w.org\/{rel}","templated":true}]}}