{"id":36749,"date":"2024-06-14T09:33:30","date_gmt":"2024-06-14T07:33:30","guid":{"rendered":"https:\/\/www.bimandco.com\/bim\/?page_id=36749"},"modified":"2024-06-14T09:33:30","modified_gmt":"2024-06-14T07:33:30","slug":"politique-des-cookies","status":"publish","type":"page","link":"https:\/\/www.bimandco.com\/bim\/fr\/politique-des-cookies\/","title":{"rendered":"Politique des Cookies"},"content":{"rendered":"<div id=\"pl-gb36749-69debdc12bcd6\"  class=\"panel-layout\" ><div id=\"pg-gb36749-69debdc12bcd6-0\"  class=\"panel-grid panel-has-style\" ><div class=\"page-section container panel-row-style panel-row-style-for-gb36749-69debdc12bcd6-0\" id=\"section-contact01\" ><div id=\"pgc-gb36749-69debdc12bcd6-0-0\"  class=\"panel-grid-cell\" ><div id=\"panel-gb36749-69debdc12bcd6-0-0-0\" class=\"widget_text so-panel widget widget_custom_html panel-first-child panel-last-child\" data-index=\"0\" ><div class=\"widget_text description panel-widget-style panel-widget-style-for-gb36749-69debdc12bcd6-0-0-0\" ><div class=\"textwidget custom-html-widget\"><h1><span>Politique des Cookies<\/span><\/h1>\n<p><b><br><br>1.1 Pr\u00e9sentation d\u2019un cookie<\/b>\n<br><br>\nUn Cookie est un fichier texte utile pour la navigation sur les sites internet, d\u00e9pos\u00e9 dans un espace d\u00e9di\u00e9 du disque dur du terminal d\u2019un Utilisateur (ordinateur, tablette, t\u00e9l\u00e9phone mobile ou tout autre appareil optimis\u00e9 pour Internet), lors de la consultation d\u2019un contenu ou d\u2019une publicit\u00e9 en ligne. Il sert \u00e0 personnaliser les pages en les adaptant au profil de l\u2019Utilisateur et renferme des donn\u00e9es collect\u00e9es comme, selon les cas, le nom, l\u2019adresse mail, l\u2019heure et le jour de connexion, le syst\u00e8me d\u2019exploitation de l\u2019ordinateur, les pages de sites fr\u00e9quent\u00e9es\u2026\n<br>\nLes cookies peuvent \u00eatre permanents (et rester apr\u00e8s la d\u00e9connexion des sites afin d\u2019\u00eatre utilis\u00e9s lors de visites ult\u00e9rieures sur les sites) ou temporaires (et dispara\u00eetre d\u00e8s d\u00e9connexion des sites).\n\n\n<b><br><br>1.2 Fonction des cookies<\/b>\n\n<br><br>BIM&#038;CO utilise diff\u00e9rents cookies selon la Plateforme :\n<br>\nLes cookies de session qui permettent \u00e0 l\u2019Utilisateur de rester connect\u00e9 sur la Plateforme sans avoir \u00e0 fournir plusieurs fois les m\u00eames informations (tels l\u2019adresse mail et le mot de passe) afin d\u2019ex\u00e9cuter la m\u00eame t\u00e2che.\n<br>\nLes cookies de gestion de droits qui permettent en fonction du niveau d\u2019autorisation de l\u2019Utilisateur d\u2019\u00e9diter des \u00e9l\u00e9ments de la plateforme (contenus de pages, objets)\nLes cookies de communication qui permettent d\u2019utiliser correctement le module de chat de la Plateforme\nLes cookies de gestion publicitaire qui permettent principalement d\u2019exclure l\u2019Utilisateur des campagnes de publicit\u00e9\nLes cookies statistiques qui permettent \u00e0 BIM&#038;CO de mesurer et analyser au plus pr\u00e8s les visites de la Plateforme\n<br>\nS\u2019agissant des Cookies statistiques La Soci\u00e9t\u00e9 peut recourir aux services de prestataires tiers (actuellement Google Analytics).\n\n\n<b><br><br>1.3 Google Analytics<\/b>\n<br><br>\nGoogle Analytics est un service d\u2019analyse de site internet fourni par Google Inc. (\u00ab Google \u00bb), qui utilise des cookies aidant BIM&#038;CO \u00e0 analyser l\u2019usage de la Plateforme par ses utilisateurs.\n<br>\nLes donn\u00e9es g\u00e9n\u00e9r\u00e9es par les cookies (y compris les adresses IP) sont transmises et stock\u00e9es par Google sur des serveurs situ\u00e9s aux Etats-Unis.\n<br>\nGoogle utilise les informations r\u00e9colt\u00e9es dans le but d\u2019\u00e9valuer l\u2019utilisation de la Plateforme, de compiler des rapports sur l\u2019activit\u00e9 du site \u00e0 destination de BIM&#038;CO et de fournir d\u2019autres services relatifs \u00e0 l\u2019activit\u00e9 du site et \u00e0 l\u2019utilisation d\u2019Internet.\n<br>\nSi Google est susceptible de communiquer ces donn\u00e9es \u00e0 des tiers en cas d\u2019obligation l\u00e9gale ou lorsque ces tiers traitent ces donn\u00e9es pour le compte de Google, il n\u2019associe l\u2019adresse IP des utilisateurs \u00e0 aucune autre de ses donn\u00e9es.\n\n\n<b><br><br>1.4 Choix et modalit\u00e9s d\u2019acceptation ou d\u2019opposition des cookies<\/b>\n<br><br>\nLorsqu\u2019un Utilisateur navigue sur la Plateforme, les cookies sont activ\u00e9s par d\u00e9faut et les donn\u00e9es peuvent \u00eatre lues ou conserv\u00e9es localement sur son mat\u00e9riel.\n<br>\nL\u2019Utilisateur sera averti la premi\u00e8re fois qu\u2019il recevra un cookie et pourra ainsi d\u00e9cider de l\u2019accepter ou de le refuser. En continuant d\u2019utiliser le Site, l\u2019Utilisateur accepte express\u00e9ment l\u2019utilisation par BIM&#038;CO de tels cookies.\n<br>\nN\u00e9anmoins, il pourra \u00e9galement configurer son navigateur de mani\u00e8re \u00e0 refuser syst\u00e9matiquement les cookies (y compris les cookies utilis\u00e9s \u00e0 des fins de mesure d\u2019audience). Toutefois, si tel \u00e9tait cas, certaines fonctionnalit\u00e9s et caract\u00e9ristiques de la Plateforme pourraient ne pas fonctionner correctement et l\u2019Utilisateur pourrait ne pas \u00eatre en mesure de pouvoir acc\u00e9der \u00e0 certain(e)s parties ou services du Site.\n\n\n<b><br><br>2. Contact<\/b>\n<br><br>\nPour toute question relative \u00e0 la pr\u00e9sente politique des Cookies ou pour toute demande relative \u00e0 ses donn\u00e9es personnelles, l\u2019Utilisateur peut contacter BIM&#038;CO par un e-mail \u00e0 l\u2019adresse : legal@bimandco.com\n<\/p><\/div><\/div><\/div><\/div><\/div><\/div><\/div>","protected":false},"excerpt":{"rendered":"","protected":false},"author":2,"featured_media":0,"parent":0,"menu_order":0,"comment_status":"closed","ping_status":"closed","template":"","meta":{"_acf_changed":false,"content-type":"","footnotes":""},"class_list":["post-36749","page","type-page","status-publish","hentry"],"acf":[],"yoast_head":"<!-- This site is optimized with the Yoast SEO plugin v26.0 - https:\/\/yoast.com\/wordpress\/plugins\/seo\/ -->\n<title>Politique des Cookies - BIM&amp;CO<\/title>\n<meta name=\"description\" content=\"Gardons le contact ! Inscrivez-vous d\u00e8s maintenant pour recevoir notre newsletter mensuelle et nos publications th\u00e9matiques d\u00e9di\u00e9es aux fabricants ou aux industries de la construction !\" \/>\n<meta name=\"robots\" content=\"index, follow, max-snippet:-1, max-image-preview:large, max-video-preview:-1\" \/>\n<link rel=\"canonical\" href=\"https:\/\/www.bimandco.com\/bim\/fr\/politique-des-cookies\/\" \/>\n<meta property=\"og:locale\" content=\"fr_FR\" \/>\n<meta property=\"og:type\" content=\"article\" \/>\n<meta property=\"og:title\" content=\"Politique des Cookies - BIM&amp;CO\" \/>\n<meta property=\"og:description\" content=\"Gardons le contact ! Inscrivez-vous d\u00e8s maintenant pour recevoir notre newsletter mensuelle et nos publications th\u00e9matiques d\u00e9di\u00e9es aux fabricants ou aux industries de la construction !\" \/>\n<meta property=\"og:url\" content=\"https:\/\/www.bimandco.com\/bim\/fr\/politique-des-cookies\/\" \/>\n<meta property=\"og:site_name\" content=\"BIM&amp;CO\" \/>\n<meta name=\"twitter:card\" content=\"summary_large_image\" \/>\n<meta name=\"twitter:label1\" content=\"Dur\u00e9e de lecture estim\u00e9e\" \/>\n\t<meta name=\"twitter:data1\" content=\"3 minutes\" \/>\n<script type=\"application\/ld+json\" class=\"yoast-schema-graph\">{\"@context\":\"https:\/\/schema.org\",\"@graph\":[{\"@type\":\"WebPage\",\"@id\":\"https:\/\/www.bimandco.com\/bim\/fr\/politique-des-cookies\/\",\"url\":\"https:\/\/www.bimandco.com\/bim\/fr\/politique-des-cookies\/\",\"name\":\"Politique des Cookies - BIM&amp;CO\",\"isPartOf\":{\"@id\":\"https:\/\/www.bimandco.com\/bim\/#website\"},\"datePublished\":\"2024-06-14T07:33:30+00:00\",\"description\":\"Gardons le contact ! Inscrivez-vous d\u00e8s maintenant pour recevoir notre newsletter mensuelle et nos publications th\u00e9matiques d\u00e9di\u00e9es aux fabricants ou aux industries de la construction !\",\"breadcrumb\":{\"@id\":\"https:\/\/www.bimandco.com\/bim\/fr\/politique-des-cookies\/#breadcrumb\"},\"inLanguage\":\"fr-FR\",\"potentialAction\":[{\"@type\":\"ReadAction\",\"target\":[\"https:\/\/www.bimandco.com\/bim\/fr\/politique-des-cookies\/\"]}]},{\"@type\":\"BreadcrumbList\",\"@id\":\"https:\/\/www.bimandco.com\/bim\/fr\/politique-des-cookies\/#breadcrumb\",\"itemListElement\":[{\"@type\":\"ListItem\",\"position\":1,\"name\":\"Accueil\",\"item\":\"https:\/\/www.bimandco.com\/bim\/fr\/\"},{\"@type\":\"ListItem\",\"position\":2,\"name\":\"Politique des Cookies\"}]},{\"@type\":\"WebSite\",\"@id\":\"https:\/\/www.bimandco.com\/bim\/#website\",\"url\":\"https:\/\/www.bimandco.com\/bim\/\",\"name\":\"BIM&amp;CO\",\"description\":\"\",\"publisher\":{\"@id\":\"https:\/\/www.bimandco.com\/bim\/#organization\"},\"potentialAction\":[{\"@type\":\"SearchAction\",\"target\":{\"@type\":\"EntryPoint\",\"urlTemplate\":\"https:\/\/www.bimandco.com\/bim\/?s={search_term_string}\"},\"query-input\":{\"@type\":\"PropertyValueSpecification\",\"valueRequired\":true,\"valueName\":\"search_term_string\"}}],\"inLanguage\":\"fr-FR\"},{\"@type\":\"Organization\",\"@id\":\"https:\/\/www.bimandco.com\/bim\/#organization\",\"name\":\"BIM&amp;CO\",\"url\":\"https:\/\/www.bimandco.com\/bim\/\",\"logo\":{\"@type\":\"ImageObject\",\"inLanguage\":\"fr-FR\",\"@id\":\"https:\/\/www.bimandco.com\/bim\/#\/schema\/logo\/image\/\",\"url\":\"https:\/\/www.bimandco.com\/bim\/wp-content\/uploads\/2023\/03\/logo-bimandco-1.svg\",\"contentUrl\":\"https:\/\/www.bimandco.com\/bim\/wp-content\/uploads\/2023\/03\/logo-bimandco-1.svg\",\"width\":102,\"height\":50,\"caption\":\"BIM&amp;CO\"},\"image\":{\"@id\":\"https:\/\/www.bimandco.com\/bim\/#\/schema\/logo\/image\/\"}}]}<\/script>\n<!-- \/ Yoast SEO plugin. -->","yoast_head_json":{"title":"Politique des Cookies - BIM&amp;CO","description":"Gardons le contact ! Inscrivez-vous d\u00e8s maintenant pour recevoir notre newsletter mensuelle et nos publications th\u00e9matiques d\u00e9di\u00e9es aux fabricants ou aux industries de la construction !","robots":{"index":"index","follow":"follow","max-snippet":"max-snippet:-1","max-image-preview":"max-image-preview:large","max-video-preview":"max-video-preview:-1"},"canonical":"https:\/\/www.bimandco.com\/bim\/fr\/politique-des-cookies\/","og_locale":"fr_FR","og_type":"article","og_title":"Politique des Cookies - BIM&amp;CO","og_description":"Gardons le contact ! Inscrivez-vous d\u00e8s maintenant pour recevoir notre newsletter mensuelle et nos publications th\u00e9matiques d\u00e9di\u00e9es aux fabricants ou aux industries de la construction !","og_url":"https:\/\/www.bimandco.com\/bim\/fr\/politique-des-cookies\/","og_site_name":"BIM&amp;CO","twitter_card":"summary_large_image","twitter_misc":{"Dur\u00e9e de lecture estim\u00e9e":"3 minutes"},"schema":{"@context":"https:\/\/schema.org","@graph":[{"@type":"WebPage","@id":"https:\/\/www.bimandco.com\/bim\/fr\/politique-des-cookies\/","url":"https:\/\/www.bimandco.com\/bim\/fr\/politique-des-cookies\/","name":"Politique des Cookies - BIM&amp;CO","isPartOf":{"@id":"https:\/\/www.bimandco.com\/bim\/#website"},"datePublished":"2024-06-14T07:33:30+00:00","description":"Gardons le contact ! Inscrivez-vous d\u00e8s maintenant pour recevoir notre newsletter mensuelle et nos publications th\u00e9matiques d\u00e9di\u00e9es aux fabricants ou aux industries de la construction !","breadcrumb":{"@id":"https:\/\/www.bimandco.com\/bim\/fr\/politique-des-cookies\/#breadcrumb"},"inLanguage":"fr-FR","potentialAction":[{"@type":"ReadAction","target":["https:\/\/www.bimandco.com\/bim\/fr\/politique-des-cookies\/"]}]},{"@type":"BreadcrumbList","@id":"https:\/\/www.bimandco.com\/bim\/fr\/politique-des-cookies\/#breadcrumb","itemListElement":[{"@type":"ListItem","position":1,"name":"Accueil","item":"https:\/\/www.bimandco.com\/bim\/fr\/"},{"@type":"ListItem","position":2,"name":"Politique des Cookies"}]},{"@type":"WebSite","@id":"https:\/\/www.bimandco.com\/bim\/#website","url":"https:\/\/www.bimandco.com\/bim\/","name":"BIM&amp;CO","description":"","publisher":{"@id":"https:\/\/www.bimandco.com\/bim\/#organization"},"potentialAction":[{"@type":"SearchAction","target":{"@type":"EntryPoint","urlTemplate":"https:\/\/www.bimandco.com\/bim\/?s={search_term_string}"},"query-input":{"@type":"PropertyValueSpecification","valueRequired":true,"valueName":"search_term_string"}}],"inLanguage":"fr-FR"},{"@type":"Organization","@id":"https:\/\/www.bimandco.com\/bim\/#organization","name":"BIM&amp;CO","url":"https:\/\/www.bimandco.com\/bim\/","logo":{"@type":"ImageObject","inLanguage":"fr-FR","@id":"https:\/\/www.bimandco.com\/bim\/#\/schema\/logo\/image\/","url":"https:\/\/www.bimandco.com\/bim\/wp-content\/uploads\/2023\/03\/logo-bimandco-1.svg","contentUrl":"https:\/\/www.bimandco.com\/bim\/wp-content\/uploads\/2023\/03\/logo-bimandco-1.svg","width":102,"height":50,"caption":"BIM&amp;CO"},"image":{"@id":"https:\/\/www.bimandco.com\/bim\/#\/schema\/logo\/image\/"}}]}},"_links":{"self":[{"href":"https:\/\/www.bimandco.com\/bim\/wp-json\/wp\/v2\/pages\/36749","targetHints":{"allow":["GET"]}}],"collection":[{"href":"https:\/\/www.bimandco.com\/bim\/wp-json\/wp\/v2\/pages"}],"about":[{"href":"https:\/\/www.bimandco.com\/bim\/wp-json\/wp\/v2\/types\/page"}],"author":[{"embeddable":true,"href":"https:\/\/www.bimandco.com\/bim\/wp-json\/wp\/v2\/users\/2"}],"replies":[{"embeddable":true,"href":"https:\/\/www.bimandco.com\/bim\/wp-json\/wp\/v2\/comments?post=36749"}],"version-history":[{"count":10,"href":"https:\/\/www.bimandco.com\/bim\/wp-json\/wp\/v2\/pages\/36749\/revisions"}],"predecessor-version":[{"id":44149,"href":"https:\/\/www.bimandco.com\/bim\/wp-json\/wp\/v2\/pages\/36749\/revisions\/44149"}],"wp:attachment":[{"href":"https:\/\/www.bimandco.com\/bim\/wp-json\/wp\/v2\/media?parent=36749"}],"curies":[{"name":"wp","href":"https:\/\/api.w.org\/{rel}","templated":true}]}}