{"id":3442,"date":"2020-04-27T15:22:33","date_gmt":"2020-04-27T13:22:33","guid":{"rendered":"https:\/\/www.bimandco.com\/bim\/?page_id=3442"},"modified":"2020-06-16T22:02:29","modified_gmt":"2020-06-16T20:02:29","slug":"extensoes-de-plugin-revit","status":"publish","type":"page","link":"https:\/\/www.bimandco.com\/bim\/pt\/extensoes-de-plugin-revit\/","title":{"rendered":"Plugin Revit"},"content":{"rendered":"<div id=\"pl-gb3442-69f95b262bb84\"  class=\"panel-layout\" ><div id=\"pg-gb3442-69f95b262bb84-0\"  class=\"panel-grid panel-has-style\" ><div class=\"page-section bg-plugin-revit panel-row-style panel-row-style-for-gb3442-69f95b262bb84-0\" id=\"section-plugin01\" ><div id=\"pgc-gb3442-69f95b262bb84-0-0\"  class=\"panel-grid-cell\" ><div id=\"panel-gb3442-69f95b262bb84-0-0-0\" class=\"so-panel widget widget_siteorigin-panels-builder panel-first-child panel-last-child\" data-index=\"0\" ><div class=\"container panel-widget-style panel-widget-style-for-gb3442-69f95b262bb84-0-0-0\" ><div id=\"pl-w5ee92528789f6\"  class=\"panel-layout\" ><div id=\"pg-w5ee92528789f6-0\"  class=\"panel-grid panel-no-style\" ><div id=\"pgc-w5ee92528789f6-0-0\"  class=\"panel-grid-cell\" ><div id=\"panel-w5ee92528789f6-0-0-0\" class=\"so-panel widget widget_media_image panel-first-child\" data-index=\"0\" ><img decoding=\"async\" width=\"195\" height=\"48\" src=\"https:\/\/www.bimandco.com\/bim\/wp-content\/uploads\/2020\/04\/revit-white.png\" class=\"image wp-image-1028  attachment-full size-full\" alt=\"\" style=\"max-width: 100%; height: auto;\" srcset=\"https:\/\/www.bimandco.com\/bim\/wp-content\/uploads\/2020\/04\/revit-white.png 195w, https:\/\/www.bimandco.com\/bim\/wp-content\/uploads\/2020\/04\/revit-white-150x37.png 150w\" sizes=\"(max-width: 195px) 100vw, 195px\" \/><\/div><div id=\"panel-w5ee92528789f6-0-0-1\" class=\"widget_text so-panel widget widget_custom_html panel-last-child\" data-index=\"1\" ><div class=\"widget_text description panel-widget-style panel-widget-style-for-w5ee92528789f6-0-0-1\" ><div class=\"textwidget custom-html-widget\"><h1><span>Est\u00e1 na hora de<\/span> acelerar <strong>o seu Revit !<\/strong><\/h1> \n<p>Instale a aplica\u00e7\u00e3o BIM&amp;CO para <strong>Revit<\/strong><br \/>\n\t e descarregue milhares de objetos BIM gratuitamente.<\/p>\n<a href=\"\/pt\/bimandco-plugins\/trackdownload?type=Revit\" class=\"btn\">Descarregue agora!<\/a><\/div><\/div><\/div><\/div><div id=\"pgc-w5ee92528789f6-0-1\"  class=\"panel-grid-cell\" ><div id=\"panel-w5ee92528789f6-0-1-0\" class=\"so-panel widget widget_media_image panel-first-child panel-last-child\" data-index=\"2\" ><img fetchpriority=\"high\" decoding=\"async\" width=\"600\" height=\"670\" src=\"https:\/\/www.bimandco.com\/bim\/wp-content\/uploads\/2020\/04\/laptop-revit.png\" class=\"image wp-image-1030  attachment-full size-full\" alt=\"\" style=\"max-width: 100%; height: auto;\" srcset=\"https:\/\/www.bimandco.com\/bim\/wp-content\/uploads\/2020\/04\/laptop-revit.png 600w, https:\/\/www.bimandco.com\/bim\/wp-content\/uploads\/2020\/04\/laptop-revit-269x300.png 269w, https:\/\/www.bimandco.com\/bim\/wp-content\/uploads\/2020\/04\/laptop-revit-134x150.png 134w\" sizes=\"(max-width: 600px) 100vw, 600px\" \/><\/div><\/div><\/div><\/div><\/div><\/div><\/div><\/div><\/div><\/div>\n\n<div id=\"pl-gb3442-69f95b262d247\"  class=\"panel-layout\" ><div id=\"pg-gb3442-69f95b262d247-0\"  class=\"panel-grid panel-has-style\" ><div class=\"page-section container panel-row-style panel-row-style-for-gb3442-69f95b262d247-0\" id=\"section-plugin02\" ><div id=\"pgc-gb3442-69f95b262d247-0-0\"  class=\"panel-grid-cell\" ><div id=\"panel-gb3442-69f95b262d247-0-0-0\" class=\"so-panel widget widget_text panel-first-child\" data-index=\"0\" ><div class=\"smart-download panel-widget-style panel-widget-style-for-gb3442-69f95b262d247-0-0-0\" ><h2 class=\"widget-title\">DOWNLOAD INTELIGENTE<\/h2>\t\t\t<div class=\"textwidget\"><p>Plugin para Revit<\/p>\n<\/div>\n\t\t<\/div><\/div><div id=\"panel-gb3442-69f95b262d247-0-0-1\" class=\"so-panel widget widget_siteorigin-panels-builder panel-last-child\" data-index=\"1\" ><div id=\"pl-w5ea6deec13fb5\"  class=\"panel-layout\" ><div id=\"pg-w5ea6deec13fb5-0\"  class=\"panel-grid panel-no-style\" ><div id=\"pgc-w5ea6deec13fb5-0-0\"  class=\"panel-grid-cell\" ><div id=\"panel-w5ea6deec13fb5-0-0-0\" class=\"so-panel widget widget_text panel-first-child panel-last-child\" data-index=\"0\" >\t\t\t<div class=\"textwidget\"><p>Ao utilizar a aplica\u00e7\u00e3o BIM&#038;CO para Autodesk Revit, os utilizadores do Revit podem importar diretamente objetos BIM para o seu modelo digital a partir dos seus softwares profissionais. Esta ferramenta permite efetuar o download de um objeto e das suas propriedades de acordo com as suas necessidades espec\u00edficas ou o seu projeto, permitindo tamb\u00e9m efetuar o upload dos seus pr\u00f3prios produtos para a plataforma. Al\u00e9m disso, os utilizadores s\u00e3o informados quando o objeto \u00e9 atualizado pelos fabricantes.<\/p>\n<\/div>\n\t\t<\/div><\/div><div id=\"pgc-w5ea6deec13fb5-0-1\"  class=\"panel-grid-cell\" ><div id=\"panel-w5ea6deec13fb5-0-1-0\" class=\"so-panel widget widget_media_image panel-first-child panel-last-child\" data-index=\"1\" ><img decoding=\"async\" width=\"389\" height=\"307\" src=\"https:\/\/www.bimandco.com\/bim\/wp-content\/uploads\/2020\/04\/smart-download.png\" class=\"image wp-image-1034  attachment-full size-full\" alt=\"\" style=\"max-width: 100%; height: auto;\" srcset=\"https:\/\/www.bimandco.com\/bim\/wp-content\/uploads\/2020\/04\/smart-download.png 389w, https:\/\/www.bimandco.com\/bim\/wp-content\/uploads\/2020\/04\/smart-download-300x237.png 300w, https:\/\/www.bimandco.com\/bim\/wp-content\/uploads\/2020\/04\/smart-download-150x118.png 150w\" sizes=\"(max-width: 389px) 100vw, 389px\" \/><\/div><\/div><\/div><\/div><\/div><\/div><\/div><\/div><\/div>\n\n<div id=\"pl-gb3442-69f95b262e1de\"  class=\"panel-layout\" ><div id=\"pg-gb3442-69f95b262e1de-0\"  class=\"panel-grid panel-has-style\" ><div class=\"page-section bg-plugin-revit panel-row-style panel-row-style-for-gb3442-69f95b262e1de-0\" id=\"section-plugin03\" ><div id=\"pgc-gb3442-69f95b262e1de-0-0\"  class=\"panel-grid-cell\" ><div id=\"panel-gb3442-69f95b262e1de-0-0-0\" class=\"so-panel widget widget_siteorigin-panels-builder panel-first-child panel-last-child\" data-index=\"0\" ><div class=\"container panel-widget-style panel-widget-style-for-gb3442-69f95b262e1de-0-0-0\" ><div id=\"pl-w5ea6df2736e63\"  class=\"panel-layout\" ><div id=\"pg-w5ea6df2736e63-0\"  class=\"panel-grid panel-no-style\" ><div id=\"pgc-w5ea6df2736e63-0-0\"  class=\"panel-grid-cell\" ><div id=\"panel-w5ea6df2736e63-0-0-0\" class=\"so-panel widget widget_text panel-first-child\" data-index=\"0\" ><div class=\"avantages panel-widget-style panel-widget-style-for-w5ea6df2736e63-0-0-0\" ><h2 class=\"widget-title\">VANTAGENS<\/h2>\t\t\t<div class=\"textwidget\"><p>Fa\u00e7a uma viagem<\/p>\n<\/div>\n\t\t<\/div><\/div><div id=\"panel-w5ea6df2736e63-0-0-1\" class=\"so-panel widget widget_media_image panel-last-child\" data-index=\"1\" ><div class=\"benefits panel-widget-style panel-widget-style-for-w5ea6df2736e63-0-0-1\" ><img loading=\"lazy\" decoding=\"async\" width=\"836\" height=\"490\" src=\"https:\/\/www.bimandco.com\/bim\/wp-content\/uploads\/2020\/04\/benefits-take-a-tour.png\" class=\"image wp-image-1052  attachment-full size-full\" alt=\"\" style=\"max-width: 100%; height: auto;\" srcset=\"https:\/\/www.bimandco.com\/bim\/wp-content\/uploads\/2020\/04\/benefits-take-a-tour.png 836w, https:\/\/www.bimandco.com\/bim\/wp-content\/uploads\/2020\/04\/benefits-take-a-tour-300x176.png 300w, https:\/\/www.bimandco.com\/bim\/wp-content\/uploads\/2020\/04\/benefits-take-a-tour-150x88.png 150w, https:\/\/www.bimandco.com\/bim\/wp-content\/uploads\/2020\/04\/benefits-take-a-tour-768x450.png 768w\" sizes=\"(max-width: 836px) 100vw, 836px\" \/><\/div><\/div><\/div><\/div><\/div><\/div><\/div><\/div><\/div><\/div><\/div>\n\n<div id=\"pl-gb3442-69f95b262ee9c\"  class=\"panel-layout\" ><div id=\"pg-gb3442-69f95b262ee9c-0\"  class=\"panel-grid panel-has-style\" ><div class=\"page-section container panel-row-style panel-row-style-for-gb3442-69f95b262ee9c-0\" id=\"section-plugin04\" ><div id=\"pgc-gb3442-69f95b262ee9c-0-0\"  class=\"panel-grid-cell\" ><div id=\"panel-gb3442-69f95b262ee9c-0-0-0\" class=\"widget_text so-panel widget widget_custom_html panel-first-child\" data-index=\"0\" ><div class=\"widget_text align-center panel-widget-style panel-widget-style-for-gb3442-69f95b262ee9c-0-0-0\" ><div class=\"textwidget custom-html-widget\"><a href=\"\/pt\/bimandco-plugins\/trackdownload?type=Revit\" class=\"btn btn-blue-medium\">Descarregue agora!<\/a><\/div><\/div><\/div><div id=\"panel-gb3442-69f95b262ee9c-0-0-1\" class=\"so-panel widget widget_siteorigin-panels-builder panel-last-child\" data-index=\"1\" ><div id=\"pl-w5ee925402379c\"  class=\"panel-layout\" ><div id=\"pg-w5ee925402379c-0\"  class=\"panel-grid panel-no-style\" ><div id=\"pgc-w5ee925402379c-0-0\"  class=\"panel-grid-cell\" ><div id=\"panel-w5ee925402379c-0-0-0\" class=\"so-panel widget widget_text panel-first-child panel-last-child\" data-index=\"0\" ><h2 class=\"widget-title\">Download em um clique<\/h2>\t\t\t<div class=\"textwidget\"><p>Descarregue qualquer objeto da plataforma para o seu projeto, conforme foram carregados pelo autor.<\/p>\n<\/div>\n\t\t<\/div><\/div><div id=\"pgc-w5ee925402379c-0-1\"  class=\"panel-grid-cell\" ><div id=\"panel-w5ee925402379c-0-1-0\" class=\"so-panel widget widget_media_image panel-first-child panel-last-child\" data-index=\"1\" ><img loading=\"lazy\" decoding=\"async\" width=\"498\" height=\"266\" src=\"https:\/\/www.bimandco.com\/bim\/wp-content\/uploads\/2020\/04\/plugin-QDL.gif\" class=\"image wp-image-1039  attachment-full size-full\" alt=\"\" style=\"max-width: 100%; height: auto;\" \/><\/div><\/div><\/div><\/div><\/div><\/div><\/div><\/div><\/div>\n\n<div id=\"pl-gb3442-69f95b262fb6f\"  class=\"panel-layout\" ><div id=\"pg-gb3442-69f95b262fb6f-0\"  class=\"panel-grid panel-has-style\" ><div class=\"page-section panel-row-style panel-row-style-for-gb3442-69f95b262fb6f-0\" id=\"section-plugin05\" ><div id=\"pgc-gb3442-69f95b262fb6f-0-0\"  class=\"panel-grid-cell\" ><div id=\"panel-gb3442-69f95b262fb6f-0-0-0\" class=\"so-panel widget widget_siteorigin-panels-builder panel-first-child panel-last-child\" data-index=\"0\" ><div id=\"pl-w5ea6df64a412c\"  class=\"panel-layout\" ><div id=\"pg-w5ea6df64a412c-0\"  class=\"panel-grid panel-has-style\" ><div class=\"container panel-row-style panel-row-style-for-w5ea6df64a412c-0\" ><div id=\"pgc-w5ea6df64a412c-0-0\"  class=\"panel-grid-cell\" ><div id=\"panel-w5ea6df64a412c-0-0-0\" class=\"so-panel widget widget_media_image panel-first-child panel-last-child\" data-index=\"0\" ><img loading=\"lazy\" decoding=\"async\" width=\"498\" height=\"266\" src=\"https:\/\/www.bimandco.com\/bim\/wp-content\/uploads\/2020\/04\/plugin-SDL.gif\" class=\"image wp-image-1043  attachment-full size-full\" alt=\"\" style=\"max-width: 100%; height: auto;\" \/><\/div><\/div><div id=\"pgc-w5ea6df64a412c-0-1\"  class=\"panel-grid-cell\" ><div id=\"panel-w5ea6df64a412c-0-1-0\" class=\"so-panel widget widget_text panel-first-child panel-last-child\" data-index=\"1\" ><h2 class=\"widget-title\">Download \u00e0 medida<\/h2>\t\t\t<div class=\"textwidget\"><p>BIM&amp;CO permite-lhe descarregar a geometria 3D de um objeto BIM com diferente N\u00edveis de Pormenor (LOD) e propriedades com o N\u00edvel de Informa\u00e7\u00e3o (LOI) por si pretendidos.<br \/>\nEscolha as refer\u00eancias e as propriedades que visa associar \u00e0 geometria do seu projeto; depois, fa\u00e7a o download diretamente para o seu modelo. Acabaram-se os projectos com dados que n\u00e3o lhe s\u00e3o necess\u00e1rios!<\/p>\n<\/div>\n\t\t<\/div><\/div><\/div><\/div><\/div><\/div><\/div><\/div><\/div><\/div>\n\n<div id=\"pl-gb3442-69f95b2630bb6\"  class=\"panel-layout\" ><div id=\"pg-gb3442-69f95b2630bb6-0\"  class=\"panel-grid panel-has-style\" ><div class=\"page-section container panel-row-style panel-row-style-for-gb3442-69f95b2630bb6-0\" id=\"section-plugin06\" ><div id=\"pgc-gb3442-69f95b2630bb6-0-0\"  class=\"panel-grid-cell\" ><div id=\"panel-gb3442-69f95b2630bb6-0-0-0\" class=\"so-panel widget widget_text panel-first-child panel-last-child\" data-index=\"0\" ><h2 class=\"widget-title\">Descarregamento de dados<\/h2>\t\t\t<div class=\"textwidget\"><p>Precisa apenas dos dados t\u00e9cnicos do objeto BIM de um fabricante para os associar ao seu objeto gen\u00e9rico? Selecione os dados e as refer\u00eancia que visa importar e funda-as com o seu pr\u00f3prio objeto, diretamente no seu modelo.<\/p>\n<\/div>\n\t\t<\/div><\/div><div id=\"pgc-gb3442-69f95b2630bb6-0-1\"  class=\"panel-grid-cell\" ><div id=\"panel-gb3442-69f95b2630bb6-0-1-0\" class=\"so-panel widget widget_media_image panel-first-child panel-last-child\" data-index=\"1\" ><img loading=\"lazy\" decoding=\"async\" width=\"498\" height=\"266\" src=\"https:\/\/www.bimandco.com\/bim\/wp-content\/uploads\/2020\/04\/plugin-QDL.gif\" class=\"image wp-image-1039  attachment-full size-full\" alt=\"\" style=\"max-width: 100%; height: auto;\" \/><\/div><\/div><\/div><\/div><\/div>\n\n<div id=\"pl-gb3442-69f95b263119d\"  class=\"panel-layout\" ><div id=\"pg-gb3442-69f95b263119d-0\"  class=\"panel-grid panel-has-style\" ><div class=\"page-section bg-plugin-revit panel-row-style panel-row-style-for-gb3442-69f95b263119d-0\" id=\"section-plugin07\" ><div id=\"pgc-gb3442-69f95b263119d-0-0\"  class=\"panel-grid-cell\" ><div id=\"panel-gb3442-69f95b263119d-0-0-0\" class=\"so-panel widget widget_siteorigin-panels-builder panel-first-child panel-last-child\" data-index=\"0\" ><div class=\"container panel-widget-style panel-widget-style-for-gb3442-69f95b263119d-0-0-0\" ><div id=\"pl-w5ee9255141a20\"  class=\"panel-layout\" ><div id=\"pg-w5ee9255141a20-0\"  class=\"panel-grid panel-no-style\" ><div id=\"pgc-w5ee9255141a20-0-0\"  class=\"panel-grid-cell\" ><div id=\"panel-w5ee9255141a20-0-0-0\" class=\"so-panel widget widget_text panel-first-child\" data-index=\"0\" ><div class=\"telecharger panel-widget-style panel-widget-style-for-w5ee9255141a20-0-0-0\" ><h2 class=\"widget-title\">DESCARREGUE AGORA<\/h2>\t\t\t<div class=\"textwidget\"><p>Come\u00e7ar<\/p>\n<\/div>\n\t\t<\/div><\/div><div id=\"panel-w5ee9255141a20-0-0-1\" class=\"widget_text so-panel widget widget_custom_html panel-last-child\" data-index=\"1\" ><div class=\"widget_text align-center panel-widget-style panel-widget-style-for-w5ee9255141a20-0-0-1\" ><div class=\"textwidget custom-html-widget\"><a href=\"\/pt\/bimandco-plugins\/trackdownload?type=Revit\" class=\"btn\">Descarregue agora!<\/a><\/div><\/div><\/div><\/div><\/div><\/div><\/div><\/div><\/div><\/div><\/div><\/div>\n\n<div id=\"pl-gb3442-69f95b26318c5\"  class=\"panel-layout\" ><div id=\"pg-gb3442-69f95b26318c5-0\"  class=\"panel-grid panel-has-style\" ><div class=\"page-section container panel-row-style panel-row-style-for-gb3442-69f95b26318c5-0\" id=\"section-plugin08\" ><div id=\"pgc-gb3442-69f95b26318c5-0-0\"  class=\"panel-grid-cell\" ><div id=\"panel-gb3442-69f95b26318c5-0-0-0\" class=\"so-panel widget widget_text panel-first-child panel-last-child\" data-index=\"0\" ><h2 class=\"widget-title\">Carregue e edite os seus objetos<\/h2>\t\t\t<div class=\"textwidget\"><p>Carregue qualquer objeto do seu modelo para a plataforma e edite os seus dados diretamente online. Pode gerir a sua biblioteca e editar as suas propriedades, ou at\u00e9 adicionar outras, pelo simples uso do seu navegador. A BIM&#038;CO permite-lhe tamb\u00e9m melhorar os seus objetos BIM com v\u00e1rias fotos, elementos 2D e documentos adicionais que abrangem o design, constru\u00e7\u00e3o e funcionamento do seu edif\u00edcio.<\/p>\n<\/div>\n\t\t<\/div><\/div><div id=\"pgc-gb3442-69f95b26318c5-0-1\"  class=\"panel-grid-cell\" ><div id=\"panel-gb3442-69f95b26318c5-0-1-0\" class=\"so-panel widget widget_media_image panel-first-child panel-last-child\" data-index=\"1\" ><img loading=\"lazy\" decoding=\"async\" width=\"498\" height=\"266\" src=\"https:\/\/www.bimandco.com\/bim\/wp-content\/uploads\/2020\/04\/plugin-QDL.gif\" class=\"image wp-image-1039  attachment-full size-full\" alt=\"\" style=\"max-width: 100%; height: auto;\" \/><\/div><\/div><\/div><\/div><\/div>\n\n<div id=\"pl-gb3442-69f95b2631f5f\"  class=\"panel-layout\" ><div id=\"pg-gb3442-69f95b2631f5f-0\"  class=\"panel-grid panel-has-style\" ><div class=\"page-section panel-row-style panel-row-style-for-gb3442-69f95b2631f5f-0\" id=\"section-plugin09\" ><div id=\"pgc-gb3442-69f95b2631f5f-0-0\"  class=\"panel-grid-cell\" ><div id=\"panel-gb3442-69f95b2631f5f-0-0-0\" class=\"so-panel widget widget_siteorigin-panels-builder panel-first-child panel-last-child\" data-index=\"0\" ><div id=\"pl-w5ea6dfd951ce0\"  class=\"panel-layout\" ><div id=\"pg-w5ea6dfd951ce0-0\"  class=\"panel-grid panel-has-style\" ><div class=\"container panel-row-style panel-row-style-for-w5ea6dfd951ce0-0\" ><div id=\"pgc-w5ea6dfd951ce0-0-0\"  class=\"panel-grid-cell\" ><div id=\"panel-w5ea6dfd951ce0-0-0-0\" class=\"so-panel widget widget_media_image panel-first-child panel-last-child\" data-index=\"0\" ><img loading=\"lazy\" decoding=\"async\" width=\"498\" height=\"266\" src=\"https:\/\/www.bimandco.com\/bim\/wp-content\/uploads\/2020\/04\/plugin-SDL.gif\" class=\"image wp-image-1043  attachment-full size-full\" alt=\"\" style=\"max-width: 100%; height: auto;\" \/><\/div><\/div><div id=\"pgc-w5ea6dfd951ce0-0-1\"  class=\"panel-grid-cell\" ><div id=\"panel-w5ea6dfd951ce0-0-1-0\" class=\"so-panel widget widget_text panel-first-child panel-last-child\" data-index=\"1\" ><h2 class=\"widget-title\">Traduza automaticamente os dados do seu objeto<\/h2>\t\t\t<div class=\"textwidget\"><p>Gra\u00e7as ao nosso Sistema de Gest\u00e3o de Propriedades Aberto (OPMS), quando carrega objetos BIM na plataforma as suas propriedades s\u00e3o traduzidas automaticamente para diferentes idiomas.<br \/>\nDo mesmo modo, pode tamb\u00e9m descarregar todas as propriedades dos objetos da plataforma para o idioma por si pretendido.<\/p>\n<\/div>\n\t\t<\/div><\/div><\/div><\/div><\/div><\/div><\/div><\/div><\/div><\/div>\n\n<div id=\"pl-gb3442-69f95b2632869\"  class=\"panel-layout\" ><div id=\"pg-gb3442-69f95b2632869-0\"  class=\"panel-grid panel-has-style\" ><div class=\"page-section container panel-row-style panel-row-style-for-gb3442-69f95b2632869-0\" id=\"section-plugin10\" ><div id=\"pgc-gb3442-69f95b2632869-0-0\"  class=\"panel-grid-cell\" ><div id=\"panel-gb3442-69f95b2632869-0-0-0\" class=\"so-panel widget widget_text panel-first-child panel-last-child\" data-index=\"0\" ><h2 class=\"widget-title\">Os objetos BIM est\u00e3o sempre atualizados<\/h2>\t\t\t<div class=\"textwidget\"><p>Tenha a certeza que o seu modelo \u00e9 constantemente atualizado: quando abre um projeto, a nossa Aplica\u00e7\u00e3o BIM&#038;CO verifica o seu modelo e avisa-o das atualiza\u00e7\u00f5es dispon\u00edveis.<br \/>\nPode tamb\u00e9m optar por iniciar esta verifica\u00e7\u00e3o sempre que entender, enquanto trabalha no seu modelo.<\/p>\n<\/div>\n\t\t<\/div><\/div><div id=\"pgc-gb3442-69f95b2632869-0-1\"  class=\"panel-grid-cell\" ><div id=\"panel-gb3442-69f95b2632869-0-1-0\" class=\"so-panel widget widget_media_image panel-first-child panel-last-child\" data-index=\"1\" ><img loading=\"lazy\" decoding=\"async\" width=\"498\" height=\"266\" src=\"https:\/\/www.bimandco.com\/bim\/wp-content\/uploads\/2020\/04\/plugin-QDL.gif\" class=\"image wp-image-1039  attachment-full size-full\" alt=\"\" style=\"max-width: 100%; height: auto;\" \/><\/div><\/div><\/div><\/div><\/div>\n\n\n<p><\/p>\n","protected":false},"excerpt":{"rendered":"","protected":false},"author":2,"featured_media":0,"parent":0,"menu_order":0,"comment_status":"closed","ping_status":"closed","template":"","meta":{"_acf_changed":false,"content-type":"","footnotes":""},"class_list":["post-3442","page","type-page","status-publish","hentry"],"acf":[],"yoast_head":"<!-- This site is optimized with the Yoast SEO plugin v26.0 - https:\/\/yoast.com\/wordpress\/plugins\/seo\/ -->\n<title>Plugin Revit - BIM&amp;CO<\/title>\n<meta name=\"robots\" content=\"index, follow, max-snippet:-1, max-image-preview:large, max-video-preview:-1\" \/>\n<link rel=\"canonical\" href=\"https:\/\/www.bimandco.com\/bim\/pt\/extensoes-de-plugin-revit\/\" \/>\n<meta property=\"og:locale\" content=\"fr_FR\" \/>\n<meta property=\"og:type\" content=\"article\" \/>\n<meta property=\"og:title\" content=\"Plugin Revit - BIM&amp;CO\" \/>\n<meta property=\"og:url\" content=\"https:\/\/www.bimandco.com\/bim\/pt\/extensoes-de-plugin-revit\/\" \/>\n<meta property=\"og:site_name\" content=\"BIM&amp;CO\" \/>\n<meta property=\"article:modified_time\" content=\"2020-06-16T20:02:29+00:00\" \/>\n<meta name=\"twitter:card\" content=\"summary_large_image\" \/>\n<script type=\"application\/ld+json\" class=\"yoast-schema-graph\">{\"@context\":\"https:\/\/schema.org\",\"@graph\":[{\"@type\":\"WebPage\",\"@id\":\"https:\/\/www.bimandco.com\/bim\/pt\/extensoes-de-plugin-revit\/\",\"url\":\"https:\/\/www.bimandco.com\/bim\/pt\/extensoes-de-plugin-revit\/\",\"name\":\"Plugin Revit - BIM&amp;CO\",\"isPartOf\":{\"@id\":\"https:\/\/www.bimandco.com\/bim\/#website\"},\"datePublished\":\"2020-04-27T13:22:33+00:00\",\"dateModified\":\"2020-06-16T20:02:29+00:00\",\"breadcrumb\":{\"@id\":\"https:\/\/www.bimandco.com\/bim\/pt\/extensoes-de-plugin-revit\/#breadcrumb\"},\"inLanguage\":\"fr-FR\",\"potentialAction\":[{\"@type\":\"ReadAction\",\"target\":[\"https:\/\/www.bimandco.com\/bim\/pt\/extensoes-de-plugin-revit\/\"]}]},{\"@type\":\"BreadcrumbList\",\"@id\":\"https:\/\/www.bimandco.com\/bim\/pt\/extensoes-de-plugin-revit\/#breadcrumb\",\"itemListElement\":[{\"@type\":\"ListItem\",\"position\":1,\"name\":\"Accueil\",\"item\":\"https:\/\/www.bimandco.com\/bim\/fr\/\"},{\"@type\":\"ListItem\",\"position\":2,\"name\":\"Plugin Revit\"}]},{\"@type\":\"WebSite\",\"@id\":\"https:\/\/www.bimandco.com\/bim\/#website\",\"url\":\"https:\/\/www.bimandco.com\/bim\/\",\"name\":\"BIM&amp;CO\",\"description\":\"\",\"publisher\":{\"@id\":\"https:\/\/www.bimandco.com\/bim\/#organization\"},\"potentialAction\":[{\"@type\":\"SearchAction\",\"target\":{\"@type\":\"EntryPoint\",\"urlTemplate\":\"https:\/\/www.bimandco.com\/bim\/?s={search_term_string}\"},\"query-input\":{\"@type\":\"PropertyValueSpecification\",\"valueRequired\":true,\"valueName\":\"search_term_string\"}}],\"inLanguage\":\"fr-FR\"},{\"@type\":\"Organization\",\"@id\":\"https:\/\/www.bimandco.com\/bim\/#organization\",\"name\":\"BIM&amp;CO\",\"url\":\"https:\/\/www.bimandco.com\/bim\/\",\"logo\":{\"@type\":\"ImageObject\",\"inLanguage\":\"fr-FR\",\"@id\":\"https:\/\/www.bimandco.com\/bim\/#\/schema\/logo\/image\/\",\"url\":\"https:\/\/www.bimandco.com\/bim\/wp-content\/uploads\/2023\/03\/logo-bimandco-1.svg\",\"contentUrl\":\"https:\/\/www.bimandco.com\/bim\/wp-content\/uploads\/2023\/03\/logo-bimandco-1.svg\",\"width\":102,\"height\":50,\"caption\":\"BIM&amp;CO\"},\"image\":{\"@id\":\"https:\/\/www.bimandco.com\/bim\/#\/schema\/logo\/image\/\"}}]}<\/script>\n<!-- \/ Yoast SEO plugin. -->","yoast_head_json":{"title":"Plugin Revit - BIM&amp;CO","robots":{"index":"index","follow":"follow","max-snippet":"max-snippet:-1","max-image-preview":"max-image-preview:large","max-video-preview":"max-video-preview:-1"},"canonical":"https:\/\/www.bimandco.com\/bim\/pt\/extensoes-de-plugin-revit\/","og_locale":"fr_FR","og_type":"article","og_title":"Plugin Revit - BIM&amp;CO","og_url":"https:\/\/www.bimandco.com\/bim\/pt\/extensoes-de-plugin-revit\/","og_site_name":"BIM&amp;CO","article_modified_time":"2020-06-16T20:02:29+00:00","twitter_card":"summary_large_image","schema":{"@context":"https:\/\/schema.org","@graph":[{"@type":"WebPage","@id":"https:\/\/www.bimandco.com\/bim\/pt\/extensoes-de-plugin-revit\/","url":"https:\/\/www.bimandco.com\/bim\/pt\/extensoes-de-plugin-revit\/","name":"Plugin Revit - BIM&amp;CO","isPartOf":{"@id":"https:\/\/www.bimandco.com\/bim\/#website"},"datePublished":"2020-04-27T13:22:33+00:00","dateModified":"2020-06-16T20:02:29+00:00","breadcrumb":{"@id":"https:\/\/www.bimandco.com\/bim\/pt\/extensoes-de-plugin-revit\/#breadcrumb"},"inLanguage":"fr-FR","potentialAction":[{"@type":"ReadAction","target":["https:\/\/www.bimandco.com\/bim\/pt\/extensoes-de-plugin-revit\/"]}]},{"@type":"BreadcrumbList","@id":"https:\/\/www.bimandco.com\/bim\/pt\/extensoes-de-plugin-revit\/#breadcrumb","itemListElement":[{"@type":"ListItem","position":1,"name":"Accueil","item":"https:\/\/www.bimandco.com\/bim\/fr\/"},{"@type":"ListItem","position":2,"name":"Plugin Revit"}]},{"@type":"WebSite","@id":"https:\/\/www.bimandco.com\/bim\/#website","url":"https:\/\/www.bimandco.com\/bim\/","name":"BIM&amp;CO","description":"","publisher":{"@id":"https:\/\/www.bimandco.com\/bim\/#organization"},"potentialAction":[{"@type":"SearchAction","target":{"@type":"EntryPoint","urlTemplate":"https:\/\/www.bimandco.com\/bim\/?s={search_term_string}"},"query-input":{"@type":"PropertyValueSpecification","valueRequired":true,"valueName":"search_term_string"}}],"inLanguage":"fr-FR"},{"@type":"Organization","@id":"https:\/\/www.bimandco.com\/bim\/#organization","name":"BIM&amp;CO","url":"https:\/\/www.bimandco.com\/bim\/","logo":{"@type":"ImageObject","inLanguage":"fr-FR","@id":"https:\/\/www.bimandco.com\/bim\/#\/schema\/logo\/image\/","url":"https:\/\/www.bimandco.com\/bim\/wp-content\/uploads\/2023\/03\/logo-bimandco-1.svg","contentUrl":"https:\/\/www.bimandco.com\/bim\/wp-content\/uploads\/2023\/03\/logo-bimandco-1.svg","width":102,"height":50,"caption":"BIM&amp;CO"},"image":{"@id":"https:\/\/www.bimandco.com\/bim\/#\/schema\/logo\/image\/"}}]}},"_links":{"self":[{"href":"https:\/\/www.bimandco.com\/bim\/wp-json\/wp\/v2\/pages\/3442","targetHints":{"allow":["GET"]}}],"collection":[{"href":"https:\/\/www.bimandco.com\/bim\/wp-json\/wp\/v2\/pages"}],"about":[{"href":"https:\/\/www.bimandco.com\/bim\/wp-json\/wp\/v2\/types\/page"}],"author":[{"embeddable":true,"href":"https:\/\/www.bimandco.com\/bim\/wp-json\/wp\/v2\/users\/2"}],"replies":[{"embeddable":true,"href":"https:\/\/www.bimandco.com\/bim\/wp-json\/wp\/v2\/comments?post=3442"}],"version-history":[{"count":10,"href":"https:\/\/www.bimandco.com\/bim\/wp-json\/wp\/v2\/pages\/3442\/revisions"}],"predecessor-version":[{"id":4128,"href":"https:\/\/www.bimandco.com\/bim\/wp-json\/wp\/v2\/pages\/3442\/revisions\/4128"}],"wp:attachment":[{"href":"https:\/\/www.bimandco.com\/bim\/wp-json\/wp\/v2\/media?parent=3442"}],"curies":[{"name":"wp","href":"https:\/\/api.w.org\/{rel}","templated":true}]}}