{"id":3427,"date":"2020-04-27T15:03:22","date_gmt":"2020-04-27T13:03:22","guid":{"rendered":"https:\/\/www.bimandco.com\/bim\/?page_id=3427"},"modified":"2025-07-15T09:29:10","modified_gmt":"2025-07-15T07:29:10","slug":"plugin-fur-revit","status":"publish","type":"page","link":"https:\/\/www.bimandco.com\/bim\/de\/plugin-fur-revit\/","title":{"rendered":"Plugin Revit"},"content":{"rendered":"<div id=\"pl-gb3427-69f78bd9ac40c\"  class=\"panel-layout\" ><div id=\"pg-gb3427-69f78bd9ac40c-0\"  class=\"panel-grid panel-has-style\" ><div class=\"page-section bg-plugin-revit panel-row-style panel-row-style-for-gb3427-69f78bd9ac40c-0\" id=\"section-plugin01\" ><div id=\"pgc-gb3427-69f78bd9ac40c-0-0\"  class=\"panel-grid-cell\" ><div id=\"panel-gb3427-69f78bd9ac40c-0-0-0\" class=\"so-panel widget widget_siteorigin-panels-builder panel-first-child panel-last-child\" data-index=\"0\" ><div class=\"container panel-widget-style panel-widget-style-for-gb3427-69f78bd9ac40c-0-0-0\" ><div id=\"pl-w5ee923e758f15\"  class=\"panel-layout\" ><div id=\"pg-w5ee923e758f15-0\"  class=\"panel-grid panel-no-style\" ><div id=\"pgc-w5ee923e758f15-0-0\"  class=\"panel-grid-cell\" ><div id=\"panel-w5ee923e758f15-0-0-0\" class=\"so-panel widget widget_media_image panel-first-child\" data-index=\"0\" ><img decoding=\"async\" width=\"195\" height=\"48\" src=\"https:\/\/www.bimandco.com\/bim\/wp-content\/uploads\/2020\/04\/revit-white.png\" class=\"image wp-image-1028  attachment-full size-full\" alt=\"\" style=\"max-width: 100%; height: auto;\" srcset=\"https:\/\/www.bimandco.com\/bim\/wp-content\/uploads\/2020\/04\/revit-white.png 195w, https:\/\/www.bimandco.com\/bim\/wp-content\/uploads\/2020\/04\/revit-white-150x37.png 150w\" sizes=\"(max-width: 195px) 100vw, 195px\" \/><\/div><div id=\"panel-w5ee923e758f15-0-0-1\" class=\"widget_text so-panel widget widget_custom_html panel-last-child\" data-index=\"1\" ><div class=\"widget_text description panel-widget-style panel-widget-style-for-w5ee923e758f15-0-0-1\" ><div class=\"textwidget custom-html-widget\"><h1><span>Es ist an der Zeit,<\/span><strong>Ihr Revit zu beschleunigen<\/strong><\/h1>\n<p>Installieren Sie die BIM&amp;CO App f\u00fcr <strong>Revit<\/strong><br \/>\n\tund laden Sie dann Tausende von kostenlosen BIM-Objekten herunter.<\/p>\n<a href=\"\/de\/bimandco-plugins\/trackdownload?type=Revit\" class=\"btn\">Downloaden Sie es jetzt!<\/a><\/div><\/div><\/div><\/div><div id=\"pgc-w5ee923e758f15-0-1\"  class=\"panel-grid-cell\" ><div id=\"panel-w5ee923e758f15-0-1-0\" class=\"so-panel widget widget_media_image panel-first-child panel-last-child\" data-index=\"2\" ><img fetchpriority=\"high\" decoding=\"async\" width=\"600\" height=\"670\" src=\"https:\/\/www.bimandco.com\/bim\/wp-content\/uploads\/2020\/04\/laptop-revit.png\" class=\"image wp-image-1030  attachment-full size-full\" alt=\"\" style=\"max-width: 100%; height: auto;\" srcset=\"https:\/\/www.bimandco.com\/bim\/wp-content\/uploads\/2020\/04\/laptop-revit.png 600w, https:\/\/www.bimandco.com\/bim\/wp-content\/uploads\/2020\/04\/laptop-revit-269x300.png 269w, https:\/\/www.bimandco.com\/bim\/wp-content\/uploads\/2020\/04\/laptop-revit-134x150.png 134w\" sizes=\"(max-width: 600px) 100vw, 600px\" \/><\/div><\/div><\/div><\/div><\/div><\/div><\/div><\/div><\/div><\/div>\n\n<div id=\"pl-gb3427-69f78bd9ad72c\"  class=\"panel-layout\" ><div id=\"pg-gb3427-69f78bd9ad72c-0\"  class=\"panel-grid panel-has-style\" ><div class=\"page-section container panel-row-style panel-row-style-for-gb3427-69f78bd9ad72c-0\" id=\"section-plugin02\" ><div id=\"pgc-gb3427-69f78bd9ad72c-0-0\"  class=\"panel-grid-cell\" ><div id=\"panel-gb3427-69f78bd9ad72c-0-0-0\" class=\"so-panel widget widget_text panel-first-child\" data-index=\"0\" ><div class=\"smart-download panel-widget-style panel-widget-style-for-gb3427-69f78bd9ad72c-0-0-0\" ><h2 class=\"widget-title\">SMART DONWLOAD<\/h2>\t\t\t<div class=\"textwidget\"><p>Plugin f\u00fcr Revit<\/p>\n<\/div>\n\t\t<\/div><\/div><div id=\"panel-gb3427-69f78bd9ad72c-0-0-1\" class=\"so-panel widget widget_siteorigin-panels-builder panel-last-child\" data-index=\"1\" ><div id=\"pl-w5ea6d952cbd3b\"  class=\"panel-layout\" ><div id=\"pg-w5ea6d952cbd3b-0\"  class=\"panel-grid panel-no-style\" ><div id=\"pgc-w5ea6d952cbd3b-0-0\"  class=\"panel-grid-cell\" ><div id=\"panel-w5ea6d952cbd3b-0-0-0\" class=\"so-panel widget widget_text panel-first-child panel-last-child\" data-index=\"0\" >\t\t\t<div class=\"textwidget\"><p>Mit der BIM&#038;CO App f\u00fcr Autodesk Revit k\u00f6nnen Revit-Benutzer BIM-Objekte direkt aus ihrer Unternehmenssoftware in ihr digitales Modell importieren. Dieses Tool erm\u00f6glicht es, ein Objekt und seine Eigenschaften entsprechend Ihren spezifischen Bed\u00fcrfnissen oder Ihrem Projekt in Ihre Arbeitsumgebung herunterzuladen. Au\u00dferdem k\u00f6nnen Sie Ihre eigenen Produkte auf die Plattform hochladen. Au\u00dferdem werden Benutzer informiert, wenn das Objekt von den Herstellern aktualisiert wird.<\/p>\n<\/div>\n\t\t<\/div><\/div><div id=\"pgc-w5ea6d952cbd3b-0-1\"  class=\"panel-grid-cell\" ><div id=\"panel-w5ea6d952cbd3b-0-1-0\" class=\"so-panel widget widget_media_image panel-first-child panel-last-child\" data-index=\"1\" ><img decoding=\"async\" width=\"389\" height=\"307\" src=\"https:\/\/www.bimandco.com\/bim\/wp-content\/uploads\/2020\/04\/smart-download.png\" class=\"image wp-image-1034  attachment-full size-full\" alt=\"\" style=\"max-width: 100%; height: auto;\" srcset=\"https:\/\/www.bimandco.com\/bim\/wp-content\/uploads\/2020\/04\/smart-download.png 389w, https:\/\/www.bimandco.com\/bim\/wp-content\/uploads\/2020\/04\/smart-download-300x237.png 300w, https:\/\/www.bimandco.com\/bim\/wp-content\/uploads\/2020\/04\/smart-download-150x118.png 150w\" sizes=\"(max-width: 389px) 100vw, 389px\" \/><\/div><\/div><\/div><\/div><\/div><\/div><\/div><\/div><\/div>\n\n<div id=\"pl-gb3427-69f78bd9ae869\"  class=\"panel-layout\" ><div id=\"pg-gb3427-69f78bd9ae869-0\"  class=\"panel-grid panel-has-style\" ><div class=\"page-section bg-plugin-revit panel-row-style panel-row-style-for-gb3427-69f78bd9ae869-0\" id=\"section-plugin03\" ><div id=\"pgc-gb3427-69f78bd9ae869-0-0\"  class=\"panel-grid-cell\" ><div id=\"panel-gb3427-69f78bd9ae869-0-0-0\" class=\"so-panel widget widget_siteorigin-panels-builder panel-first-child panel-last-child\" data-index=\"0\" ><div class=\"container panel-widget-style panel-widget-style-for-gb3427-69f78bd9ae869-0-0-0\" ><div id=\"pl-w5ea6d96e347b9\"  class=\"panel-layout\" ><div id=\"pg-w5ea6d96e347b9-0\"  class=\"panel-grid panel-no-style\" ><div id=\"pgc-w5ea6d96e347b9-0-0\"  class=\"panel-grid-cell\" ><div id=\"panel-w5ea6d96e347b9-0-0-0\" class=\"so-panel widget widget_text panel-first-child\" data-index=\"0\" ><div class=\"avantages panel-widget-style panel-widget-style-for-w5ea6d96e347b9-0-0-0\" ><h2 class=\"widget-title\">VORTEILE<\/h2>\t\t\t<div class=\"textwidget\"><p>Machen Sie einen Rundgang<\/p>\n<\/div>\n\t\t<\/div><\/div><div id=\"panel-w5ea6d96e347b9-0-0-1\" class=\"so-panel widget widget_media_image panel-last-child\" data-index=\"1\" ><div class=\"benefits panel-widget-style panel-widget-style-for-w5ea6d96e347b9-0-0-1\" ><img loading=\"lazy\" decoding=\"async\" width=\"836\" height=\"490\" src=\"https:\/\/www.bimandco.com\/bim\/wp-content\/uploads\/2020\/04\/benefits-take-a-tour.png\" class=\"image wp-image-1052  attachment-full size-full\" alt=\"\" style=\"max-width: 100%; height: auto;\" srcset=\"https:\/\/www.bimandco.com\/bim\/wp-content\/uploads\/2020\/04\/benefits-take-a-tour.png 836w, https:\/\/www.bimandco.com\/bim\/wp-content\/uploads\/2020\/04\/benefits-take-a-tour-300x176.png 300w, https:\/\/www.bimandco.com\/bim\/wp-content\/uploads\/2020\/04\/benefits-take-a-tour-150x88.png 150w, https:\/\/www.bimandco.com\/bim\/wp-content\/uploads\/2020\/04\/benefits-take-a-tour-768x450.png 768w\" sizes=\"(max-width: 836px) 100vw, 836px\" \/><\/div><\/div><\/div><\/div><\/div><\/div><\/div><\/div><\/div><\/div><\/div>\n\n<div id=\"pl-gb3427-69f78bd9af4c3\"  class=\"panel-layout\" ><div id=\"pg-gb3427-69f78bd9af4c3-0\"  class=\"panel-grid panel-has-style\" ><div class=\"page-section container panel-row-style panel-row-style-for-gb3427-69f78bd9af4c3-0\" id=\"section-plugin04\" ><div id=\"pgc-gb3427-69f78bd9af4c3-0-0\"  class=\"panel-grid-cell\" ><div id=\"panel-gb3427-69f78bd9af4c3-0-0-0\" class=\"widget_text so-panel widget widget_custom_html panel-first-child\" data-index=\"0\" ><div class=\"widget_text align-center panel-widget-style panel-widget-style-for-gb3427-69f78bd9af4c3-0-0-0\" ><div class=\"textwidget custom-html-widget\"><a href=\"\/de\/bimandco-plugins\/trackdownload?type=Revit\" class=\"btn btn-blue-medium\">Downloaden Sie es jetzt!<\/a><\/div><\/div><\/div><div id=\"panel-gb3427-69f78bd9af4c3-0-0-1\" class=\"so-panel widget widget_siteorigin-panels-builder panel-last-child\" data-index=\"1\" ><div id=\"pl-w5ee924018e4ec\"  class=\"panel-layout\" ><div id=\"pg-w5ee924018e4ec-0\"  class=\"panel-grid panel-no-style\" ><div id=\"pgc-w5ee924018e4ec-0-0\"  class=\"panel-grid-cell\" ><div id=\"panel-w5ee924018e4ec-0-0-0\" class=\"so-panel widget widget_text panel-first-child panel-last-child\" data-index=\"0\" ><h2 class=\"widget-title\">Ein-Klick-Download<\/h2>\t\t\t<div class=\"textwidget\"><p>Laden Sie innerhalb Ihres Projekts alle Objekte der Plattform schnell herunter, so wie sie vom Autor hochgeladen wurden.<\/p>\n<\/div>\n\t\t<\/div><\/div><div id=\"pgc-w5ee924018e4ec-0-1\"  class=\"panel-grid-cell\" ><div id=\"panel-w5ee924018e4ec-0-1-0\" class=\"so-panel widget widget_media_image panel-first-child panel-last-child\" data-index=\"1\" ><img loading=\"lazy\" decoding=\"async\" width=\"498\" height=\"266\" src=\"https:\/\/www.bimandco.com\/bim\/wp-content\/uploads\/2020\/04\/plugin-QDL.gif\" class=\"image wp-image-1039  attachment-full size-full\" alt=\"\" style=\"max-width: 100%; height: auto;\" \/><\/div><\/div><\/div><\/div><\/div><\/div><\/div><\/div><\/div>\n\n<div id=\"pl-gb3427-69f78bd9b003b\"  class=\"panel-layout\" ><div id=\"pg-gb3427-69f78bd9b003b-0\"  class=\"panel-grid panel-has-style\" ><div class=\"page-section panel-row-style panel-row-style-for-gb3427-69f78bd9b003b-0\" id=\"section-plugin05\" ><div id=\"pgc-gb3427-69f78bd9b003b-0-0\"  class=\"panel-grid-cell\" ><div id=\"panel-gb3427-69f78bd9b003b-0-0-0\" class=\"so-panel widget widget_siteorigin-panels-builder panel-first-child panel-last-child\" data-index=\"0\" ><div id=\"pl-w5ea6d9d1dd6f7\"  class=\"panel-layout\" ><div id=\"pg-w5ea6d9d1dd6f7-0\"  class=\"panel-grid panel-has-style\" ><div class=\"container panel-row-style panel-row-style-for-w5ea6d9d1dd6f7-0\" ><div id=\"pgc-w5ea6d9d1dd6f7-0-0\"  class=\"panel-grid-cell\" ><div id=\"panel-w5ea6d9d1dd6f7-0-0-0\" class=\"so-panel widget widget_media_image panel-first-child panel-last-child\" data-index=\"0\" ><img loading=\"lazy\" decoding=\"async\" width=\"498\" height=\"266\" src=\"https:\/\/www.bimandco.com\/bim\/wp-content\/uploads\/2020\/04\/plugin-SDL.gif\" class=\"image wp-image-1043  attachment-full size-full\" alt=\"\" style=\"max-width: 100%; height: auto;\" \/><\/div><\/div><div id=\"pgc-w5ea6d9d1dd6f7-0-1\"  class=\"panel-grid-cell\" ><div id=\"panel-w5ea6d9d1dd6f7-0-1-0\" class=\"so-panel widget widget_text panel-first-child panel-last-child\" data-index=\"1\" ><h2 class=\"widget-title\">Ma\u00dfgeschneiderte Downloads<\/h2>\t\t\t<div class=\"textwidget\"><p>BIM&amp;CO erlaubt es Ihnen, die 3D-Geometrie eines BIM-Objektes mit unterschiedlichen Detailebenen (Levels of Detail oder LOD) und Eigenschaften mit Informationsebenen (Level of Information oder LOI) Ihrer Wahl herunterzuladen.<br \/>\nW\u00e4hlen Sie, welche Bez\u00fcge und Eigenschaften Sie mit der Geometrie Ihres Objektes verbinden wollen und laden es dann direkt in Ihr Modell herunter. Keine Projekte mit unn\u00fctzen Daten mehr!<\/p>\n<\/div>\n\t\t<\/div><\/div><\/div><\/div><\/div><\/div><\/div><\/div><\/div><\/div>\n\n<div id=\"pl-gb3427-69f78bd9b0b18\"  class=\"panel-layout\" ><div id=\"pg-gb3427-69f78bd9b0b18-0\"  class=\"panel-grid panel-has-style\" ><div class=\"page-section container panel-row-style panel-row-style-for-gb3427-69f78bd9b0b18-0\" id=\"section-plugin06\" ><div id=\"pgc-gb3427-69f78bd9b0b18-0-0\"  class=\"panel-grid-cell\" ><div id=\"panel-gb3427-69f78bd9b0b18-0-0-0\" class=\"so-panel widget widget_text panel-first-child panel-last-child\" data-index=\"0\" ><h2 class=\"widget-title\">Daten-Download<\/h2>\t\t\t<div class=\"textwidget\"><p>Ben\u00f6tigen Sie lediglich die technischen Daten eines Herstellers des BIM-Objekts, damit Sie es mit Ihrem generischen Objekt verbinden k\u00f6nnen? W\u00e4hlen Sie die Daten und Bez\u00fcge, die Sie zu importieren w\u00fcnschen und f\u00fcgen Sie sie zusammen mit Ihrem eigenen Objekt, direkt in Ihr Modell.<\/p>\n<\/div>\n\t\t<\/div><\/div><div id=\"pgc-gb3427-69f78bd9b0b18-0-1\"  class=\"panel-grid-cell\" ><div id=\"panel-gb3427-69f78bd9b0b18-0-1-0\" class=\"so-panel widget widget_media_image panel-first-child panel-last-child\" data-index=\"1\" ><img loading=\"lazy\" decoding=\"async\" width=\"498\" height=\"266\" src=\"https:\/\/www.bimandco.com\/bim\/wp-content\/uploads\/2020\/04\/plugin-QDL.gif\" class=\"image wp-image-1039  attachment-full size-full\" alt=\"\" style=\"max-width: 100%; height: auto;\" \/><\/div><\/div><\/div><\/div><\/div>\n\n<div id=\"pl-gb3427-69f78bd9b1091\"  class=\"panel-layout\" ><div id=\"pg-gb3427-69f78bd9b1091-0\"  class=\"panel-grid panel-has-style\" ><div class=\"page-section bg-plugin-revit panel-row-style panel-row-style-for-gb3427-69f78bd9b1091-0\" id=\"section-plugin07\" ><div id=\"pgc-gb3427-69f78bd9b1091-0-0\"  class=\"panel-grid-cell\" ><div id=\"panel-gb3427-69f78bd9b1091-0-0-0\" class=\"so-panel widget widget_siteorigin-panels-builder panel-first-child panel-last-child\" data-index=\"0\" ><div class=\"container panel-widget-style panel-widget-style-for-gb3427-69f78bd9b1091-0-0-0\" ><div id=\"pl-w5ee92412400d9\"  class=\"panel-layout\" ><div id=\"pg-w5ee92412400d9-0\"  class=\"panel-grid panel-no-style\" ><div id=\"pgc-w5ee92412400d9-0-0\"  class=\"panel-grid-cell\" ><div id=\"panel-w5ee92412400d9-0-0-0\" class=\"so-panel widget widget_text panel-first-child\" data-index=\"0\" ><div class=\"telecharger panel-widget-style panel-widget-style-for-w5ee92412400d9-0-0-0\" ><h2 class=\"widget-title\">LADEN SIE ES JETZT HERUNTER<\/h2>\t\t\t<div class=\"textwidget\"><p>Starten Sie hier<\/p>\n<\/div>\n\t\t<\/div><\/div><div id=\"panel-w5ee92412400d9-0-0-1\" class=\"widget_text so-panel widget widget_custom_html panel-last-child\" data-index=\"1\" ><div class=\"widget_text align-center panel-widget-style panel-widget-style-for-w5ee92412400d9-0-0-1\" ><div class=\"textwidget custom-html-widget\"><a href=\"\/de\/bimandco-plugins\/trackdownload?type=Revit\" class=\"btn\">Downloaden Sie es jetzt!<\/a><\/div><\/div><\/div><\/div><\/div><\/div><\/div><\/div><\/div><\/div><\/div><\/div>\n\n<div id=\"pl-gb3427-69f78bd9b1a37\"  class=\"panel-layout\" ><div id=\"pg-gb3427-69f78bd9b1a37-0\"  class=\"panel-grid panel-has-style\" ><div class=\"page-section container panel-row-style panel-row-style-for-gb3427-69f78bd9b1a37-0\" id=\"section-plugin08\" ><div id=\"pgc-gb3427-69f78bd9b1a37-0-0\"  class=\"panel-grid-cell\" ><div id=\"panel-gb3427-69f78bd9b1a37-0-0-0\" class=\"so-panel widget widget_text panel-first-child panel-last-child\" data-index=\"0\" ><h2 class=\"widget-title\">Laden Sie Ihre Objekte hoch und editieren Sie diese online<\/h2>\t\t\t<div class=\"textwidget\"><p>Laden Sie jedes Objekt von Ihrem Modell auf die Plattform hoch und bearbeiten Sie dann dessen Daten direkt online. Sie k\u00f6nnen Ihre Bibliothek verwalten und Ihre Eigenschaften bearbeiten, oder sogar neue hinzuf\u00fcgen, indem Sie einfach Ihren Web-Browser nutzen. BIM&#038;CO erlaubt es Ihnen auch, Ihre BIM-Objekte mit weiteren Fotos, zus\u00e4tzlichen 2D-Elementen und Dokumenten, die Ihr Geb\u00e4ude-Design, den Bau und Betriebsphasen abdecken, zu erweitern.<\/p>\n<\/div>\n\t\t<\/div><\/div><div id=\"pgc-gb3427-69f78bd9b1a37-0-1\"  class=\"panel-grid-cell\" ><div id=\"panel-gb3427-69f78bd9b1a37-0-1-0\" class=\"so-panel widget widget_media_image panel-first-child panel-last-child\" data-index=\"1\" ><img loading=\"lazy\" decoding=\"async\" width=\"498\" height=\"266\" src=\"https:\/\/www.bimandco.com\/bim\/wp-content\/uploads\/2020\/04\/plugin-QDL.gif\" class=\"image wp-image-1039  attachment-full size-full\" alt=\"\" style=\"max-width: 100%; height: auto;\" \/><\/div><\/div><\/div><\/div><\/div>\n\n<div id=\"pl-gb3427-69f78bd9b2035\"  class=\"panel-layout\" ><div id=\"pg-gb3427-69f78bd9b2035-0\"  class=\"panel-grid panel-has-style\" ><div class=\"page-section panel-row-style panel-row-style-for-gb3427-69f78bd9b2035-0\" id=\"section-plugin09\" ><div id=\"pgc-gb3427-69f78bd9b2035-0-0\"  class=\"panel-grid-cell\" ><div id=\"panel-gb3427-69f78bd9b2035-0-0-0\" class=\"so-panel widget widget_siteorigin-panels-builder panel-first-child panel-last-child\" data-index=\"0\" ><div id=\"pl-w5ea6da3fe1e82\"  class=\"panel-layout\" ><div id=\"pg-w5ea6da3fe1e82-0\"  class=\"panel-grid panel-has-style\" ><div class=\"container panel-row-style panel-row-style-for-w5ea6da3fe1e82-0\" ><div id=\"pgc-w5ea6da3fe1e82-0-0\"  class=\"panel-grid-cell\" ><div id=\"panel-w5ea6da3fe1e82-0-0-0\" class=\"so-panel widget widget_media_image panel-first-child panel-last-child\" data-index=\"0\" ><img loading=\"lazy\" decoding=\"async\" width=\"498\" height=\"266\" src=\"https:\/\/www.bimandco.com\/bim\/wp-content\/uploads\/2020\/04\/plugin-SDL.gif\" class=\"image wp-image-1043  attachment-full size-full\" alt=\"\" style=\"max-width: 100%; height: auto;\" \/><\/div><\/div><div id=\"pgc-w5ea6da3fe1e82-0-1\"  class=\"panel-grid-cell\" ><div id=\"panel-w5ea6da3fe1e82-0-1-0\" class=\"so-panel widget widget_text panel-first-child panel-last-child\" data-index=\"1\" ><h2 class=\"widget-title\">\u00dcbersetzen Sie Ihre Objektdaten automatisch<\/h2>\t\t\t<div class=\"textwidget\"><p>Dank unseres Open Properties Management System (OPMS) werden beim Hochladen der BIM-Objekte auf die Plattform deren Eigenschaften automatisch in die verschiedenen Sprachen \u00fcbersetzt.<br \/>\nUnd genauso k\u00f6nnen Sie alle Eigenschaften der Objekte auf der Plattform in der Sprache Ihrer Wahl herunterladen.<\/p>\n<\/div>\n\t\t<\/div><\/div><\/div><\/div><\/div><\/div><\/div><\/div><\/div><\/div>\n\n<div id=\"pl-gb3427-69f78bd9b274a\"  class=\"panel-layout\" ><div id=\"pg-gb3427-69f78bd9b274a-0\"  class=\"panel-grid panel-has-style\" ><div class=\"page-section container panel-row-style panel-row-style-for-gb3427-69f78bd9b274a-0\" id=\"section-plugin10\" ><div id=\"pgc-gb3427-69f78bd9b274a-0-0\"  class=\"panel-grid-cell\" ><div id=\"panel-gb3427-69f78bd9b274a-0-0-0\" class=\"so-panel widget widget_text panel-first-child panel-last-child\" data-index=\"0\" ><h2 class=\"widget-title\">BIM-Objekte, die stets auf aktuellstem Stand sind<\/h2>\t\t\t<div class=\"textwidget\"><p>Stellen Sie sicher, dass Ihr Modell immer aktuell ist: Wenn Sie ein Projekt \u00f6ffnen, pr\u00fcft unsere BIM&#038;CO App Ihr Modell im Hintergrund und benachrichtigt Sie \u00fcber jegliche Updates, die verf\u00fcgbar sind.<br \/>\nSie k\u00f6nnen auch w\u00e4hlen, dass diese Pr\u00fcfung zu jedem Zeit w\u00e4hrend Ihrer Arbeit an dem Modell stattfindet.<\/p>\n<\/div>\n\t\t<\/div><\/div><div id=\"pgc-gb3427-69f78bd9b274a-0-1\"  class=\"panel-grid-cell\" ><div id=\"panel-gb3427-69f78bd9b274a-0-1-0\" class=\"so-panel widget widget_media_image panel-first-child panel-last-child\" data-index=\"1\" ><img loading=\"lazy\" decoding=\"async\" width=\"498\" height=\"266\" src=\"https:\/\/www.bimandco.com\/bim\/wp-content\/uploads\/2020\/04\/plugin-QDL.gif\" class=\"image wp-image-1039  attachment-full size-full\" alt=\"\" style=\"max-width: 100%; height: auto;\" \/><\/div><\/div><\/div><\/div><\/div>\n\n\n<p><\/p>\n","protected":false},"excerpt":{"rendered":"","protected":false},"author":2,"featured_media":0,"parent":0,"menu_order":0,"comment_status":"closed","ping_status":"closed","template":"","meta":{"_acf_changed":false,"content-type":"","footnotes":""},"class_list":["post-3427","page","type-page","status-publish","hentry"],"acf":[],"yoast_head":"<!-- This site is optimized with the Yoast SEO plugin v26.0 - https:\/\/yoast.com\/wordpress\/plugins\/seo\/ -->\n<title>Plugin Revit - BIM&amp;CO<\/title>\n<meta name=\"robots\" content=\"index, follow, max-snippet:-1, max-image-preview:large, max-video-preview:-1\" \/>\n<link rel=\"canonical\" href=\"https:\/\/www.bimandco.com\/bim\/de\/plugin-fur-revit\/\" \/>\n<meta property=\"og:locale\" content=\"fr_FR\" \/>\n<meta property=\"og:type\" content=\"article\" \/>\n<meta property=\"og:title\" content=\"Plugin Revit - BIM&amp;CO\" \/>\n<meta property=\"og:url\" content=\"https:\/\/www.bimandco.com\/bim\/de\/plugin-fur-revit\/\" \/>\n<meta property=\"og:site_name\" content=\"BIM&amp;CO\" \/>\n<meta property=\"article:modified_time\" content=\"2025-07-15T07:29:10+00:00\" \/>\n<meta name=\"twitter:card\" content=\"summary_large_image\" \/>\n<meta name=\"twitter:label1\" content=\"Dur\u00e9e de lecture estim\u00e9e\" \/>\n\t<meta name=\"twitter:data1\" content=\"42 minutes\" \/>\n<script type=\"application\/ld+json\" class=\"yoast-schema-graph\">{\"@context\":\"https:\/\/schema.org\",\"@graph\":[{\"@type\":\"WebPage\",\"@id\":\"https:\/\/www.bimandco.com\/bim\/de\/plugin-fur-revit\/\",\"url\":\"https:\/\/www.bimandco.com\/bim\/de\/plugin-fur-revit\/\",\"name\":\"Plugin Revit - BIM&amp;CO\",\"isPartOf\":{\"@id\":\"https:\/\/www.bimandco.com\/bim\/#website\"},\"datePublished\":\"2020-04-27T13:03:22+00:00\",\"dateModified\":\"2025-07-15T07:29:10+00:00\",\"breadcrumb\":{\"@id\":\"https:\/\/www.bimandco.com\/bim\/de\/plugin-fur-revit\/#breadcrumb\"},\"inLanguage\":\"fr-FR\",\"potentialAction\":[{\"@type\":\"ReadAction\",\"target\":[\"https:\/\/www.bimandco.com\/bim\/de\/plugin-fur-revit\/\"]}]},{\"@type\":\"BreadcrumbList\",\"@id\":\"https:\/\/www.bimandco.com\/bim\/de\/plugin-fur-revit\/#breadcrumb\",\"itemListElement\":[{\"@type\":\"ListItem\",\"position\":1,\"name\":\"Accueil\",\"item\":\"https:\/\/www.bimandco.com\/bim\/fr\/\"},{\"@type\":\"ListItem\",\"position\":2,\"name\":\"Plugin Revit\"}]},{\"@type\":\"WebSite\",\"@id\":\"https:\/\/www.bimandco.com\/bim\/#website\",\"url\":\"https:\/\/www.bimandco.com\/bim\/\",\"name\":\"BIM&amp;CO\",\"description\":\"\",\"publisher\":{\"@id\":\"https:\/\/www.bimandco.com\/bim\/#organization\"},\"potentialAction\":[{\"@type\":\"SearchAction\",\"target\":{\"@type\":\"EntryPoint\",\"urlTemplate\":\"https:\/\/www.bimandco.com\/bim\/?s={search_term_string}\"},\"query-input\":{\"@type\":\"PropertyValueSpecification\",\"valueRequired\":true,\"valueName\":\"search_term_string\"}}],\"inLanguage\":\"fr-FR\"},{\"@type\":\"Organization\",\"@id\":\"https:\/\/www.bimandco.com\/bim\/#organization\",\"name\":\"BIM&amp;CO\",\"url\":\"https:\/\/www.bimandco.com\/bim\/\",\"logo\":{\"@type\":\"ImageObject\",\"inLanguage\":\"fr-FR\",\"@id\":\"https:\/\/www.bimandco.com\/bim\/#\/schema\/logo\/image\/\",\"url\":\"https:\/\/www.bimandco.com\/bim\/wp-content\/uploads\/2023\/03\/logo-bimandco-1.svg\",\"contentUrl\":\"https:\/\/www.bimandco.com\/bim\/wp-content\/uploads\/2023\/03\/logo-bimandco-1.svg\",\"width\":102,\"height\":50,\"caption\":\"BIM&amp;CO\"},\"image\":{\"@id\":\"https:\/\/www.bimandco.com\/bim\/#\/schema\/logo\/image\/\"}}]}<\/script>\n<!-- \/ Yoast SEO plugin. -->","yoast_head_json":{"title":"Plugin Revit - BIM&amp;CO","robots":{"index":"index","follow":"follow","max-snippet":"max-snippet:-1","max-image-preview":"max-image-preview:large","max-video-preview":"max-video-preview:-1"},"canonical":"https:\/\/www.bimandco.com\/bim\/de\/plugin-fur-revit\/","og_locale":"fr_FR","og_type":"article","og_title":"Plugin Revit - BIM&amp;CO","og_url":"https:\/\/www.bimandco.com\/bim\/de\/plugin-fur-revit\/","og_site_name":"BIM&amp;CO","article_modified_time":"2025-07-15T07:29:10+00:00","twitter_card":"summary_large_image","twitter_misc":{"Dur\u00e9e de lecture estim\u00e9e":"42 minutes"},"schema":{"@context":"https:\/\/schema.org","@graph":[{"@type":"WebPage","@id":"https:\/\/www.bimandco.com\/bim\/de\/plugin-fur-revit\/","url":"https:\/\/www.bimandco.com\/bim\/de\/plugin-fur-revit\/","name":"Plugin Revit - BIM&amp;CO","isPartOf":{"@id":"https:\/\/www.bimandco.com\/bim\/#website"},"datePublished":"2020-04-27T13:03:22+00:00","dateModified":"2025-07-15T07:29:10+00:00","breadcrumb":{"@id":"https:\/\/www.bimandco.com\/bim\/de\/plugin-fur-revit\/#breadcrumb"},"inLanguage":"fr-FR","potentialAction":[{"@type":"ReadAction","target":["https:\/\/www.bimandco.com\/bim\/de\/plugin-fur-revit\/"]}]},{"@type":"BreadcrumbList","@id":"https:\/\/www.bimandco.com\/bim\/de\/plugin-fur-revit\/#breadcrumb","itemListElement":[{"@type":"ListItem","position":1,"name":"Accueil","item":"https:\/\/www.bimandco.com\/bim\/fr\/"},{"@type":"ListItem","position":2,"name":"Plugin Revit"}]},{"@type":"WebSite","@id":"https:\/\/www.bimandco.com\/bim\/#website","url":"https:\/\/www.bimandco.com\/bim\/","name":"BIM&amp;CO","description":"","publisher":{"@id":"https:\/\/www.bimandco.com\/bim\/#organization"},"potentialAction":[{"@type":"SearchAction","target":{"@type":"EntryPoint","urlTemplate":"https:\/\/www.bimandco.com\/bim\/?s={search_term_string}"},"query-input":{"@type":"PropertyValueSpecification","valueRequired":true,"valueName":"search_term_string"}}],"inLanguage":"fr-FR"},{"@type":"Organization","@id":"https:\/\/www.bimandco.com\/bim\/#organization","name":"BIM&amp;CO","url":"https:\/\/www.bimandco.com\/bim\/","logo":{"@type":"ImageObject","inLanguage":"fr-FR","@id":"https:\/\/www.bimandco.com\/bim\/#\/schema\/logo\/image\/","url":"https:\/\/www.bimandco.com\/bim\/wp-content\/uploads\/2023\/03\/logo-bimandco-1.svg","contentUrl":"https:\/\/www.bimandco.com\/bim\/wp-content\/uploads\/2023\/03\/logo-bimandco-1.svg","width":102,"height":50,"caption":"BIM&amp;CO"},"image":{"@id":"https:\/\/www.bimandco.com\/bim\/#\/schema\/logo\/image\/"}}]}},"_links":{"self":[{"href":"https:\/\/www.bimandco.com\/bim\/wp-json\/wp\/v2\/pages\/3427","targetHints":{"allow":["GET"]}}],"collection":[{"href":"https:\/\/www.bimandco.com\/bim\/wp-json\/wp\/v2\/pages"}],"about":[{"href":"https:\/\/www.bimandco.com\/bim\/wp-json\/wp\/v2\/types\/page"}],"author":[{"embeddable":true,"href":"https:\/\/www.bimandco.com\/bim\/wp-json\/wp\/v2\/users\/2"}],"replies":[{"embeddable":true,"href":"https:\/\/www.bimandco.com\/bim\/wp-json\/wp\/v2\/comments?post=3427"}],"version-history":[{"count":17,"href":"https:\/\/www.bimandco.com\/bim\/wp-json\/wp\/v2\/pages\/3427\/revisions"}],"predecessor-version":[{"id":50321,"href":"https:\/\/www.bimandco.com\/bim\/wp-json\/wp\/v2\/pages\/3427\/revisions\/50321"}],"wp:attachment":[{"href":"https:\/\/www.bimandco.com\/bim\/wp-json\/wp\/v2\/media?parent=3427"}],"curies":[{"name":"wp","href":"https:\/\/api.w.org\/{rel}","templated":true}]}}