{"id":3411,"date":"2020-04-27T14:35:05","date_gmt":"2020-04-27T12:35:05","guid":{"rendered":"https:\/\/www.bimandco.com\/bim\/?page_id=3411"},"modified":"2020-06-16T21:50:23","modified_gmt":"2020-06-16T19:50:23","slug":"modulo-de-extension-revit","status":"publish","type":"page","link":"https:\/\/www.bimandco.com\/bim\/es\/modulo-de-extension-revit\/","title":{"rendered":"Modulo de extension Revit"},"content":{"rendered":"<div id=\"pl-gb3411-69fb2078671d8\"  class=\"panel-layout\" ><div id=\"pg-gb3411-69fb2078671d8-0\"  class=\"panel-grid panel-has-style\" ><div class=\"page-section bg-plugin-revit panel-row-style panel-row-style-for-gb3411-69fb2078671d8-0\" id=\"section-plugin01\" ><div id=\"pgc-gb3411-69fb2078671d8-0-0\"  class=\"panel-grid-cell\" ><div id=\"panel-gb3411-69fb2078671d8-0-0-0\" class=\"so-panel widget widget_siteorigin-panels-builder panel-first-child panel-last-child\" data-index=\"0\" ><div class=\"container panel-widget-style panel-widget-style-for-gb3411-69fb2078671d8-0-0-0\" ><div id=\"pl-w5ee9223542cf1\"  class=\"panel-layout\" ><div id=\"pg-w5ee9223542cf1-0\"  class=\"panel-grid panel-no-style\" ><div id=\"pgc-w5ee9223542cf1-0-0\"  class=\"panel-grid-cell\" ><div id=\"panel-w5ee9223542cf1-0-0-0\" class=\"so-panel widget widget_media_image panel-first-child\" data-index=\"0\" ><img decoding=\"async\" width=\"195\" height=\"48\" src=\"https:\/\/www.bimandco.com\/bim\/wp-content\/uploads\/2020\/04\/revit-white.png\" class=\"image wp-image-1028  attachment-full size-full\" alt=\"\" style=\"max-width: 100%; height: auto;\" srcset=\"https:\/\/www.bimandco.com\/bim\/wp-content\/uploads\/2020\/04\/revit-white.png 195w, https:\/\/www.bimandco.com\/bim\/wp-content\/uploads\/2020\/04\/revit-white-150x37.png 150w\" sizes=\"(max-width: 195px) 100vw, 195px\" \/><\/div><div id=\"panel-w5ee9223542cf1-0-0-1\" class=\"widget_text so-panel widget widget_custom_html panel-last-child\" data-index=\"1\" ><div class=\"widget_text description panel-widget-style panel-widget-style-for-w5ee9223542cf1-0-0-1\" ><div class=\"textwidget custom-html-widget\"><h1><span>\u00a1Es hora de<\/span> acelerar <strong>tu Revit!<\/strong><\/h1> \n<p>Instala la app de BIM&amp;CO para <strong>Revit<\/strong><br \/>\n\t y empieza a descargar miles de objetos BIM gratuitos.<\/p>\n<a href=\"\/es\/bimandco-plugins\/trackdownload?type=Revit\" class=\"btn\">\u00a1Descargar ahora!<\/a><\/div><\/div><\/div><\/div><div id=\"pgc-w5ee9223542cf1-0-1\"  class=\"panel-grid-cell\" ><div id=\"panel-w5ee9223542cf1-0-1-0\" class=\"so-panel widget widget_media_image panel-first-child panel-last-child\" data-index=\"2\" ><img fetchpriority=\"high\" decoding=\"async\" width=\"600\" height=\"670\" src=\"https:\/\/www.bimandco.com\/bim\/wp-content\/uploads\/2020\/04\/laptop-revit.png\" class=\"image wp-image-1030  attachment-full size-full\" alt=\"\" style=\"max-width: 100%; height: auto;\" srcset=\"https:\/\/www.bimandco.com\/bim\/wp-content\/uploads\/2020\/04\/laptop-revit.png 600w, https:\/\/www.bimandco.com\/bim\/wp-content\/uploads\/2020\/04\/laptop-revit-269x300.png 269w, https:\/\/www.bimandco.com\/bim\/wp-content\/uploads\/2020\/04\/laptop-revit-134x150.png 134w\" sizes=\"(max-width: 600px) 100vw, 600px\" \/><\/div><\/div><\/div><\/div><\/div><\/div><\/div><\/div><\/div><\/div>\n\n<div id=\"pl-gb3411-69fb2078685ea\"  class=\"panel-layout\" ><div id=\"pg-gb3411-69fb2078685ea-0\"  class=\"panel-grid panel-has-style\" ><div class=\"page-section container panel-row-style panel-row-style-for-gb3411-69fb2078685ea-0\" id=\"section-plugin02\" ><div id=\"pgc-gb3411-69fb2078685ea-0-0\"  class=\"panel-grid-cell\" ><div id=\"panel-gb3411-69fb2078685ea-0-0-0\" class=\"so-panel widget widget_text panel-first-child\" data-index=\"0\" ><div class=\"smart-download panel-widget-style panel-widget-style-for-gb3411-69fb2078685ea-0-0-0\" ><h2 class=\"widget-title\">SMART DOWNLOAD<\/h2>\t\t\t<div class=\"textwidget\"><p>Plugin para Revit<\/p>\n<\/div>\n\t\t<\/div><\/div><div id=\"panel-gb3411-69fb2078685ea-0-0-1\" class=\"so-panel widget widget_siteorigin-panels-builder panel-last-child\" data-index=\"1\" ><div id=\"pl-w5ea6d29a76963\"  class=\"panel-layout\" ><div id=\"pg-w5ea6d29a76963-0\"  class=\"panel-grid panel-no-style\" ><div id=\"pgc-w5ea6d29a76963-0-0\"  class=\"panel-grid-cell\" ><div id=\"panel-w5ea6d29a76963-0-0-0\" class=\"so-panel widget widget_text panel-first-child panel-last-child\" data-index=\"0\" >\t\t\t<div class=\"textwidget\"><p>Con la aplicaci\u00f3n BIM&#038;CO para Autodesk Revit, los usuarios de Revit pueden importar objetos BIM directamente a su maqueta digital desde el \u00ab\u00a0software\u00a0\u00bb de su empresa. Con esta herramienta, puedes descargar un objeto y sus propiedades a la carta seg\u00fan tus necesidades o proyecto espec\u00edfico; y tambi\u00e9n puedes cargar tus propios productos en la plataforma. Adem\u00e1s, los usuarios reciben un aviso cuando los creadores actualizan el objeto.<\/p>\n<\/div>\n\t\t<\/div><\/div><div id=\"pgc-w5ea6d29a76963-0-1\"  class=\"panel-grid-cell\" ><div id=\"panel-w5ea6d29a76963-0-1-0\" class=\"so-panel widget widget_media_image panel-first-child panel-last-child\" data-index=\"1\" ><img decoding=\"async\" width=\"389\" height=\"307\" src=\"https:\/\/www.bimandco.com\/bim\/wp-content\/uploads\/2020\/04\/smart-download.png\" class=\"image wp-image-1034  attachment-full size-full\" alt=\"\" style=\"max-width: 100%; height: auto;\" srcset=\"https:\/\/www.bimandco.com\/bim\/wp-content\/uploads\/2020\/04\/smart-download.png 389w, https:\/\/www.bimandco.com\/bim\/wp-content\/uploads\/2020\/04\/smart-download-300x237.png 300w, https:\/\/www.bimandco.com\/bim\/wp-content\/uploads\/2020\/04\/smart-download-150x118.png 150w\" sizes=\"(max-width: 389px) 100vw, 389px\" \/><\/div><\/div><\/div><\/div><\/div><\/div><\/div><\/div><\/div>\n\n<div id=\"pl-gb3411-69fb207869f24\"  class=\"panel-layout\" ><div id=\"pg-gb3411-69fb207869f24-0\"  class=\"panel-grid panel-has-style\" ><div class=\"page-section bg-plugin-revit panel-row-style panel-row-style-for-gb3411-69fb207869f24-0\" id=\"section-plugin03\" ><div id=\"pgc-gb3411-69fb207869f24-0-0\"  class=\"panel-grid-cell\" ><div id=\"panel-gb3411-69fb207869f24-0-0-0\" class=\"so-panel widget widget_siteorigin-panels-builder panel-first-child panel-last-child\" data-index=\"0\" ><div class=\"container panel-widget-style panel-widget-style-for-gb3411-69fb207869f24-0-0-0\" ><div id=\"pl-w5ea6d2b5b6b00\"  class=\"panel-layout\" ><div id=\"pg-w5ea6d2b5b6b00-0\"  class=\"panel-grid panel-no-style\" ><div id=\"pgc-w5ea6d2b5b6b00-0-0\"  class=\"panel-grid-cell\" ><div id=\"panel-w5ea6d2b5b6b00-0-0-0\" class=\"so-panel widget widget_text panel-first-child\" data-index=\"0\" ><div class=\"avantages panel-widget-style panel-widget-style-for-w5ea6d2b5b6b00-0-0-0\" ><h2 class=\"widget-title\">VENTAJAS<\/h2>\t\t\t<div class=\"textwidget\"><p>Echa un vistazo<\/p>\n<\/div>\n\t\t<\/div><\/div><div id=\"panel-w5ea6d2b5b6b00-0-0-1\" class=\"so-panel widget widget_media_image panel-last-child\" data-index=\"1\" ><div class=\"benefits panel-widget-style panel-widget-style-for-w5ea6d2b5b6b00-0-0-1\" ><img loading=\"lazy\" decoding=\"async\" width=\"836\" height=\"490\" src=\"https:\/\/www.bimandco.com\/bim\/wp-content\/uploads\/2020\/04\/benefits-take-a-tour.png\" class=\"image wp-image-1052  attachment-full size-full\" alt=\"\" style=\"max-width: 100%; height: auto;\" srcset=\"https:\/\/www.bimandco.com\/bim\/wp-content\/uploads\/2020\/04\/benefits-take-a-tour.png 836w, https:\/\/www.bimandco.com\/bim\/wp-content\/uploads\/2020\/04\/benefits-take-a-tour-300x176.png 300w, https:\/\/www.bimandco.com\/bim\/wp-content\/uploads\/2020\/04\/benefits-take-a-tour-150x88.png 150w, https:\/\/www.bimandco.com\/bim\/wp-content\/uploads\/2020\/04\/benefits-take-a-tour-768x450.png 768w\" sizes=\"(max-width: 836px) 100vw, 836px\" \/><\/div><\/div><\/div><\/div><\/div><\/div><\/div><\/div><\/div><\/div><\/div>\n\n<div id=\"pl-gb3411-69fb20786ad23\"  class=\"panel-layout\" ><div id=\"pg-gb3411-69fb20786ad23-0\"  class=\"panel-grid panel-has-style\" ><div class=\"page-section container panel-row-style panel-row-style-for-gb3411-69fb20786ad23-0\" id=\"section-plugin04\" ><div id=\"pgc-gb3411-69fb20786ad23-0-0\"  class=\"panel-grid-cell\" ><div id=\"panel-gb3411-69fb20786ad23-0-0-0\" class=\"widget_text so-panel widget widget_custom_html panel-first-child\" data-index=\"0\" ><div class=\"widget_text align-center panel-widget-style panel-widget-style-for-gb3411-69fb20786ad23-0-0-0\" ><div class=\"textwidget custom-html-widget\"><a href=\"\/es\/bimandco-plugins\/trackdownload?type=Revit\" class=\"btn btn-blue-medium\">\u00a1Descargar ahora!<\/a><\/div><\/div><\/div><div id=\"panel-gb3411-69fb20786ad23-0-0-1\" class=\"so-panel widget widget_siteorigin-panels-builder panel-last-child\" data-index=\"1\" ><div id=\"pl-w5ee922465484b\"  class=\"panel-layout\" ><div id=\"pg-w5ee922465484b-0\"  class=\"panel-grid panel-no-style\" ><div id=\"pgc-w5ee922465484b-0-0\"  class=\"panel-grid-cell\" ><div id=\"panel-w5ee922465484b-0-0-0\" class=\"so-panel widget widget_text panel-first-child panel-last-child\" data-index=\"0\" ><h2 class=\"widget-title\">Descarga en 1 clic<\/h2>\t\t\t<div class=\"textwidget\"><p>Descarga r\u00e1pidamente a tu proyecto cualquier objeto de la plataforma tal y como ha sido subido por su autor.<\/p>\n<\/div>\n\t\t<\/div><\/div><div id=\"pgc-w5ee922465484b-0-1\"  class=\"panel-grid-cell\" ><div id=\"panel-w5ee922465484b-0-1-0\" class=\"so-panel widget widget_media_image panel-first-child panel-last-child\" data-index=\"1\" ><img loading=\"lazy\" decoding=\"async\" width=\"498\" height=\"266\" src=\"https:\/\/www.bimandco.com\/bim\/wp-content\/uploads\/2020\/04\/plugin-QDL.gif\" class=\"image wp-image-1039  attachment-full size-full\" alt=\"\" style=\"max-width: 100%; height: auto;\" \/><\/div><\/div><\/div><\/div><\/div><\/div><\/div><\/div><\/div>\n\n<div id=\"pl-gb3411-69fb20786b963\"  class=\"panel-layout\" ><div id=\"pg-gb3411-69fb20786b963-0\"  class=\"panel-grid panel-has-style\" ><div class=\"page-section panel-row-style panel-row-style-for-gb3411-69fb20786b963-0\" id=\"section-plugin05\" ><div id=\"pgc-gb3411-69fb20786b963-0-0\"  class=\"panel-grid-cell\" ><div id=\"panel-gb3411-69fb20786b963-0-0-0\" class=\"so-panel widget widget_siteorigin-panels-builder panel-first-child panel-last-child\" data-index=\"0\" ><div id=\"pl-w5ea6d3402d76a\"  class=\"panel-layout\" ><div id=\"pg-w5ea6d3402d76a-0\"  class=\"panel-grid panel-has-style\" ><div class=\"container panel-row-style panel-row-style-for-w5ea6d3402d76a-0\" ><div id=\"pgc-w5ea6d3402d76a-0-0\"  class=\"panel-grid-cell\" ><div id=\"panel-w5ea6d3402d76a-0-0-0\" class=\"so-panel widget widget_media_image panel-first-child panel-last-child\" data-index=\"0\" ><img loading=\"lazy\" decoding=\"async\" width=\"498\" height=\"266\" src=\"https:\/\/www.bimandco.com\/bim\/wp-content\/uploads\/2020\/04\/plugin-SDL.gif\" class=\"image wp-image-1043  attachment-full size-full\" alt=\"\" style=\"max-width: 100%; height: auto;\" \/><\/div><\/div><div id=\"pgc-w5ea6d3402d76a-0-1\"  class=\"panel-grid-cell\" ><div id=\"panel-w5ea6d3402d76a-0-1-0\" class=\"so-panel widget widget_text panel-first-child panel-last-child\" data-index=\"1\" ><h2 class=\"widget-title\">Descarga a medida<\/h2>\t\t\t<div class=\"textwidget\"><p>BIM&#038;CO te permite descargar la geometr\u00eda 3D de un objeto BIM con diferentes niveles de desarrollo (LOD) y propiedades con el Nivel de Informaci\u00f3n (LOI) que elijas.<br \/>\nElige qu\u00e9 referencias y propiedades quieres asociar con la geometr\u00eda de tu objeto y desc\u00e1rgalo directamente a tu modelo. \u00a1Se acabaron los proyectos con informaci\u00f3n innecesaria!<\/p>\n<\/div>\n\t\t<\/div><\/div><\/div><\/div><\/div><\/div><\/div><\/div><\/div><\/div>\n\n<div id=\"pl-gb3411-69fb20786c42e\"  class=\"panel-layout\" ><div id=\"pg-gb3411-69fb20786c42e-0\"  class=\"panel-grid panel-has-style\" ><div class=\"page-section container panel-row-style panel-row-style-for-gb3411-69fb20786c42e-0\" id=\"section-plugin06\" ><div id=\"pgc-gb3411-69fb20786c42e-0-0\"  class=\"panel-grid-cell\" ><div id=\"panel-gb3411-69fb20786c42e-0-0-0\" class=\"so-panel widget widget_text panel-first-child panel-last-child\" data-index=\"0\" ><h2 class=\"widget-title\">Descarga de datos<\/h2>\t\t\t<div class=\"textwidget\"><p>\u00bfNecesitas \u00fanicamente los datos t\u00e9cnicos de un objeto BIM perteneciente a un fabricante para asociarlo con un objeto gen\u00e9rico? Selecciona los datos y las referencias que quieres importar e incorp\u00f3ralos a tu propio objeto, directamente en tu modelo.<\/p>\n<\/div>\n\t\t<\/div><\/div><div id=\"pgc-gb3411-69fb20786c42e-0-1\"  class=\"panel-grid-cell\" ><div id=\"panel-gb3411-69fb20786c42e-0-1-0\" class=\"so-panel widget widget_media_image panel-first-child panel-last-child\" data-index=\"1\" ><img loading=\"lazy\" decoding=\"async\" width=\"498\" height=\"266\" src=\"https:\/\/www.bimandco.com\/bim\/wp-content\/uploads\/2020\/04\/plugin-QDL.gif\" class=\"image wp-image-1039  attachment-full size-full\" alt=\"\" style=\"max-width: 100%; height: auto;\" \/><\/div><\/div><\/div><\/div><\/div>\n\n<div id=\"pl-gb3411-69fb20786c92a\"  class=\"panel-layout\" ><div id=\"pg-gb3411-69fb20786c92a-0\"  class=\"panel-grid panel-has-style\" ><div class=\"page-section bg-plugin-revit panel-row-style panel-row-style-for-gb3411-69fb20786c92a-0\" id=\"section-plugin07\" ><div id=\"pgc-gb3411-69fb20786c92a-0-0\"  class=\"panel-grid-cell\" ><div id=\"panel-gb3411-69fb20786c92a-0-0-0\" class=\"so-panel widget widget_siteorigin-panels-builder panel-first-child panel-last-child\" data-index=\"0\" ><div class=\"container panel-widget-style panel-widget-style-for-gb3411-69fb20786c92a-0-0-0\" ><div id=\"pl-w5ee9225ca3e83\"  class=\"panel-layout\" ><div id=\"pg-w5ee9225ca3e83-0\"  class=\"panel-grid panel-no-style\" ><div id=\"pgc-w5ee9225ca3e83-0-0\"  class=\"panel-grid-cell\" ><div id=\"panel-w5ee9225ca3e83-0-0-0\" class=\"so-panel widget widget_text panel-first-child\" data-index=\"0\" ><div class=\"telecharger panel-widget-style panel-widget-style-for-w5ee9225ca3e83-0-0-0\" ><h2 class=\"widget-title\">DESCARGAR AHORA<\/h2>\t\t\t<div class=\"textwidget\"><p>Empezar<\/p>\n<\/div>\n\t\t<\/div><\/div><div id=\"panel-w5ee9225ca3e83-0-0-1\" class=\"widget_text so-panel widget widget_custom_html panel-last-child\" data-index=\"1\" ><div class=\"widget_text align-center panel-widget-style panel-widget-style-for-w5ee9225ca3e83-0-0-1\" ><div class=\"textwidget custom-html-widget\"><a href=\"\/es\/bimandco-plugins\/trackdownload?type=Revit\" class=\"btn\">\u00a1Descargar ahora!<\/a><\/div><\/div><\/div><\/div><\/div><\/div><\/div><\/div><\/div><\/div><\/div><\/div>\n\n<div id=\"pl-gb3411-69fb20786ce6a\"  class=\"panel-layout\" ><div id=\"pg-gb3411-69fb20786ce6a-0\"  class=\"panel-grid panel-has-style\" ><div class=\"page-section container panel-row-style panel-row-style-for-gb3411-69fb20786ce6a-0\" id=\"section-plugin08\" ><div id=\"pgc-gb3411-69fb20786ce6a-0-0\"  class=\"panel-grid-cell\" ><div id=\"panel-gb3411-69fb20786ce6a-0-0-0\" class=\"so-panel widget widget_text panel-first-child panel-last-child\" data-index=\"0\" ><h2 class=\"widget-title\">Sube y edita tus objetos<\/h2>\t\t\t<div class=\"textwidget\"><p>Sube cualquier objeto de tu modelo a la plataforma y edita sus datos directamente en l\u00ednea. Puedes gestionar tu librer\u00eda y editar tus propiedades o incluso a\u00f1adir otras nuevas usando simplemente tu navegador web. BIM&#038;CO tambi\u00e9n te permite mejorar tus objetos BIM a\u00f1adiendo fotos, elementos 2D adicionales y documentos que recojan las fases de dise\u00f1o, construcci\u00f3n y funcionamiento de tu edificio.<\/p>\n<\/div>\n\t\t<\/div><\/div><div id=\"pgc-gb3411-69fb20786ce6a-0-1\"  class=\"panel-grid-cell\" ><div id=\"panel-gb3411-69fb20786ce6a-0-1-0\" class=\"so-panel widget widget_media_image panel-first-child panel-last-child\" data-index=\"1\" ><img loading=\"lazy\" decoding=\"async\" width=\"498\" height=\"266\" src=\"https:\/\/www.bimandco.com\/bim\/wp-content\/uploads\/2020\/04\/plugin-QDL.gif\" class=\"image wp-image-1039  attachment-full size-full\" alt=\"\" style=\"max-width: 100%; height: auto;\" \/><\/div><\/div><\/div><\/div><\/div>\n\n<div id=\"pl-gb3411-69fb20786d3ac\"  class=\"panel-layout\" ><div id=\"pg-gb3411-69fb20786d3ac-0\"  class=\"panel-grid panel-has-style\" ><div class=\"page-section panel-row-style panel-row-style-for-gb3411-69fb20786d3ac-0\" id=\"section-plugin09\" ><div id=\"pgc-gb3411-69fb20786d3ac-0-0\"  class=\"panel-grid-cell\" ><div id=\"panel-gb3411-69fb20786d3ac-0-0-0\" class=\"so-panel widget widget_siteorigin-panels-builder panel-first-child panel-last-child\" data-index=\"0\" ><div id=\"pl-w5ea6d3c59983c\"  class=\"panel-layout\" ><div id=\"pg-w5ea6d3c59983c-0\"  class=\"panel-grid panel-has-style\" ><div class=\"container panel-row-style panel-row-style-for-w5ea6d3c59983c-0\" ><div id=\"pgc-w5ea6d3c59983c-0-0\"  class=\"panel-grid-cell\" ><div id=\"panel-w5ea6d3c59983c-0-0-0\" class=\"so-panel widget widget_media_image panel-first-child panel-last-child\" data-index=\"0\" ><img loading=\"lazy\" decoding=\"async\" width=\"498\" height=\"266\" src=\"https:\/\/www.bimandco.com\/bim\/wp-content\/uploads\/2020\/04\/plugin-SDL.gif\" class=\"image wp-image-1043  attachment-full size-full\" alt=\"\" style=\"max-width: 100%; height: auto;\" \/><\/div><\/div><div id=\"pgc-w5ea6d3c59983c-0-1\"  class=\"panel-grid-cell\" ><div id=\"panel-w5ea6d3c59983c-0-1-0\" class=\"so-panel widget widget_text panel-first-child panel-last-child\" data-index=\"1\" ><h2 class=\"widget-title\">Traducir autom\u00e1ticamente los datos de tu objeto<\/h2>\t\t\t<div class=\"textwidget\"><p>Gracias a nuestro Open Properties Management System (OPMS), cuando subas cualquier objeto BIM a la plataforma, sus propiedades se traducir\u00e1n autom\u00e1ticamente a varios idiomas.<br \/>\nDe la misma manera, puedes descargar todas las propiedades de los objetos de la plataforma en el idioma que prefieras.<\/p>\n<\/div>\n\t\t<\/div><\/div><\/div><\/div><\/div><\/div><\/div><\/div><\/div><\/div>\n\n<div id=\"pl-gb3411-69fb20786da44\"  class=\"panel-layout\" ><div id=\"pg-gb3411-69fb20786da44-0\"  class=\"panel-grid panel-has-style\" ><div class=\"page-section container panel-row-style panel-row-style-for-gb3411-69fb20786da44-0\" id=\"section-plugin10\" ><div id=\"pgc-gb3411-69fb20786da44-0-0\"  class=\"panel-grid-cell\" ><div id=\"panel-gb3411-69fb20786da44-0-0-0\" class=\"so-panel widget widget_text panel-first-child panel-last-child\" data-index=\"0\" ><h2 class=\"widget-title\">Objetos BIM que siempre est\u00e1n actualizados<\/h2>\t\t\t<div class=\"textwidget\"><p>Aseg\u00farate de que tu modelo est\u00e1 siempre actualizado: cuando abras un proyecto, la app de BIM&#038;CO comprobar\u00e1 tu modelo en segundo plano y te notificar\u00e1 cualquier actualizaci\u00f3n que est\u00e9 disponible.<br \/>\nTambi\u00e9n puedes elegir que se realice esta comprobaci\u00f3n en cualquier momento cuando est\u00e9s trabajando en tu modelo.<\/p>\n<\/div>\n\t\t<\/div><\/div><div id=\"pgc-gb3411-69fb20786da44-0-1\"  class=\"panel-grid-cell\" ><div id=\"panel-gb3411-69fb20786da44-0-1-0\" class=\"so-panel widget widget_media_image panel-first-child panel-last-child\" data-index=\"1\" ><img loading=\"lazy\" decoding=\"async\" width=\"498\" height=\"266\" src=\"https:\/\/www.bimandco.com\/bim\/wp-content\/uploads\/2020\/04\/plugin-QDL.gif\" class=\"image wp-image-1039  attachment-full size-full\" alt=\"\" style=\"max-width: 100%; height: auto;\" \/><\/div><\/div><\/div><\/div><\/div>\n\n\n<p><\/p>\n","protected":false},"excerpt":{"rendered":"","protected":false},"author":2,"featured_media":0,"parent":0,"menu_order":0,"comment_status":"closed","ping_status":"closed","template":"","meta":{"_acf_changed":false,"content-type":"","footnotes":""},"class_list":["post-3411","page","type-page","status-publish","hentry"],"acf":[],"yoast_head":"<!-- This site is optimized with the Yoast SEO plugin v26.0 - https:\/\/yoast.com\/wordpress\/plugins\/seo\/ -->\n<title>Modulo de extension Revit - BIM&amp;CO<\/title>\n<meta name=\"robots\" content=\"index, follow, max-snippet:-1, max-image-preview:large, max-video-preview:-1\" \/>\n<link rel=\"canonical\" href=\"https:\/\/www.bimandco.com\/bim\/es\/modulo-de-extension-revit\/\" \/>\n<meta property=\"og:locale\" content=\"fr_FR\" \/>\n<meta property=\"og:type\" content=\"article\" \/>\n<meta property=\"og:title\" content=\"Modulo de extension Revit - BIM&amp;CO\" \/>\n<meta property=\"og:url\" content=\"https:\/\/www.bimandco.com\/bim\/es\/modulo-de-extension-revit\/\" \/>\n<meta property=\"og:site_name\" content=\"BIM&amp;CO\" \/>\n<meta property=\"article:modified_time\" content=\"2020-06-16T19:50:23+00:00\" \/>\n<meta name=\"twitter:card\" content=\"summary_large_image\" \/>\n<script type=\"application\/ld+json\" class=\"yoast-schema-graph\">{\"@context\":\"https:\/\/schema.org\",\"@graph\":[{\"@type\":\"WebPage\",\"@id\":\"https:\/\/www.bimandco.com\/bim\/es\/modulo-de-extension-revit\/\",\"url\":\"https:\/\/www.bimandco.com\/bim\/es\/modulo-de-extension-revit\/\",\"name\":\"Modulo de extension Revit - BIM&amp;CO\",\"isPartOf\":{\"@id\":\"https:\/\/www.bimandco.com\/bim\/#website\"},\"datePublished\":\"2020-04-27T12:35:05+00:00\",\"dateModified\":\"2020-06-16T19:50:23+00:00\",\"breadcrumb\":{\"@id\":\"https:\/\/www.bimandco.com\/bim\/es\/modulo-de-extension-revit\/#breadcrumb\"},\"inLanguage\":\"fr-FR\",\"potentialAction\":[{\"@type\":\"ReadAction\",\"target\":[\"https:\/\/www.bimandco.com\/bim\/es\/modulo-de-extension-revit\/\"]}]},{\"@type\":\"BreadcrumbList\",\"@id\":\"https:\/\/www.bimandco.com\/bim\/es\/modulo-de-extension-revit\/#breadcrumb\",\"itemListElement\":[{\"@type\":\"ListItem\",\"position\":1,\"name\":\"Accueil\",\"item\":\"https:\/\/www.bimandco.com\/bim\/fr\/\"},{\"@type\":\"ListItem\",\"position\":2,\"name\":\"Modulo de extension Revit\"}]},{\"@type\":\"WebSite\",\"@id\":\"https:\/\/www.bimandco.com\/bim\/#website\",\"url\":\"https:\/\/www.bimandco.com\/bim\/\",\"name\":\"BIM&amp;CO\",\"description\":\"\",\"publisher\":{\"@id\":\"https:\/\/www.bimandco.com\/bim\/#organization\"},\"potentialAction\":[{\"@type\":\"SearchAction\",\"target\":{\"@type\":\"EntryPoint\",\"urlTemplate\":\"https:\/\/www.bimandco.com\/bim\/?s={search_term_string}\"},\"query-input\":{\"@type\":\"PropertyValueSpecification\",\"valueRequired\":true,\"valueName\":\"search_term_string\"}}],\"inLanguage\":\"fr-FR\"},{\"@type\":\"Organization\",\"@id\":\"https:\/\/www.bimandco.com\/bim\/#organization\",\"name\":\"BIM&amp;CO\",\"url\":\"https:\/\/www.bimandco.com\/bim\/\",\"logo\":{\"@type\":\"ImageObject\",\"inLanguage\":\"fr-FR\",\"@id\":\"https:\/\/www.bimandco.com\/bim\/#\/schema\/logo\/image\/\",\"url\":\"https:\/\/www.bimandco.com\/bim\/wp-content\/uploads\/2023\/03\/logo-bimandco-1.svg\",\"contentUrl\":\"https:\/\/www.bimandco.com\/bim\/wp-content\/uploads\/2023\/03\/logo-bimandco-1.svg\",\"width\":102,\"height\":50,\"caption\":\"BIM&amp;CO\"},\"image\":{\"@id\":\"https:\/\/www.bimandco.com\/bim\/#\/schema\/logo\/image\/\"}}]}<\/script>\n<!-- \/ Yoast SEO plugin. -->","yoast_head_json":{"title":"Modulo de extension Revit - BIM&amp;CO","robots":{"index":"index","follow":"follow","max-snippet":"max-snippet:-1","max-image-preview":"max-image-preview:large","max-video-preview":"max-video-preview:-1"},"canonical":"https:\/\/www.bimandco.com\/bim\/es\/modulo-de-extension-revit\/","og_locale":"fr_FR","og_type":"article","og_title":"Modulo de extension Revit - BIM&amp;CO","og_url":"https:\/\/www.bimandco.com\/bim\/es\/modulo-de-extension-revit\/","og_site_name":"BIM&amp;CO","article_modified_time":"2020-06-16T19:50:23+00:00","twitter_card":"summary_large_image","schema":{"@context":"https:\/\/schema.org","@graph":[{"@type":"WebPage","@id":"https:\/\/www.bimandco.com\/bim\/es\/modulo-de-extension-revit\/","url":"https:\/\/www.bimandco.com\/bim\/es\/modulo-de-extension-revit\/","name":"Modulo de extension Revit - BIM&amp;CO","isPartOf":{"@id":"https:\/\/www.bimandco.com\/bim\/#website"},"datePublished":"2020-04-27T12:35:05+00:00","dateModified":"2020-06-16T19:50:23+00:00","breadcrumb":{"@id":"https:\/\/www.bimandco.com\/bim\/es\/modulo-de-extension-revit\/#breadcrumb"},"inLanguage":"fr-FR","potentialAction":[{"@type":"ReadAction","target":["https:\/\/www.bimandco.com\/bim\/es\/modulo-de-extension-revit\/"]}]},{"@type":"BreadcrumbList","@id":"https:\/\/www.bimandco.com\/bim\/es\/modulo-de-extension-revit\/#breadcrumb","itemListElement":[{"@type":"ListItem","position":1,"name":"Accueil","item":"https:\/\/www.bimandco.com\/bim\/fr\/"},{"@type":"ListItem","position":2,"name":"Modulo de extension Revit"}]},{"@type":"WebSite","@id":"https:\/\/www.bimandco.com\/bim\/#website","url":"https:\/\/www.bimandco.com\/bim\/","name":"BIM&amp;CO","description":"","publisher":{"@id":"https:\/\/www.bimandco.com\/bim\/#organization"},"potentialAction":[{"@type":"SearchAction","target":{"@type":"EntryPoint","urlTemplate":"https:\/\/www.bimandco.com\/bim\/?s={search_term_string}"},"query-input":{"@type":"PropertyValueSpecification","valueRequired":true,"valueName":"search_term_string"}}],"inLanguage":"fr-FR"},{"@type":"Organization","@id":"https:\/\/www.bimandco.com\/bim\/#organization","name":"BIM&amp;CO","url":"https:\/\/www.bimandco.com\/bim\/","logo":{"@type":"ImageObject","inLanguage":"fr-FR","@id":"https:\/\/www.bimandco.com\/bim\/#\/schema\/logo\/image\/","url":"https:\/\/www.bimandco.com\/bim\/wp-content\/uploads\/2023\/03\/logo-bimandco-1.svg","contentUrl":"https:\/\/www.bimandco.com\/bim\/wp-content\/uploads\/2023\/03\/logo-bimandco-1.svg","width":102,"height":50,"caption":"BIM&amp;CO"},"image":{"@id":"https:\/\/www.bimandco.com\/bim\/#\/schema\/logo\/image\/"}}]}},"_links":{"self":[{"href":"https:\/\/www.bimandco.com\/bim\/wp-json\/wp\/v2\/pages\/3411","targetHints":{"allow":["GET"]}}],"collection":[{"href":"https:\/\/www.bimandco.com\/bim\/wp-json\/wp\/v2\/pages"}],"about":[{"href":"https:\/\/www.bimandco.com\/bim\/wp-json\/wp\/v2\/types\/page"}],"author":[{"embeddable":true,"href":"https:\/\/www.bimandco.com\/bim\/wp-json\/wp\/v2\/users\/2"}],"replies":[{"embeddable":true,"href":"https:\/\/www.bimandco.com\/bim\/wp-json\/wp\/v2\/comments?post=3411"}],"version-history":[{"count":11,"href":"https:\/\/www.bimandco.com\/bim\/wp-json\/wp\/v2\/pages\/3411\/revisions"}],"predecessor-version":[{"id":4122,"href":"https:\/\/www.bimandco.com\/bim\/wp-json\/wp\/v2\/pages\/3411\/revisions\/4122"}],"wp:attachment":[{"href":"https:\/\/www.bimandco.com\/bim\/wp-json\/wp\/v2\/media?parent=3411"}],"curies":[{"name":"wp","href":"https:\/\/api.w.org\/{rel}","templated":true}]}}