{"id":3275,"date":"2020-04-27T10:05:05","date_gmt":"2020-04-27T08:05:05","guid":{"rendered":"https:\/\/www.bimandco.com\/bim\/?page_id=3275"},"modified":"2020-06-30T15:44:55","modified_gmt":"2020-06-30T13:44:55","slug":"la-nostra-missione","status":"publish","type":"page","link":"https:\/\/www.bimandco.com\/bim\/it\/la-nostra-missione\/","title":{"rendered":"La nostra missione"},"content":{"rendered":"<div id=\"pl-gb3275-69e6bafe3db98\"  class=\"panel-layout\" ><div id=\"pg-gb3275-69e6bafe3db98-0\"  class=\"panel-grid panel-has-style\" ><div class=\"page-section container panel-row-style panel-row-style-for-gb3275-69e6bafe3db98-0\" id=\"section-manifesto01\" ><div id=\"pgc-gb3275-69e6bafe3db98-0-0\"  class=\"panel-grid-cell\" ><div id=\"panel-gb3275-69e6bafe3db98-0-0-0\" class=\"so-panel widget widget_media_image panel-first-child\" data-index=\"0\" ><div class=\"no-visuel-mobile panel-widget-style panel-widget-style-for-gb3275-69e6bafe3db98-0-0-0\" ><img fetchpriority=\"high\" decoding=\"async\" width=\"1500\" height=\"655\" src=\"https:\/\/www.bimandco.com\/bim\/wp-content\/uploads\/2020\/03\/the-constructive-mindset-1536x671.jpg\" class=\"image wp-image-775  attachment-1500x655 size-1500x655\" alt=\"\" style=\"max-width: 100%; height: auto;\" srcset=\"https:\/\/www.bimandco.com\/bim\/wp-content\/uploads\/2020\/03\/the-constructive-mindset-1536x671.jpg 1536w, https:\/\/www.bimandco.com\/bim\/wp-content\/uploads\/2020\/03\/the-constructive-mindset-300x131.jpg 300w, https:\/\/www.bimandco.com\/bim\/wp-content\/uploads\/2020\/03\/the-constructive-mindset-1024x447.jpg 1024w, https:\/\/www.bimandco.com\/bim\/wp-content\/uploads\/2020\/03\/the-constructive-mindset-150x65.jpg 150w, https:\/\/www.bimandco.com\/bim\/wp-content\/uploads\/2020\/03\/the-constructive-mindset-768x335.jpg 768w, https:\/\/www.bimandco.com\/bim\/wp-content\/uploads\/2020\/03\/the-constructive-mindset-2048x894.jpg 2048w\" sizes=\"(max-width: 1500px) 100vw, 1500px\" \/><\/div><\/div><div id=\"panel-gb3275-69e6bafe3db98-0-0-1\" class=\"so-panel widget widget_media_image\" data-index=\"1\" ><div class=\"visuel-mobile panel-widget-style panel-widget-style-for-gb3275-69e6bafe3db98-0-0-1\" ><img decoding=\"async\" width=\"640\" height=\"746\" src=\"https:\/\/www.bimandco.com\/bim\/wp-content\/uploads\/2020\/03\/the-constructive-mindset-mobile-878x1024.jpg\" class=\"image wp-image-776  attachment-large size-large\" alt=\"\" style=\"max-width: 100%; height: auto;\" srcset=\"https:\/\/www.bimandco.com\/bim\/wp-content\/uploads\/2020\/03\/the-constructive-mindset-mobile-878x1024.jpg 878w, https:\/\/www.bimandco.com\/bim\/wp-content\/uploads\/2020\/03\/the-constructive-mindset-mobile-257x300.jpg 257w, https:\/\/www.bimandco.com\/bim\/wp-content\/uploads\/2020\/03\/the-constructive-mindset-mobile-129x150.jpg 129w, https:\/\/www.bimandco.com\/bim\/wp-content\/uploads\/2020\/03\/the-constructive-mindset-mobile-768x896.jpg 768w, https:\/\/www.bimandco.com\/bim\/wp-content\/uploads\/2020\/03\/the-constructive-mindset-mobile.jpg 1029w\" sizes=\"(max-width: 640px) 100vw, 640px\" \/><\/div><\/div><div id=\"panel-gb3275-69e6bafe3db98-0-0-2\" class=\"widget_text so-panel widget widget_custom_html panel-last-child\" data-index=\"2\" ><div class=\"widget_text description panel-widget-style panel-widget-style-for-gb3275-69e6bafe3db98-0-0-2\" ><div class=\"textwidget custom-html-widget\"><h1><span>La nostra missione<\/span>L&rsquo;armonia, il nuovo standard!<\/h1>\n<p>Grazie all&rsquo;esclusiva tecnologia di armonizzazione dei dati, garantiamo la compatibilit\u00e0 di contenuti e dati dei produttori al di l\u00e0 di ogni standard e lingua, consentendo una distribuzione continua delle informazioni a qualsiasi software, compresi quelli di calcolo, gli strumenti di modellizzazione BIM e altro ancora.<\/p><\/div><\/div><\/div><\/div><\/div><\/div><\/div>\n\n<div id=\"pl-gb3275-69e6bafe41a39\"  class=\"panel-layout\" ><div id=\"pg-gb3275-69e6bafe41a39-0\"  class=\"panel-grid panel-has-style\" ><div class=\"page-section panel-row-style panel-row-style-for-gb3275-69e6bafe41a39-0\" id=\"section-manifesto02\" ><div id=\"pgc-gb3275-69e6bafe41a39-0-0\"  class=\"panel-grid-cell\" ><div id=\"panel-gb3275-69e6bafe41a39-0-0-0\" class=\"so-panel widget widget_siteorigin-panels-builder panel-first-child panel-last-child\" data-index=\"0\" ><div class=\"container panel-widget-style panel-widget-style-for-gb3275-69e6bafe41a39-0-0-0\" ><div id=\"pl-w5ef04be59d84d\"  class=\"panel-layout\" ><div id=\"pg-w5ef04be59d84d-0\"  class=\"panel-grid panel-no-style\" ><div id=\"pgc-w5ef04be59d84d-0-0\"  class=\"panel-grid-cell\" ><div id=\"panel-w5ef04be59d84d-0-0-0\" class=\"so-panel widget widget_media_image panel-first-child panel-last-child\" data-index=\"0\" ><div class=\"rellax1 panel-widget-style panel-widget-style-for-w5ef04be59d84d-0-0-0\" ><img decoding=\"async\" width=\"640\" height=\"413\" src=\"https:\/\/www.bimandco.com\/bim\/wp-content\/uploads\/2020\/03\/cracking-geometry-1024x660.jpg\" class=\"image wp-image-782  attachment-large size-large\" alt=\"\" style=\"max-width: 100%; height: auto;\" srcset=\"https:\/\/www.bimandco.com\/bim\/wp-content\/uploads\/2020\/03\/cracking-geometry-1024x660.jpg 1024w, https:\/\/www.bimandco.com\/bim\/wp-content\/uploads\/2020\/03\/cracking-geometry-300x193.jpg 300w, https:\/\/www.bimandco.com\/bim\/wp-content\/uploads\/2020\/03\/cracking-geometry-150x97.jpg 150w, https:\/\/www.bimandco.com\/bim\/wp-content\/uploads\/2020\/03\/cracking-geometry-768x495.jpg 768w, https:\/\/www.bimandco.com\/bim\/wp-content\/uploads\/2020\/03\/cracking-geometry-1536x991.jpg 1536w, https:\/\/www.bimandco.com\/bim\/wp-content\/uploads\/2020\/03\/cracking-geometry.jpg 1819w\" sizes=\"(max-width: 640px) 100vw, 640px\" \/><\/div><\/div><\/div><div id=\"pgc-w5ef04be59d84d-0-1\"  class=\"panel-grid-cell\" ><div id=\"panel-w5ef04be59d84d-0-1-0\" class=\"so-panel widget widget_text panel-first-child\" data-index=\"1\" ><div class=\"suptitle-tag panel-widget-style panel-widget-style-for-w5ef04be59d84d-0-1-0\" >\t\t\t<div class=\"textwidget\"><p>UN MOVIMENTO DI BOLLARI<\/p>\n<\/div>\n\t\t<\/div><\/div><div id=\"panel-w5ef04be59d84d-0-1-1\" class=\"widget_text so-panel widget widget_custom_html panel-last-child\" data-index=\"2\" ><div class=\"textwidget custom-html-widget\"><h2>Separare <span>geometria<\/span> e dati<\/h2>\n<p>Mentre i dati di prodotto devono essere organizzati e classificati per rispondere a molteplici esigenze, le forme geometriche devono essere messe a disposizione in qualsiasi ambiente 3D. Elaboriamo dati e geometria in modo separato e li mappiamo insieme come un oggetto connesso. In questo modo possiamo gestire dati avanzati mentre i tuoi file nativi sono sincronizzati e costantemente aggiornati.<\/p><\/div><\/div><\/div><\/div><\/div><\/div><\/div><\/div><\/div><\/div><\/div>\n\n<div id=\"pl-gb3275-69e6bafe5547a\"  class=\"panel-layout\" ><div id=\"pg-gb3275-69e6bafe5547a-0\"  class=\"panel-grid panel-has-style\" ><div class=\"page-section panel-row-style panel-row-style-for-gb3275-69e6bafe5547a-0\" id=\"section-manifesto03\" ><div id=\"pgc-gb3275-69e6bafe5547a-0-0\"  class=\"panel-grid-cell\" ><div id=\"panel-gb3275-69e6bafe5547a-0-0-0\" class=\"so-panel widget widget_siteorigin-panels-builder panel-first-child panel-last-child\" data-index=\"0\" ><div id=\"pl-w5ea694f239fa2\"  class=\"panel-layout\" ><div id=\"pg-w5ea694f239fa2-0\"  class=\"panel-grid panel-has-style\" ><div class=\"container panel-row-style panel-row-style-for-w5ea694f239fa2-0\" ><div id=\"pgc-w5ea694f239fa2-0-0\"  class=\"panel-grid-cell\" ><div id=\"panel-w5ea694f239fa2-0-0-0\" class=\"so-panel widget widget_media_image panel-first-child panel-last-child\" data-index=\"0\" ><div id=\"data-img\" class=\"panel-widget-style panel-widget-style-for-w5ea694f239fa2-0-0-0\" ><img loading=\"lazy\" decoding=\"async\" width=\"1031\" height=\"580\" src=\"https:\/\/www.bimandco.com\/bim\/wp-content\/uploads\/2020\/03\/in-data-we-trust-1536x864.jpg\" class=\"image wp-image-787  attachment-1031x580 size-1031x580\" alt=\"\" style=\"max-width: 100%; height: auto;\" srcset=\"https:\/\/www.bimandco.com\/bim\/wp-content\/uploads\/2020\/03\/in-data-we-trust-1536x864.jpg 1536w, https:\/\/www.bimandco.com\/bim\/wp-content\/uploads\/2020\/03\/in-data-we-trust-300x169.jpg 300w, https:\/\/www.bimandco.com\/bim\/wp-content\/uploads\/2020\/03\/in-data-we-trust-1024x576.jpg 1024w, https:\/\/www.bimandco.com\/bim\/wp-content\/uploads\/2020\/03\/in-data-we-trust-150x84.jpg 150w, https:\/\/www.bimandco.com\/bim\/wp-content\/uploads\/2020\/03\/in-data-we-trust-768x432.jpg 768w, https:\/\/www.bimandco.com\/bim\/wp-content\/uploads\/2020\/03\/in-data-we-trust-2048x1152.jpg 2048w\" sizes=\"(max-width: 1031px) 100vw, 1031px\" \/><\/div><\/div><\/div><div id=\"pgc-w5ea694f239fa2-0-1\"  class=\"panel-grid-cell\" ><div id=\"panel-w5ea694f239fa2-0-1-0\" class=\"widget_text so-panel widget widget_custom_html panel-first-child panel-last-child\" data-index=\"1\" ><div id=\"data-text\" class=\"widget_text panel-widget-style panel-widget-style-for-w5ea694f239fa2-0-1-0\" ><div class=\"textwidget custom-html-widget\"><h2>Abbiamo fiducia nei <span>DATI<\/span><\/h2>\n<p>Crediamo che offrire i dati giusti sia fondamentale per risolvere al meglio i problemi. Concentrando l&rsquo;attenzione su omogeneit\u00e0 e compatibilit\u00e0, sfruttiamo la gestione dei dati per scalare meglio i progetti di costruzione, migliorando la qualit\u00e0, riducendo i costi e ottimizzando l&rsquo;intero processo di costruzione. Dimentica gli oggetti BIM, \u00e8 tutta una questione di dati!<\/p><\/div><\/div><\/div><\/div><\/div><\/div><\/div><\/div><\/div><\/div><\/div><\/div>\n\n<div id=\"pl-gb3275-69e6bafe5638f\"  class=\"panel-layout\" ><div id=\"pg-gb3275-69e6bafe5638f-0\"  class=\"panel-grid panel-has-style\" ><div class=\"page-section panel-row-style panel-row-style-for-gb3275-69e6bafe5638f-0\" id=\"section-manifesto04\" ><div id=\"pgc-gb3275-69e6bafe5638f-0-0\"  class=\"panel-grid-cell\" ><div id=\"panel-gb3275-69e6bafe5638f-0-0-0\" class=\"so-panel widget widget_siteorigin-panels-builder panel-first-child panel-last-child\" data-index=\"0\" ><div id=\"pl-w5efb41d4b37b5\"  class=\"panel-layout\" ><div id=\"pg-w5efb41d4b37b5-0\"  class=\"panel-grid panel-has-style\" ><div class=\"container panel-row-style panel-row-style-for-w5efb41d4b37b5-0\" ><div id=\"pgc-w5efb41d4b37b5-0-0\"  class=\"panel-grid-cell\" ><div id=\"panel-w5efb41d4b37b5-0-0-0\" class=\"widget_text so-panel widget widget_custom_html panel-first-child panel-last-child\" data-index=\"0\" ><div class=\"textwidget custom-html-widget\"><h2><span>Attivisti<\/span> dell&rsquo;open BIM<\/h2><\/div><\/div><\/div><\/div><\/div><div id=\"pg-w5efb41d4b37b5-1\"  class=\"panel-grid panel-has-style\" ><div class=\"container panel-row-style panel-row-style-for-w5efb41d4b37b5-1\" id=\"etienne-block\" ><div id=\"pgc-w5efb41d4b37b5-1-0\"  class=\"panel-grid-cell\" ><div id=\"panel-w5efb41d4b37b5-1-0-0\" class=\"so-panel widget widget_media_image panel-first-child panel-last-child\" data-index=\"1\" ><img loading=\"lazy\" decoding=\"async\" width=\"160\" height=\"160\" src=\"https:\/\/www.bimandco.com\/bim\/wp-content\/uploads\/2020\/03\/etienne-mullie-300x300.png\" class=\"image wp-image-816  attachment-160x160 size-160x160\" alt=\"\" style=\"max-width: 100%; height: auto;\" srcset=\"https:\/\/www.bimandco.com\/bim\/wp-content\/uploads\/2020\/03\/etienne-mullie-300x300.png 300w, https:\/\/www.bimandco.com\/bim\/wp-content\/uploads\/2020\/03\/etienne-mullie-150x150.png 150w, https:\/\/www.bimandco.com\/bim\/wp-content\/uploads\/2020\/03\/etienne-mullie.png 480w\" sizes=\"(max-width: 160px) 100vw, 160px\" \/><\/div><\/div><div id=\"pgc-w5efb41d4b37b5-1-1\"  class=\"panel-grid-cell\" ><div id=\"panel-w5efb41d4b37b5-1-1-0\" class=\"widget_text so-panel widget widget_custom_html panel-first-child panel-last-child\" data-index=\"2\" ><div class=\"textwidget custom-html-widget\"><p>\u00ab\u00a0Ci siamo adoperati fin da subito per offrire tecnologie collaborative di open BIM, consentendo a tutti i soggetti interessati di lavorare insieme in modo pi\u00f9 efficace\u00a0\u00bb<\/p>\n<div>afferma <strong>Etienne Mullie<\/strong> &#8211; fondatore di BIM&amp;CO<\/div><\/div><\/div><\/div><\/div><\/div><div id=\"pg-w5efb41d4b37b5-2\"  class=\"panel-grid panel-has-style\" ><div class=\"container panel-row-style panel-row-style-for-w5efb41d4b37b5-2\" id=\"bsdd-text\" ><div id=\"pgc-w5efb41d4b37b5-2-0\"  class=\"panel-grid-cell\" ><div id=\"panel-w5efb41d4b37b5-2-0-0\" class=\"so-panel widget widget_text panel-first-child panel-last-child\" data-index=\"3\" >\t\t\t<div class=\"textwidget\"><p>In qualit\u00e0 di collaboratori del Building Smart Data Dictionary (BSDD), promuoviamo lo sviluppo di tutti gli standard aperti per incentivare l&rsquo;interoperabilit\u00e0 tra i software. Siamo all&rsquo;avanguardia nello sviluppo degli standard BIM e ne semplifichiamo l&rsquo;adozione integrando i pi\u00f9 recenti aggiornamenti nelle nostre soluzioni.<\/p>\n<\/div>\n\t\t<\/div><\/div><\/div><\/div><div id=\"pg-w5efb41d4b37b5-3\"  class=\"panel-grid panel-has-style\" ><div class=\"container panel-row-style panel-row-style-for-w5efb41d4b37b5-3\" id=\"on-the-fly\" ><div id=\"pgc-w5efb41d4b37b5-3-0\"  class=\"panel-grid-cell panel-grid-cell-empty\" ><\/div><div id=\"pgc-w5efb41d4b37b5-3-1\"  class=\"panel-grid-cell\" ><div id=\"panel-w5efb41d4b37b5-3-1-0\" class=\"so-panel widget widget_text panel-first-child\" data-index=\"4\" ><h2 class=\"widget-title\">In tempo reale<\/h2>\t\t\t<div class=\"textwidget\"><\/div>\n\t\t<\/div><div id=\"panel-w5efb41d4b37b5-3-1-1\" class=\"so-panel widget widget_text panel-last-child\" data-index=\"5\" >\t\t\t<div class=\"textwidget\"><p>I nostri strumenti intuitivi consentono una facile condivisione dei dati in tempo reale da un&rsquo;unica fonte online. Sincronizza gli aggiornamenti con tutti i tuoi partner aziendali con un semplice clic, senza bisogno di alcun software BIM. Che ti occorrano informazioni, metadati o modelli, risparmia tempo con la conversione 3D, la traduzione di metadati o gli aggiornamenti delle informazioni.<\/p>\n<\/div>\n\t\t<\/div><\/div><\/div><\/div><\/div><\/div><\/div><\/div><\/div><\/div>\n\n<div id=\"pl-gb3275-69e6bafe57c6d\"  class=\"panel-layout\" ><div id=\"pg-gb3275-69e6bafe57c6d-0\"  class=\"panel-grid panel-has-style\" ><div class=\"page-section panel-row-style panel-row-style-for-gb3275-69e6bafe57c6d-0\" id=\"section-manifesto05\" ><div id=\"pgc-gb3275-69e6bafe57c6d-0-0\"  class=\"panel-grid-cell\" ><div id=\"panel-gb3275-69e6bafe57c6d-0-0-0\" class=\"so-panel widget widget_siteorigin-panels-builder panel-first-child panel-last-child\" data-index=\"0\" ><div class=\"container panel-widget-style panel-widget-style-for-gb3275-69e6bafe57c6d-0-0-0\" ><div id=\"pl-w5ef04c08cd365\"  class=\"panel-layout\" ><div id=\"pg-w5ef04c08cd365-0\"  class=\"panel-grid panel-no-style\" ><div id=\"pgc-w5ef04c08cd365-0-0\"  class=\"panel-grid-cell\" ><div id=\"panel-w5ef04c08cd365-0-0-0\" class=\"widget_text so-panel widget widget_custom_html panel-first-child panel-last-child\" data-index=\"0\" ><div class=\"textwidget custom-html-widget\"><h2>Costruire partendo dall&rsquo;esperienza della <span>community<\/span><\/h2>\n<p>La Community BIM&amp;CO mette insieme conoscenze ed esperienze offerte da attori del settore AEC, produttori, editori di software e societ\u00e0 di standardizzazione attraverso una rete di appassionati di BIM che condividono la stessa mentalit\u00e0 e una visione collettiva di come dovrebbero evolvere le cose.<\/p><\/div><\/div><\/div><div id=\"pgc-w5ef04c08cd365-0-1\"  class=\"panel-grid-cell\" ><div id=\"panel-w5ef04c08cd365-0-1-0\" class=\"so-panel widget widget_media_image panel-first-child panel-last-child\" data-index=\"1\" ><div class=\"rellax1 panel-widget-style panel-widget-style-for-w5ef04c08cd365-0-1-0\" ><img loading=\"lazy\" decoding=\"async\" width=\"640\" height=\"413\" src=\"https:\/\/www.bimandco.com\/bim\/wp-content\/uploads\/2020\/06\/community-768x496-4.jpg\" class=\"image wp-image-4260  attachment-640x413 size-640x413\" alt=\"\" style=\"max-width: 100%; height: auto;\" srcset=\"https:\/\/www.bimandco.com\/bim\/wp-content\/uploads\/2020\/06\/community-768x496-4.jpg 768w, https:\/\/www.bimandco.com\/bim\/wp-content\/uploads\/2020\/06\/community-768x496-4-300x194.jpg 300w, https:\/\/www.bimandco.com\/bim\/wp-content\/uploads\/2020\/06\/community-768x496-4-150x97.jpg 150w\" sizes=\"(max-width: 640px) 100vw, 640px\" \/><\/div><\/div><\/div><\/div><\/div><\/div><\/div><\/div><\/div><\/div><\/div>\n\n<div id=\"pl-gb3275-69e6bafe668bc\"  class=\"panel-layout\" ><div id=\"pg-gb3275-69e6bafe668bc-0\"  class=\"panel-grid panel-has-style\" ><div class=\"page-section panel-row-style panel-row-style-for-gb3275-69e6bafe668bc-0\" id=\"section-manifesto06\" ><div id=\"pgc-gb3275-69e6bafe668bc-0-0\"  class=\"panel-grid-cell\" ><div id=\"panel-gb3275-69e6bafe668bc-0-0-0\" class=\"so-panel widget widget_siteorigin-panels-builder panel-first-child panel-last-child\" data-index=\"0\" ><div class=\"container panel-widget-style panel-widget-style-for-gb3275-69e6bafe668bc-0-0-0\" ><div id=\"pl-w5ea6965d2b568\"  class=\"panel-layout\" ><div id=\"pg-w5ea6965d2b568-0\"  class=\"panel-grid panel-no-style\" ><div id=\"pgc-w5ea6965d2b568-0-0\"  class=\"panel-grid-cell\" ><div id=\"panel-w5ea6965d2b568-0-0-0\" class=\"so-panel widget widget_media_image panel-first-child panel-last-child\" data-index=\"0\" ><div class=\"rellax1 panel-widget-style panel-widget-style-for-w5ea6965d2b568-0-0-0\" ><img loading=\"lazy\" decoding=\"async\" width=\"640\" height=\"413\" src=\"https:\/\/www.bimandco.com\/bim\/wp-content\/uploads\/2020\/03\/future-proof-buildings-1024x661.jpg\" class=\"image wp-image-794  attachment-large size-large\" alt=\"\" style=\"max-width: 100%; height: auto;\" srcset=\"https:\/\/www.bimandco.com\/bim\/wp-content\/uploads\/2020\/03\/future-proof-buildings-1024x661.jpg 1024w, https:\/\/www.bimandco.com\/bim\/wp-content\/uploads\/2020\/03\/future-proof-buildings-300x194.jpg 300w, https:\/\/www.bimandco.com\/bim\/wp-content\/uploads\/2020\/03\/future-proof-buildings-150x97.jpg 150w, https:\/\/www.bimandco.com\/bim\/wp-content\/uploads\/2020\/03\/future-proof-buildings-768x496.jpg 768w, https:\/\/www.bimandco.com\/bim\/wp-content\/uploads\/2020\/03\/future-proof-buildings-1536x992.jpg 1536w, https:\/\/www.bimandco.com\/bim\/wp-content\/uploads\/2020\/03\/future-proof-buildings.jpg 1827w\" sizes=\"(max-width: 640px) 100vw, 640px\" \/><\/div><\/div><\/div><div id=\"pgc-w5ea6965d2b568-0-1\"  class=\"panel-grid-cell\" ><div id=\"panel-w5ea6965d2b568-0-1-0\" class=\"widget_text so-panel widget widget_custom_html panel-first-child panel-last-child\" data-index=\"1\" ><div class=\"textwidget custom-html-widget\"><h2>Edifici a prova di <span>futuro<\/span><\/h2>\n<p>Le previsioni sugli approvvigionamenti di materie prime sono stime approssimative con uno scarso livello di precisione, che genera ingenti costi extra e notevoli sprechi. Aumentando la precisione dei dati dei componenti per gli strumenti di calcolo, aiutiamo il settore AEC a individuare le reali esigenze e a snellire i processi.<\/p><\/div><\/div><\/div><\/div><\/div><\/div><\/div><\/div><\/div><\/div><\/div>\n\n<div id=\"pl-gb3275-69e6bafe69563\"  class=\"panel-layout\" ><div id=\"pg-gb3275-69e6bafe69563-0\"  class=\"panel-grid panel-has-style\" ><div class=\"page-section panel-row-style panel-row-style-for-gb3275-69e6bafe69563-0\" id=\"section-manifesto07\" ><div id=\"pgc-gb3275-69e6bafe69563-0-0\"  class=\"panel-grid-cell\" ><div id=\"panel-gb3275-69e6bafe69563-0-0-0\" class=\"widget_text so-panel widget widget_custom_html panel-first-child panel-last-child\" data-index=\"0\" ><div class=\"textwidget custom-html-widget\"><a href=\"\/bim\/it\/soluzioni-aec-construction-onfly-bim-content-management-system\/\" class=\"btn btn-blue-medium\">Scoprite la nostra soluzione di BIM Family Browser Onfly<\/a><\/div><\/div><\/div><\/div><\/div><\/div>","protected":false},"excerpt":{"rendered":"","protected":false},"author":2,"featured_media":0,"parent":0,"menu_order":0,"comment_status":"closed","ping_status":"closed","template":"","meta":{"_acf_changed":false,"content-type":"","footnotes":""},"class_list":["post-3275","page","type-page","status-publish","hentry"],"acf":[],"yoast_head":"<!-- This site is optimized with the Yoast SEO plugin v26.0 - https:\/\/yoast.com\/wordpress\/plugins\/seo\/ -->\n<title>La nostra missione - BIM&amp;CO<\/title>\n<meta name=\"robots\" content=\"index, follow, max-snippet:-1, max-image-preview:large, max-video-preview:-1\" \/>\n<link rel=\"canonical\" href=\"https:\/\/www.bimandco.com\/bim\/it\/la-nostra-missione\/\" \/>\n<meta property=\"og:locale\" content=\"fr_FR\" \/>\n<meta property=\"og:type\" content=\"article\" \/>\n<meta property=\"og:title\" content=\"La nostra missione - BIM&amp;CO\" \/>\n<meta property=\"og:url\" content=\"https:\/\/www.bimandco.com\/bim\/it\/la-nostra-missione\/\" \/>\n<meta property=\"og:site_name\" content=\"BIM&amp;CO\" \/>\n<meta property=\"article:modified_time\" content=\"2020-06-30T13:44:55+00:00\" \/>\n<meta name=\"twitter:card\" content=\"summary_large_image\" \/>\n<script type=\"application\/ld+json\" class=\"yoast-schema-graph\">{\"@context\":\"https:\/\/schema.org\",\"@graph\":[{\"@type\":\"WebPage\",\"@id\":\"https:\/\/www.bimandco.com\/bim\/it\/la-nostra-missione\/\",\"url\":\"https:\/\/www.bimandco.com\/bim\/it\/la-nostra-missione\/\",\"name\":\"La nostra missione - BIM&amp;CO\",\"isPartOf\":{\"@id\":\"https:\/\/www.bimandco.com\/bim\/#website\"},\"datePublished\":\"2020-04-27T08:05:05+00:00\",\"dateModified\":\"2020-06-30T13:44:55+00:00\",\"breadcrumb\":{\"@id\":\"https:\/\/www.bimandco.com\/bim\/it\/la-nostra-missione\/#breadcrumb\"},\"inLanguage\":\"fr-FR\",\"potentialAction\":[{\"@type\":\"ReadAction\",\"target\":[\"https:\/\/www.bimandco.com\/bim\/it\/la-nostra-missione\/\"]}]},{\"@type\":\"BreadcrumbList\",\"@id\":\"https:\/\/www.bimandco.com\/bim\/it\/la-nostra-missione\/#breadcrumb\",\"itemListElement\":[{\"@type\":\"ListItem\",\"position\":1,\"name\":\"Accueil\",\"item\":\"https:\/\/www.bimandco.com\/bim\/fr\/\"},{\"@type\":\"ListItem\",\"position\":2,\"name\":\"La nostra missione\"}]},{\"@type\":\"WebSite\",\"@id\":\"https:\/\/www.bimandco.com\/bim\/#website\",\"url\":\"https:\/\/www.bimandco.com\/bim\/\",\"name\":\"BIM&amp;CO\",\"description\":\"\",\"publisher\":{\"@id\":\"https:\/\/www.bimandco.com\/bim\/#organization\"},\"potentialAction\":[{\"@type\":\"SearchAction\",\"target\":{\"@type\":\"EntryPoint\",\"urlTemplate\":\"https:\/\/www.bimandco.com\/bim\/?s={search_term_string}\"},\"query-input\":{\"@type\":\"PropertyValueSpecification\",\"valueRequired\":true,\"valueName\":\"search_term_string\"}}],\"inLanguage\":\"fr-FR\"},{\"@type\":\"Organization\",\"@id\":\"https:\/\/www.bimandco.com\/bim\/#organization\",\"name\":\"BIM&amp;CO\",\"url\":\"https:\/\/www.bimandco.com\/bim\/\",\"logo\":{\"@type\":\"ImageObject\",\"inLanguage\":\"fr-FR\",\"@id\":\"https:\/\/www.bimandco.com\/bim\/#\/schema\/logo\/image\/\",\"url\":\"https:\/\/www.bimandco.com\/bim\/wp-content\/uploads\/2023\/03\/logo-bimandco-1.svg\",\"contentUrl\":\"https:\/\/www.bimandco.com\/bim\/wp-content\/uploads\/2023\/03\/logo-bimandco-1.svg\",\"width\":102,\"height\":50,\"caption\":\"BIM&amp;CO\"},\"image\":{\"@id\":\"https:\/\/www.bimandco.com\/bim\/#\/schema\/logo\/image\/\"}}]}<\/script>\n<!-- \/ Yoast SEO plugin. -->","yoast_head_json":{"title":"La nostra missione - BIM&amp;CO","robots":{"index":"index","follow":"follow","max-snippet":"max-snippet:-1","max-image-preview":"max-image-preview:large","max-video-preview":"max-video-preview:-1"},"canonical":"https:\/\/www.bimandco.com\/bim\/it\/la-nostra-missione\/","og_locale":"fr_FR","og_type":"article","og_title":"La nostra missione - BIM&amp;CO","og_url":"https:\/\/www.bimandco.com\/bim\/it\/la-nostra-missione\/","og_site_name":"BIM&amp;CO","article_modified_time":"2020-06-30T13:44:55+00:00","twitter_card":"summary_large_image","schema":{"@context":"https:\/\/schema.org","@graph":[{"@type":"WebPage","@id":"https:\/\/www.bimandco.com\/bim\/it\/la-nostra-missione\/","url":"https:\/\/www.bimandco.com\/bim\/it\/la-nostra-missione\/","name":"La nostra missione - BIM&amp;CO","isPartOf":{"@id":"https:\/\/www.bimandco.com\/bim\/#website"},"datePublished":"2020-04-27T08:05:05+00:00","dateModified":"2020-06-30T13:44:55+00:00","breadcrumb":{"@id":"https:\/\/www.bimandco.com\/bim\/it\/la-nostra-missione\/#breadcrumb"},"inLanguage":"fr-FR","potentialAction":[{"@type":"ReadAction","target":["https:\/\/www.bimandco.com\/bim\/it\/la-nostra-missione\/"]}]},{"@type":"BreadcrumbList","@id":"https:\/\/www.bimandco.com\/bim\/it\/la-nostra-missione\/#breadcrumb","itemListElement":[{"@type":"ListItem","position":1,"name":"Accueil","item":"https:\/\/www.bimandco.com\/bim\/fr\/"},{"@type":"ListItem","position":2,"name":"La nostra missione"}]},{"@type":"WebSite","@id":"https:\/\/www.bimandco.com\/bim\/#website","url":"https:\/\/www.bimandco.com\/bim\/","name":"BIM&amp;CO","description":"","publisher":{"@id":"https:\/\/www.bimandco.com\/bim\/#organization"},"potentialAction":[{"@type":"SearchAction","target":{"@type":"EntryPoint","urlTemplate":"https:\/\/www.bimandco.com\/bim\/?s={search_term_string}"},"query-input":{"@type":"PropertyValueSpecification","valueRequired":true,"valueName":"search_term_string"}}],"inLanguage":"fr-FR"},{"@type":"Organization","@id":"https:\/\/www.bimandco.com\/bim\/#organization","name":"BIM&amp;CO","url":"https:\/\/www.bimandco.com\/bim\/","logo":{"@type":"ImageObject","inLanguage":"fr-FR","@id":"https:\/\/www.bimandco.com\/bim\/#\/schema\/logo\/image\/","url":"https:\/\/www.bimandco.com\/bim\/wp-content\/uploads\/2023\/03\/logo-bimandco-1.svg","contentUrl":"https:\/\/www.bimandco.com\/bim\/wp-content\/uploads\/2023\/03\/logo-bimandco-1.svg","width":102,"height":50,"caption":"BIM&amp;CO"},"image":{"@id":"https:\/\/www.bimandco.com\/bim\/#\/schema\/logo\/image\/"}}]}},"_links":{"self":[{"href":"https:\/\/www.bimandco.com\/bim\/wp-json\/wp\/v2\/pages\/3275","targetHints":{"allow":["GET"]}}],"collection":[{"href":"https:\/\/www.bimandco.com\/bim\/wp-json\/wp\/v2\/pages"}],"about":[{"href":"https:\/\/www.bimandco.com\/bim\/wp-json\/wp\/v2\/types\/page"}],"author":[{"embeddable":true,"href":"https:\/\/www.bimandco.com\/bim\/wp-json\/wp\/v2\/users\/2"}],"replies":[{"embeddable":true,"href":"https:\/\/www.bimandco.com\/bim\/wp-json\/wp\/v2\/comments?post=3275"}],"version-history":[{"count":9,"href":"https:\/\/www.bimandco.com\/bim\/wp-json\/wp\/v2\/pages\/3275\/revisions"}],"predecessor-version":[{"id":5201,"href":"https:\/\/www.bimandco.com\/bim\/wp-json\/wp\/v2\/pages\/3275\/revisions\/5201"}],"wp:attachment":[{"href":"https:\/\/www.bimandco.com\/bim\/wp-json\/wp\/v2\/media?parent=3275"}],"curies":[{"name":"wp","href":"https:\/\/api.w.org\/{rel}","templated":true}]}}