{"id":3262,"date":"2020-04-27T09:41:40","date_gmt":"2020-04-27T07:41:40","guid":{"rendered":"https:\/\/www.bimandco.com\/bim\/?page_id=3262"},"modified":"2020-06-30T15:44:32","modified_gmt":"2020-06-30T13:44:32","slug":"nuestra-mision","status":"publish","type":"page","link":"https:\/\/www.bimandco.com\/bim\/es\/nuestra-mision\/","title":{"rendered":"Nuestra misi\u00f3n"},"content":{"rendered":"<div id=\"pl-gb3262-69e52ba82c421\"  class=\"panel-layout\" ><div id=\"pg-gb3262-69e52ba82c421-0\"  class=\"panel-grid panel-has-style\" ><div class=\"page-section container panel-row-style panel-row-style-for-gb3262-69e52ba82c421-0\" id=\"section-manifesto01\" ><div id=\"pgc-gb3262-69e52ba82c421-0-0\"  class=\"panel-grid-cell\" ><div id=\"panel-gb3262-69e52ba82c421-0-0-0\" class=\"so-panel widget widget_media_image panel-first-child\" data-index=\"0\" ><div class=\"no-visuel-mobile panel-widget-style panel-widget-style-for-gb3262-69e52ba82c421-0-0-0\" ><img fetchpriority=\"high\" decoding=\"async\" width=\"1500\" height=\"655\" src=\"https:\/\/www.bimandco.com\/bim\/wp-content\/uploads\/2020\/03\/the-constructive-mindset-1536x671.jpg\" class=\"image wp-image-775  attachment-1500x655 size-1500x655\" alt=\"\" style=\"max-width: 100%; height: auto;\" srcset=\"https:\/\/www.bimandco.com\/bim\/wp-content\/uploads\/2020\/03\/the-constructive-mindset-1536x671.jpg 1536w, https:\/\/www.bimandco.com\/bim\/wp-content\/uploads\/2020\/03\/the-constructive-mindset-300x131.jpg 300w, https:\/\/www.bimandco.com\/bim\/wp-content\/uploads\/2020\/03\/the-constructive-mindset-1024x447.jpg 1024w, https:\/\/www.bimandco.com\/bim\/wp-content\/uploads\/2020\/03\/the-constructive-mindset-150x65.jpg 150w, https:\/\/www.bimandco.com\/bim\/wp-content\/uploads\/2020\/03\/the-constructive-mindset-768x335.jpg 768w, https:\/\/www.bimandco.com\/bim\/wp-content\/uploads\/2020\/03\/the-constructive-mindset-2048x894.jpg 2048w\" sizes=\"(max-width: 1500px) 100vw, 1500px\" \/><\/div><\/div><div id=\"panel-gb3262-69e52ba82c421-0-0-1\" class=\"so-panel widget widget_media_image\" data-index=\"1\" ><div class=\"visuel-mobile panel-widget-style panel-widget-style-for-gb3262-69e52ba82c421-0-0-1\" ><img decoding=\"async\" width=\"640\" height=\"746\" src=\"https:\/\/www.bimandco.com\/bim\/wp-content\/uploads\/2020\/03\/the-constructive-mindset-mobile-878x1024.jpg\" class=\"image wp-image-776  attachment-large size-large\" alt=\"\" style=\"max-width: 100%; height: auto;\" srcset=\"https:\/\/www.bimandco.com\/bim\/wp-content\/uploads\/2020\/03\/the-constructive-mindset-mobile-878x1024.jpg 878w, https:\/\/www.bimandco.com\/bim\/wp-content\/uploads\/2020\/03\/the-constructive-mindset-mobile-257x300.jpg 257w, https:\/\/www.bimandco.com\/bim\/wp-content\/uploads\/2020\/03\/the-constructive-mindset-mobile-129x150.jpg 129w, https:\/\/www.bimandco.com\/bim\/wp-content\/uploads\/2020\/03\/the-constructive-mindset-mobile-768x896.jpg 768w, https:\/\/www.bimandco.com\/bim\/wp-content\/uploads\/2020\/03\/the-constructive-mindset-mobile.jpg 1029w\" sizes=\"(max-width: 640px) 100vw, 640px\" \/><\/div><\/div><div id=\"panel-gb3262-69e52ba82c421-0-0-2\" class=\"widget_text so-panel widget widget_custom_html panel-last-child\" data-index=\"2\" ><div class=\"widget_text description panel-widget-style panel-widget-style-for-gb3262-69e52ba82c421-0-0-2\" ><div class=\"textwidget custom-html-widget\"><h1><span>Nuestra misi\u00f3n<\/span>\u00a1La armon\u00eda es el nuevo est\u00e1ndar!<\/h1>\n<p>Gracias a una tecnolog\u00eda \u00fanica de armonizaci\u00f3n de datos, garantizamos que el contenido y los datos de los fabricantes sean compatibles m\u00e1s all\u00e1 de idiomas y est\u00e1ndares, lo que permitir\u00e1 una distribuci\u00f3n impecable de la informaci\u00f3n a cualquier software, incluyendo software de c\u00e1lculo, herramientas de modelizaci\u00f3n BIM, etc.<\/p><\/div><\/div><\/div><\/div><\/div><\/div><\/div>\n\n<div id=\"pl-gb3262-69e52ba82d4ae\"  class=\"panel-layout\" ><div id=\"pg-gb3262-69e52ba82d4ae-0\"  class=\"panel-grid panel-has-style\" ><div class=\"page-section panel-row-style panel-row-style-for-gb3262-69e52ba82d4ae-0\" id=\"section-manifesto02\" ><div id=\"pgc-gb3262-69e52ba82d4ae-0-0\"  class=\"panel-grid-cell\" ><div id=\"panel-gb3262-69e52ba82d4ae-0-0-0\" class=\"so-panel widget widget_siteorigin-panels-builder panel-first-child panel-last-child\" data-index=\"0\" ><div class=\"container panel-widget-style panel-widget-style-for-gb3262-69e52ba82d4ae-0-0-0\" ><div id=\"pl-w5ef04b16e671c\"  class=\"panel-layout\" ><div id=\"pg-w5ef04b16e671c-0\"  class=\"panel-grid panel-no-style\" ><div id=\"pgc-w5ef04b16e671c-0-0\"  class=\"panel-grid-cell\" ><div id=\"panel-w5ef04b16e671c-0-0-0\" class=\"so-panel widget widget_media_image panel-first-child panel-last-child\" data-index=\"0\" ><div class=\"rellax1 panel-widget-style panel-widget-style-for-w5ef04b16e671c-0-0-0\" ><img decoding=\"async\" width=\"640\" height=\"413\" src=\"https:\/\/www.bimandco.com\/bim\/wp-content\/uploads\/2020\/03\/cracking-geometry-1024x660.jpg\" class=\"image wp-image-782  attachment-large size-large\" alt=\"\" style=\"max-width: 100%; height: auto;\" srcset=\"https:\/\/www.bimandco.com\/bim\/wp-content\/uploads\/2020\/03\/cracking-geometry-1024x660.jpg 1024w, https:\/\/www.bimandco.com\/bim\/wp-content\/uploads\/2020\/03\/cracking-geometry-300x193.jpg 300w, https:\/\/www.bimandco.com\/bim\/wp-content\/uploads\/2020\/03\/cracking-geometry-150x97.jpg 150w, https:\/\/www.bimandco.com\/bim\/wp-content\/uploads\/2020\/03\/cracking-geometry-768x495.jpg 768w, https:\/\/www.bimandco.com\/bim\/wp-content\/uploads\/2020\/03\/cracking-geometry-1536x991.jpg 1536w, https:\/\/www.bimandco.com\/bim\/wp-content\/uploads\/2020\/03\/cracking-geometry.jpg 1819w\" sizes=\"(max-width: 640px) 100vw, 640px\" \/><\/div><\/div><\/div><div id=\"pgc-w5ef04b16e671c-0-1\"  class=\"panel-grid-cell\" ><div id=\"panel-w5ef04b16e671c-0-1-0\" class=\"so-panel widget widget_text panel-first-child\" data-index=\"1\" ><div class=\"suptitle-tag panel-widget-style panel-widget-style-for-w5ef04b16e671c-0-1-0\" >\t\t\t<div class=\"textwidget\"><p>UN MOVIMIENTO AUDAZ<\/p>\n<\/div>\n\t\t<\/div><\/div><div id=\"panel-w5ef04b16e671c-0-1-1\" class=\"widget_text so-panel widget widget_custom_html panel-last-child\" data-index=\"2\" ><div class=\"textwidget custom-html-widget\"><h2><span>geometr\u00eda<\/span> y datos por separado<\/h2>\n<p>Mientras que los datos de producto deben organizarse y clasificarse para responder a m\u00faltiples necesidades, las formas geom\u00e9tricas deben estar disponibles para cualquier entorno 3D. Procesamos los datos y la geometr\u00eda por separado y los mapeamos juntos como un objeto conectado. De este modo, puede gestionar datos avanzados mientras sus archivos originales se sincronizan y se mantienen siempre actualizados<\/p><\/div><\/div><\/div><\/div><\/div><\/div><\/div><\/div><\/div><\/div><\/div>\n\n<div id=\"pl-gb3262-69e52ba82e2ee\"  class=\"panel-layout\" ><div id=\"pg-gb3262-69e52ba82e2ee-0\"  class=\"panel-grid panel-has-style\" ><div class=\"page-section panel-row-style panel-row-style-for-gb3262-69e52ba82e2ee-0\" id=\"section-manifesto03\" ><div id=\"pgc-gb3262-69e52ba82e2ee-0-0\"  class=\"panel-grid-cell\" ><div id=\"panel-gb3262-69e52ba82e2ee-0-0-0\" class=\"so-panel widget widget_siteorigin-panels-builder panel-first-child panel-last-child\" data-index=\"0\" ><div id=\"pl-w5ea68ec5da87e\"  class=\"panel-layout\" ><div id=\"pg-w5ea68ec5da87e-0\"  class=\"panel-grid panel-has-style\" ><div class=\"container panel-row-style panel-row-style-for-w5ea68ec5da87e-0\" ><div id=\"pgc-w5ea68ec5da87e-0-0\"  class=\"panel-grid-cell\" ><div id=\"panel-w5ea68ec5da87e-0-0-0\" class=\"so-panel widget widget_media_image panel-first-child panel-last-child\" data-index=\"0\" ><div id=\"data-img\" class=\"panel-widget-style panel-widget-style-for-w5ea68ec5da87e-0-0-0\" ><img loading=\"lazy\" decoding=\"async\" width=\"1031\" height=\"580\" src=\"https:\/\/www.bimandco.com\/bim\/wp-content\/uploads\/2020\/03\/in-data-we-trust-1536x864.jpg\" class=\"image wp-image-787  attachment-1031x580 size-1031x580\" alt=\"\" style=\"max-width: 100%; height: auto;\" srcset=\"https:\/\/www.bimandco.com\/bim\/wp-content\/uploads\/2020\/03\/in-data-we-trust-1536x864.jpg 1536w, https:\/\/www.bimandco.com\/bim\/wp-content\/uploads\/2020\/03\/in-data-we-trust-300x169.jpg 300w, https:\/\/www.bimandco.com\/bim\/wp-content\/uploads\/2020\/03\/in-data-we-trust-1024x576.jpg 1024w, https:\/\/www.bimandco.com\/bim\/wp-content\/uploads\/2020\/03\/in-data-we-trust-150x84.jpg 150w, https:\/\/www.bimandco.com\/bim\/wp-content\/uploads\/2020\/03\/in-data-we-trust-768x432.jpg 768w, https:\/\/www.bimandco.com\/bim\/wp-content\/uploads\/2020\/03\/in-data-we-trust-2048x1152.jpg 2048w\" sizes=\"(max-width: 1031px) 100vw, 1031px\" \/><\/div><\/div><\/div><div id=\"pgc-w5ea68ec5da87e-0-1\"  class=\"panel-grid-cell\" ><div id=\"panel-w5ea68ec5da87e-0-1-0\" class=\"widget_text so-panel widget widget_custom_html panel-first-child panel-last-child\" data-index=\"1\" ><div id=\"data-text\" class=\"widget_text panel-widget-style panel-widget-style-for-w5ea68ec5da87e-0-1-0\" ><div class=\"textwidget custom-html-widget\"><h2>En los <span>DATOS<\/span> confiamos<\/h2>\n<p>Creemos que ofrecer los datos adecuados es clave para solucionar problemas mejor. Centr\u00e1ndonos siempre en la coherencia y en la compatibilidad, aprovechamos la gesti\u00f3n de datos para escalar mejor los proyectos de construcci\u00f3n, mejorando la calidad, reduciendo costes e impulsando todo el proceso de construcci\u00f3n. Olv\u00eddese de los objetos BIM, lo importante son los datos.<\/p><\/div><\/div><\/div><\/div><\/div><\/div><\/div><\/div><\/div><\/div><\/div><\/div>\n\n<div id=\"pl-gb3262-69e52ba82ecf9\"  class=\"panel-layout\" ><div id=\"pg-gb3262-69e52ba82ecf9-0\"  class=\"panel-grid panel-has-style\" ><div class=\"page-section panel-row-style panel-row-style-for-gb3262-69e52ba82ecf9-0\" id=\"section-manifesto04\" ><div id=\"pgc-gb3262-69e52ba82ecf9-0-0\"  class=\"panel-grid-cell\" ><div id=\"panel-gb3262-69e52ba82ecf9-0-0-0\" class=\"so-panel widget widget_siteorigin-panels-builder panel-first-child panel-last-child\" data-index=\"0\" ><div id=\"pl-w5efb41b74cd4d\"  class=\"panel-layout\" ><div id=\"pg-w5efb41b74cd4d-0\"  class=\"panel-grid panel-has-style\" ><div class=\"container panel-row-style panel-row-style-for-w5efb41b74cd4d-0\" ><div id=\"pgc-w5efb41b74cd4d-0-0\"  class=\"panel-grid-cell\" ><div id=\"panel-w5efb41b74cd4d-0-0-0\" class=\"widget_text so-panel widget widget_custom_html panel-first-child panel-last-child\" data-index=\"0\" ><div class=\"textwidget custom-html-widget\"><h2><span>Activistas<\/span> de open BIM<\/h2><\/div><\/div><\/div><\/div><\/div><div id=\"pg-w5efb41b74cd4d-1\"  class=\"panel-grid panel-has-style\" ><div class=\"container panel-row-style panel-row-style-for-w5efb41b74cd4d-1\" id=\"etienne-block\" ><div id=\"pgc-w5efb41b74cd4d-1-0\"  class=\"panel-grid-cell\" ><div id=\"panel-w5efb41b74cd4d-1-0-0\" class=\"so-panel widget widget_media_image panel-first-child panel-last-child\" data-index=\"1\" ><img loading=\"lazy\" decoding=\"async\" width=\"160\" height=\"160\" src=\"https:\/\/www.bimandco.com\/bim\/wp-content\/uploads\/2020\/03\/etienne-mullie-300x300.png\" class=\"image wp-image-816  attachment-160x160 size-160x160\" alt=\"\" style=\"max-width: 100%; height: auto;\" srcset=\"https:\/\/www.bimandco.com\/bim\/wp-content\/uploads\/2020\/03\/etienne-mullie-300x300.png 300w, https:\/\/www.bimandco.com\/bim\/wp-content\/uploads\/2020\/03\/etienne-mullie-150x150.png 150w, https:\/\/www.bimandco.com\/bim\/wp-content\/uploads\/2020\/03\/etienne-mullie.png 480w\" sizes=\"(max-width: 160px) 100vw, 160px\" \/><\/div><\/div><div id=\"pgc-w5efb41b74cd4d-1-1\"  class=\"panel-grid-cell\" ><div id=\"panel-w5efb41b74cd4d-1-1-0\" class=\"widget_text so-panel widget widget_custom_html panel-first-child panel-last-child\" data-index=\"2\" ><div class=\"textwidget custom-html-widget\"><p>\u00ab\u00a0Desde el principio hemos aspirado a lograr tecnolog\u00edas abiertas y colaborativas que permitan a todas las partes interesadas del BIM trabajar juntas de forma m\u00e1s eficaz\u00a0\u00bb<\/p>\n<div>afirma <strong>Etienne Mullie<\/strong> &#8211; foundador de BIM&amp;CO<\/div><\/div><\/div><\/div><\/div><\/div><div id=\"pg-w5efb41b74cd4d-2\"  class=\"panel-grid panel-has-style\" ><div class=\"container panel-row-style panel-row-style-for-w5efb41b74cd4d-2\" id=\"bsdd-text\" ><div id=\"pgc-w5efb41b74cd4d-2-0\"  class=\"panel-grid-cell\" ><div id=\"panel-w5efb41b74cd4d-2-0-0\" class=\"so-panel widget widget_text panel-first-child panel-last-child\" data-index=\"3\" >\t\t\t<div class=\"textwidget\"><p>Como colaboradores del buildingSMART Data Dictionary (bSDD), apoyamos el desarrollo de est\u00e1ndares abiertos que fomenten la interoperabilidad del software. Estamos en la vanguardia del desarrollo de est\u00e1ndares BIM, facilitando su adopci\u00f3n mediante la integraci\u00f3n de las \u00faltimas actualizaciones en nuestras soluciones.<\/p>\n<\/div>\n\t\t<\/div><\/div><\/div><\/div><div id=\"pg-w5efb41b74cd4d-3\"  class=\"panel-grid panel-has-style\" ><div class=\"container panel-row-style panel-row-style-for-w5efb41b74cd4d-3\" id=\"on-the-fly\" ><div id=\"pgc-w5efb41b74cd4d-3-0\"  class=\"panel-grid-cell panel-grid-cell-empty\" ><\/div><div id=\"pgc-w5efb41b74cd4d-3-1\"  class=\"panel-grid-cell\" ><div id=\"panel-w5efb41b74cd4d-3-1-0\" class=\"so-panel widget widget_text panel-first-child\" data-index=\"4\" ><h2 class=\"widget-title\">Al instante<\/h2>\t\t\t<div class=\"textwidget\"><\/div>\n\t\t<\/div><div id=\"panel-w5efb41b74cd4d-3-1-1\" class=\"so-panel widget widget_text panel-last-child\" data-index=\"5\" >\t\t\t<div class=\"textwidget\"><p>Nuestras herramientas intuitivas permiten compartir datos f\u00e1cilmente al instante desde una \u00fanica fuente online. Sincronice las actualizaciones con todos sus colaboradores mediante un solo clic, sin necesidad de ning\u00fan programa de BIM. Cuando necesite informaci\u00f3n, metadatos o modelos, ahorre tiempo en la conversi\u00f3n 3D, en la traducci\u00f3n de metadatos y en las actualizaciones de informaci\u00f3n.<\/p>\n<\/div>\n\t\t<\/div><\/div><\/div><\/div><\/div><\/div><\/div><\/div><\/div><\/div>\n\n<div id=\"pl-gb3262-69e52ba82fd17\"  class=\"panel-layout\" ><div id=\"pg-gb3262-69e52ba82fd17-0\"  class=\"panel-grid panel-has-style\" ><div class=\"page-section panel-row-style panel-row-style-for-gb3262-69e52ba82fd17-0\" id=\"section-manifesto05\" ><div id=\"pgc-gb3262-69e52ba82fd17-0-0\"  class=\"panel-grid-cell\" ><div id=\"panel-gb3262-69e52ba82fd17-0-0-0\" class=\"so-panel widget widget_siteorigin-panels-builder panel-first-child panel-last-child\" data-index=\"0\" ><div class=\"container panel-widget-style panel-widget-style-for-gb3262-69e52ba82fd17-0-0-0\" ><div id=\"pl-w5ef04b35ce88a\"  class=\"panel-layout\" ><div id=\"pg-w5ef04b35ce88a-0\"  class=\"panel-grid panel-no-style\" ><div id=\"pgc-w5ef04b35ce88a-0-0\"  class=\"panel-grid-cell\" ><div id=\"panel-w5ef04b35ce88a-0-0-0\" class=\"widget_text so-panel widget widget_custom_html panel-first-child panel-last-child\" data-index=\"0\" ><div class=\"textwidget custom-html-widget\"><h2>La construcci\u00f3n de una experiencia <span>comunitaria<\/span><\/h2>\n<p>La comunidad BIM&amp;CO conecta el conocimiento y la experiencia del sector AEC, fabricantes, editores de software y organizaciones de estandarizaci\u00f3n mediante una red de entusiastas de BIM que comparten la misma mentalidad y una visi\u00f3n colectiva sobre el modo en el que deber\u00edan evolucionar las cosas.<\/p><\/div><\/div><\/div><div id=\"pgc-w5ef04b35ce88a-0-1\"  class=\"panel-grid-cell\" ><div id=\"panel-w5ef04b35ce88a-0-1-0\" class=\"so-panel widget widget_media_image panel-first-child panel-last-child\" data-index=\"1\" ><div class=\"rellax1 panel-widget-style panel-widget-style-for-w5ef04b35ce88a-0-1-0\" ><img loading=\"lazy\" decoding=\"async\" width=\"640\" height=\"413\" src=\"https:\/\/www.bimandco.com\/bim\/wp-content\/uploads\/2020\/06\/community-768x496-3.jpg\" class=\"image wp-image-4255  attachment-640x413 size-640x413\" alt=\"\" style=\"max-width: 100%; height: auto;\" srcset=\"https:\/\/www.bimandco.com\/bim\/wp-content\/uploads\/2020\/06\/community-768x496-3.jpg 768w, https:\/\/www.bimandco.com\/bim\/wp-content\/uploads\/2020\/06\/community-768x496-3-300x194.jpg 300w, https:\/\/www.bimandco.com\/bim\/wp-content\/uploads\/2020\/06\/community-768x496-3-150x97.jpg 150w\" sizes=\"(max-width: 640px) 100vw, 640px\" \/><\/div><\/div><\/div><\/div><\/div><\/div><\/div><\/div><\/div><\/div><\/div>\n\n<div id=\"pl-gb3262-69e52ba8307ef\"  class=\"panel-layout\" ><div id=\"pg-gb3262-69e52ba8307ef-0\"  class=\"panel-grid panel-has-style\" ><div class=\"page-section panel-row-style panel-row-style-for-gb3262-69e52ba8307ef-0\" id=\"section-manifesto06\" ><div id=\"pgc-gb3262-69e52ba8307ef-0-0\"  class=\"panel-grid-cell\" ><div id=\"panel-gb3262-69e52ba8307ef-0-0-0\" class=\"so-panel widget widget_siteorigin-panels-builder panel-first-child panel-last-child\" data-index=\"0\" ><div class=\"container panel-widget-style panel-widget-style-for-gb3262-69e52ba8307ef-0-0-0\" ><div id=\"pl-w5ea691cbac9ab\"  class=\"panel-layout\" ><div id=\"pg-w5ea691cbac9ab-0\"  class=\"panel-grid panel-no-style\" ><div id=\"pgc-w5ea691cbac9ab-0-0\"  class=\"panel-grid-cell\" ><div id=\"panel-w5ea691cbac9ab-0-0-0\" class=\"so-panel widget widget_media_image panel-first-child panel-last-child\" data-index=\"0\" ><div class=\"rellax1 panel-widget-style panel-widget-style-for-w5ea691cbac9ab-0-0-0\" ><img loading=\"lazy\" decoding=\"async\" width=\"640\" height=\"413\" src=\"https:\/\/www.bimandco.com\/bim\/wp-content\/uploads\/2020\/03\/future-proof-buildings-1024x661.jpg\" class=\"image wp-image-794  attachment-large size-large\" alt=\"\" style=\"max-width: 100%; height: auto;\" srcset=\"https:\/\/www.bimandco.com\/bim\/wp-content\/uploads\/2020\/03\/future-proof-buildings-1024x661.jpg 1024w, https:\/\/www.bimandco.com\/bim\/wp-content\/uploads\/2020\/03\/future-proof-buildings-300x194.jpg 300w, https:\/\/www.bimandco.com\/bim\/wp-content\/uploads\/2020\/03\/future-proof-buildings-150x97.jpg 150w, https:\/\/www.bimandco.com\/bim\/wp-content\/uploads\/2020\/03\/future-proof-buildings-768x496.jpg 768w, https:\/\/www.bimandco.com\/bim\/wp-content\/uploads\/2020\/03\/future-proof-buildings-1536x992.jpg 1536w, https:\/\/www.bimandco.com\/bim\/wp-content\/uploads\/2020\/03\/future-proof-buildings.jpg 1827w\" sizes=\"(max-width: 640px) 100vw, 640px\" \/><\/div><\/div><\/div><div id=\"pgc-w5ea691cbac9ab-0-1\"  class=\"panel-grid-cell\" ><div id=\"panel-w5ea691cbac9ab-0-1-0\" class=\"widget_text so-panel widget widget_custom_html panel-first-child panel-last-child\" data-index=\"1\" ><div class=\"textwidget custom-html-widget\"><h2>Edificios resistenses al <span>futuro<\/span><\/h2>\n<p>Las previsiones de compras de materia prima son estimaciones muy poco precisas que generan importantes costes adicionales y grandes cantidades de desechos. Mediante el env\u00edo de datos exactos sobre componentes a las herramientas de c\u00e1lculo, ayudamos al sector AEC a determinar sus necesidades reales y a funcionar de forma ajustada.<\/p><\/div><\/div><\/div><\/div><\/div><\/div><\/div><\/div><\/div><\/div><\/div>\n\n<div id=\"pl-gb3262-69e52ba8312a6\"  class=\"panel-layout\" ><div id=\"pg-gb3262-69e52ba8312a6-0\"  class=\"panel-grid panel-has-style\" ><div class=\"page-section panel-row-style panel-row-style-for-gb3262-69e52ba8312a6-0\" id=\"section-manifesto07\" ><div id=\"pgc-gb3262-69e52ba8312a6-0-0\"  class=\"panel-grid-cell\" ><div id=\"panel-gb3262-69e52ba8312a6-0-0-0\" class=\"widget_text so-panel widget widget_custom_html panel-first-child panel-last-child\" data-index=\"0\" ><div class=\"textwidget custom-html-widget\"><a href=\"\/bim\/es\/soluciones-aec-construction-onfly-bim-content-management-system\/\" class=\"btn btn-blue-medium\">Descubre nuestra soluci\u00f3n de BIM Family Browser Onfly<\/a><\/div><\/div><\/div><\/div><\/div><\/div>","protected":false},"excerpt":{"rendered":"","protected":false},"author":2,"featured_media":0,"parent":0,"menu_order":0,"comment_status":"closed","ping_status":"closed","template":"","meta":{"_acf_changed":false,"content-type":"","footnotes":""},"class_list":["post-3262","page","type-page","status-publish","hentry"],"acf":[],"yoast_head":"<!-- This site is optimized with the Yoast SEO plugin v26.0 - https:\/\/yoast.com\/wordpress\/plugins\/seo\/ -->\n<title>Nuestra misi\u00f3n - BIM&amp;CO<\/title>\n<meta name=\"robots\" content=\"index, follow, max-snippet:-1, max-image-preview:large, max-video-preview:-1\" \/>\n<link rel=\"canonical\" href=\"https:\/\/www.bimandco.com\/bim\/es\/nuestra-mision\/\" \/>\n<meta property=\"og:locale\" content=\"fr_FR\" \/>\n<meta property=\"og:type\" content=\"article\" \/>\n<meta property=\"og:title\" content=\"Nuestra misi\u00f3n - BIM&amp;CO\" \/>\n<meta property=\"og:url\" content=\"https:\/\/www.bimandco.com\/bim\/es\/nuestra-mision\/\" \/>\n<meta property=\"og:site_name\" content=\"BIM&amp;CO\" \/>\n<meta property=\"article:modified_time\" content=\"2020-06-30T13:44:32+00:00\" \/>\n<meta name=\"twitter:card\" content=\"summary_large_image\" \/>\n<script type=\"application\/ld+json\" class=\"yoast-schema-graph\">{\"@context\":\"https:\/\/schema.org\",\"@graph\":[{\"@type\":\"WebPage\",\"@id\":\"https:\/\/www.bimandco.com\/bim\/es\/nuestra-mision\/\",\"url\":\"https:\/\/www.bimandco.com\/bim\/es\/nuestra-mision\/\",\"name\":\"Nuestra misi\u00f3n - BIM&amp;CO\",\"isPartOf\":{\"@id\":\"https:\/\/www.bimandco.com\/bim\/#website\"},\"datePublished\":\"2020-04-27T07:41:40+00:00\",\"dateModified\":\"2020-06-30T13:44:32+00:00\",\"breadcrumb\":{\"@id\":\"https:\/\/www.bimandco.com\/bim\/es\/nuestra-mision\/#breadcrumb\"},\"inLanguage\":\"fr-FR\",\"potentialAction\":[{\"@type\":\"ReadAction\",\"target\":[\"https:\/\/www.bimandco.com\/bim\/es\/nuestra-mision\/\"]}]},{\"@type\":\"BreadcrumbList\",\"@id\":\"https:\/\/www.bimandco.com\/bim\/es\/nuestra-mision\/#breadcrumb\",\"itemListElement\":[{\"@type\":\"ListItem\",\"position\":1,\"name\":\"Accueil\",\"item\":\"https:\/\/www.bimandco.com\/bim\/fr\/\"},{\"@type\":\"ListItem\",\"position\":2,\"name\":\"Nuestra misi\u00f3n\"}]},{\"@type\":\"WebSite\",\"@id\":\"https:\/\/www.bimandco.com\/bim\/#website\",\"url\":\"https:\/\/www.bimandco.com\/bim\/\",\"name\":\"BIM&amp;CO\",\"description\":\"\",\"publisher\":{\"@id\":\"https:\/\/www.bimandco.com\/bim\/#organization\"},\"potentialAction\":[{\"@type\":\"SearchAction\",\"target\":{\"@type\":\"EntryPoint\",\"urlTemplate\":\"https:\/\/www.bimandco.com\/bim\/?s={search_term_string}\"},\"query-input\":{\"@type\":\"PropertyValueSpecification\",\"valueRequired\":true,\"valueName\":\"search_term_string\"}}],\"inLanguage\":\"fr-FR\"},{\"@type\":\"Organization\",\"@id\":\"https:\/\/www.bimandco.com\/bim\/#organization\",\"name\":\"BIM&amp;CO\",\"url\":\"https:\/\/www.bimandco.com\/bim\/\",\"logo\":{\"@type\":\"ImageObject\",\"inLanguage\":\"fr-FR\",\"@id\":\"https:\/\/www.bimandco.com\/bim\/#\/schema\/logo\/image\/\",\"url\":\"https:\/\/www.bimandco.com\/bim\/wp-content\/uploads\/2023\/03\/logo-bimandco-1.svg\",\"contentUrl\":\"https:\/\/www.bimandco.com\/bim\/wp-content\/uploads\/2023\/03\/logo-bimandco-1.svg\",\"width\":102,\"height\":50,\"caption\":\"BIM&amp;CO\"},\"image\":{\"@id\":\"https:\/\/www.bimandco.com\/bim\/#\/schema\/logo\/image\/\"}}]}<\/script>\n<!-- \/ Yoast SEO plugin. -->","yoast_head_json":{"title":"Nuestra misi\u00f3n - BIM&amp;CO","robots":{"index":"index","follow":"follow","max-snippet":"max-snippet:-1","max-image-preview":"max-image-preview:large","max-video-preview":"max-video-preview:-1"},"canonical":"https:\/\/www.bimandco.com\/bim\/es\/nuestra-mision\/","og_locale":"fr_FR","og_type":"article","og_title":"Nuestra misi\u00f3n - BIM&amp;CO","og_url":"https:\/\/www.bimandco.com\/bim\/es\/nuestra-mision\/","og_site_name":"BIM&amp;CO","article_modified_time":"2020-06-30T13:44:32+00:00","twitter_card":"summary_large_image","schema":{"@context":"https:\/\/schema.org","@graph":[{"@type":"WebPage","@id":"https:\/\/www.bimandco.com\/bim\/es\/nuestra-mision\/","url":"https:\/\/www.bimandco.com\/bim\/es\/nuestra-mision\/","name":"Nuestra misi\u00f3n - BIM&amp;CO","isPartOf":{"@id":"https:\/\/www.bimandco.com\/bim\/#website"},"datePublished":"2020-04-27T07:41:40+00:00","dateModified":"2020-06-30T13:44:32+00:00","breadcrumb":{"@id":"https:\/\/www.bimandco.com\/bim\/es\/nuestra-mision\/#breadcrumb"},"inLanguage":"fr-FR","potentialAction":[{"@type":"ReadAction","target":["https:\/\/www.bimandco.com\/bim\/es\/nuestra-mision\/"]}]},{"@type":"BreadcrumbList","@id":"https:\/\/www.bimandco.com\/bim\/es\/nuestra-mision\/#breadcrumb","itemListElement":[{"@type":"ListItem","position":1,"name":"Accueil","item":"https:\/\/www.bimandco.com\/bim\/fr\/"},{"@type":"ListItem","position":2,"name":"Nuestra misi\u00f3n"}]},{"@type":"WebSite","@id":"https:\/\/www.bimandco.com\/bim\/#website","url":"https:\/\/www.bimandco.com\/bim\/","name":"BIM&amp;CO","description":"","publisher":{"@id":"https:\/\/www.bimandco.com\/bim\/#organization"},"potentialAction":[{"@type":"SearchAction","target":{"@type":"EntryPoint","urlTemplate":"https:\/\/www.bimandco.com\/bim\/?s={search_term_string}"},"query-input":{"@type":"PropertyValueSpecification","valueRequired":true,"valueName":"search_term_string"}}],"inLanguage":"fr-FR"},{"@type":"Organization","@id":"https:\/\/www.bimandco.com\/bim\/#organization","name":"BIM&amp;CO","url":"https:\/\/www.bimandco.com\/bim\/","logo":{"@type":"ImageObject","inLanguage":"fr-FR","@id":"https:\/\/www.bimandco.com\/bim\/#\/schema\/logo\/image\/","url":"https:\/\/www.bimandco.com\/bim\/wp-content\/uploads\/2023\/03\/logo-bimandco-1.svg","contentUrl":"https:\/\/www.bimandco.com\/bim\/wp-content\/uploads\/2023\/03\/logo-bimandco-1.svg","width":102,"height":50,"caption":"BIM&amp;CO"},"image":{"@id":"https:\/\/www.bimandco.com\/bim\/#\/schema\/logo\/image\/"}}]}},"_links":{"self":[{"href":"https:\/\/www.bimandco.com\/bim\/wp-json\/wp\/v2\/pages\/3262","targetHints":{"allow":["GET"]}}],"collection":[{"href":"https:\/\/www.bimandco.com\/bim\/wp-json\/wp\/v2\/pages"}],"about":[{"href":"https:\/\/www.bimandco.com\/bim\/wp-json\/wp\/v2\/types\/page"}],"author":[{"embeddable":true,"href":"https:\/\/www.bimandco.com\/bim\/wp-json\/wp\/v2\/users\/2"}],"replies":[{"embeddable":true,"href":"https:\/\/www.bimandco.com\/bim\/wp-json\/wp\/v2\/comments?post=3262"}],"version-history":[{"count":13,"href":"https:\/\/www.bimandco.com\/bim\/wp-json\/wp\/v2\/pages\/3262\/revisions"}],"predecessor-version":[{"id":5200,"href":"https:\/\/www.bimandco.com\/bim\/wp-json\/wp\/v2\/pages\/3262\/revisions\/5200"}],"wp:attachment":[{"href":"https:\/\/www.bimandco.com\/bim\/wp-json\/wp\/v2\/media?parent=3262"}],"curies":[{"name":"wp","href":"https:\/\/api.w.org\/{rel}","templated":true}]}}