{"id":1114,"date":"2020-04-15T11:34:41","date_gmt":"2020-04-15T09:34:41","guid":{"rendered":"https:\/\/www.bimandco.com\/bim\/?page_id=1114"},"modified":"2025-02-27T16:19:16","modified_gmt":"2025-02-27T15:19:16","slug":"news-bim","status":"publish","type":"page","link":"https:\/\/www.bimandco.com\/bim\/fr\/news-bim\/","title":{"rendered":"News BIM"},"content":{"rendered":"<div id=\"pl-gb1114-6a09c3aa0c60d\"  class=\"panel-layout\" ><div id=\"pg-gb1114-6a09c3aa0c60d-0\"  class=\"panel-grid panel-has-style\" ><div class=\"page-section container panel-row-style panel-row-style-for-gb1114-6a09c3aa0c60d-0\" id=\"section-blog01\" ><div id=\"pgc-gb1114-6a09c3aa0c60d-0-0\"  class=\"panel-grid-cell\" ><div id=\"panel-gb1114-6a09c3aa0c60d-0-0-0\" class=\"widget_text so-panel widget widget_custom_html panel-first-child\" data-index=\"0\" ><div class=\"textwidget custom-html-widget\"><h1>Les news BIM de BIM&amp;CO<\/h1>\n<p>Retrouvez les derni\u00e8res actualit\u00e9s et news BIM de BIM&#038;CO li\u00e9es aux nouveaut\u00e9s produits, aux partenariats et aux \u00e9v\u00e9nements, des interviews de nos partenaires mais aussi l&rsquo;ensemble de nos communiqu\u00e9s de presse.<\/p><\/div><\/div><div id=\"panel-gb1114-6a09c3aa0c60d-0-0-1\" class=\"so-panel widget widget_search panel-last-child\" data-index=\"1\" ><form role=\"search\" method=\"get\" class=\"search-form\" action=\"https:\/\/www.bimandco.com\/bim\/\">\n\t\t\t\t<label>\n\t\t\t\t\t<span class=\"screen-reader-text\">Rechercher\u00a0:<\/span>\n\t\t\t\t\t<input type=\"search\" class=\"search-field\" placeholder=\"Rechercher\u2026\" value=\"\" name=\"s\" \/>\n\t\t\t\t<\/label>\n\t\t\t\t<input type=\"submit\" class=\"search-submit\" value=\"Rechercher\" \/>\n\t\t\t<\/form><\/div><\/div><\/div><\/div><\/div>","protected":false},"excerpt":{"rendered":"","protected":false},"author":2,"featured_media":0,"parent":0,"menu_order":0,"comment_status":"closed","ping_status":"closed","template":"templates\/index-news.php","meta":{"_acf_changed":false,"content-type":"","footnotes":""},"class_list":["post-1114","page","type-page","status-publish","hentry"],"acf":[],"yoast_head":"<!-- This site is optimized with the Yoast SEO plugin v26.0 - https:\/\/yoast.com\/wordpress\/plugins\/seo\/ -->\n<title>Nouveaut\u00e9s, Partenariats et \u00c9v\u00e9nements | BIM&amp;CO<\/title>\n<meta name=\"description\" content=\"Retrouvez les derni\u00e8res actualit\u00e9s de BIM&amp;CO sur les nouveaut\u00e9s produits, les partenariats, les \u00e9v\u00e9nements et les communiqu\u00e9s de presse.\" \/>\n<meta name=\"robots\" content=\"index, follow, max-snippet:-1, max-image-preview:large, max-video-preview:-1\" \/>\n<link rel=\"canonical\" href=\"https:\/\/www.bimandco.com\/bim\/fr\/news-bim\/\" \/>\n<meta property=\"og:locale\" content=\"fr_FR\" \/>\n<meta property=\"og:type\" content=\"article\" \/>\n<meta property=\"og:title\" content=\"Nouveaut\u00e9s, Partenariats et \u00c9v\u00e9nements | BIM&amp;CO\" \/>\n<meta property=\"og:description\" content=\"Retrouvez les derni\u00e8res actualit\u00e9s de BIM&amp;CO sur les nouveaut\u00e9s produits, les partenariats, les \u00e9v\u00e9nements et les communiqu\u00e9s de presse.\" \/>\n<meta property=\"og:url\" content=\"https:\/\/www.bimandco.com\/bim\/fr\/news-bim\/\" \/>\n<meta property=\"og:site_name\" content=\"BIM&amp;CO\" \/>\n<meta property=\"article:modified_time\" content=\"2025-02-27T15:19:16+00:00\" \/>\n<meta name=\"twitter:card\" content=\"summary_large_image\" \/>\n<meta name=\"twitter:label1\" content=\"Dur\u00e9e de lecture estim\u00e9e\" \/>\n\t<meta name=\"twitter:data1\" content=\"1 minute\" \/>\n<script type=\"application\/ld+json\" class=\"yoast-schema-graph\">{\"@context\":\"https:\/\/schema.org\",\"@graph\":[{\"@type\":\"WebPage\",\"@id\":\"https:\/\/www.bimandco.com\/bim\/fr\/news-bim\/\",\"url\":\"https:\/\/www.bimandco.com\/bim\/fr\/news-bim\/\",\"name\":\"Nouveaut\u00e9s, Partenariats et \u00c9v\u00e9nements | BIM&amp;CO\",\"isPartOf\":{\"@id\":\"https:\/\/www.bimandco.com\/bim\/#website\"},\"datePublished\":\"2020-04-15T09:34:41+00:00\",\"dateModified\":\"2025-02-27T15:19:16+00:00\",\"description\":\"Retrouvez les derni\u00e8res actualit\u00e9s de BIM&CO sur les nouveaut\u00e9s produits, les partenariats, les \u00e9v\u00e9nements et les communiqu\u00e9s de presse.\",\"breadcrumb\":{\"@id\":\"https:\/\/www.bimandco.com\/bim\/fr\/news-bim\/#breadcrumb\"},\"inLanguage\":\"fr-FR\",\"potentialAction\":[{\"@type\":\"ReadAction\",\"target\":[\"https:\/\/www.bimandco.com\/bim\/fr\/news-bim\/\"]}]},{\"@type\":\"BreadcrumbList\",\"@id\":\"https:\/\/www.bimandco.com\/bim\/fr\/news-bim\/#breadcrumb\",\"itemListElement\":[{\"@type\":\"ListItem\",\"position\":1,\"name\":\"Accueil\",\"item\":\"https:\/\/www.bimandco.com\/bim\/fr\/\"},{\"@type\":\"ListItem\",\"position\":2,\"name\":\"News BIM\"}]},{\"@type\":\"WebSite\",\"@id\":\"https:\/\/www.bimandco.com\/bim\/#website\",\"url\":\"https:\/\/www.bimandco.com\/bim\/\",\"name\":\"BIM&amp;CO\",\"description\":\"\",\"publisher\":{\"@id\":\"https:\/\/www.bimandco.com\/bim\/#organization\"},\"potentialAction\":[{\"@type\":\"SearchAction\",\"target\":{\"@type\":\"EntryPoint\",\"urlTemplate\":\"https:\/\/www.bimandco.com\/bim\/?s={search_term_string}\"},\"query-input\":{\"@type\":\"PropertyValueSpecification\",\"valueRequired\":true,\"valueName\":\"search_term_string\"}}],\"inLanguage\":\"fr-FR\"},{\"@type\":\"Organization\",\"@id\":\"https:\/\/www.bimandco.com\/bim\/#organization\",\"name\":\"BIM&amp;CO\",\"url\":\"https:\/\/www.bimandco.com\/bim\/\",\"logo\":{\"@type\":\"ImageObject\",\"inLanguage\":\"fr-FR\",\"@id\":\"https:\/\/www.bimandco.com\/bim\/#\/schema\/logo\/image\/\",\"url\":\"https:\/\/www.bimandco.com\/bim\/wp-content\/uploads\/2023\/03\/logo-bimandco-1.svg\",\"contentUrl\":\"https:\/\/www.bimandco.com\/bim\/wp-content\/uploads\/2023\/03\/logo-bimandco-1.svg\",\"width\":102,\"height\":50,\"caption\":\"BIM&amp;CO\"},\"image\":{\"@id\":\"https:\/\/www.bimandco.com\/bim\/#\/schema\/logo\/image\/\"}}]}<\/script>\n<!-- \/ Yoast SEO plugin. -->","yoast_head_json":{"title":"Nouveaut\u00e9s, Partenariats et \u00c9v\u00e9nements | BIM&amp;CO","description":"Retrouvez les derni\u00e8res actualit\u00e9s de BIM&CO sur les nouveaut\u00e9s produits, les partenariats, les \u00e9v\u00e9nements et les communiqu\u00e9s de presse.","robots":{"index":"index","follow":"follow","max-snippet":"max-snippet:-1","max-image-preview":"max-image-preview:large","max-video-preview":"max-video-preview:-1"},"canonical":"https:\/\/www.bimandco.com\/bim\/fr\/news-bim\/","og_locale":"fr_FR","og_type":"article","og_title":"Nouveaut\u00e9s, Partenariats et \u00c9v\u00e9nements | BIM&amp;CO","og_description":"Retrouvez les derni\u00e8res actualit\u00e9s de BIM&CO sur les nouveaut\u00e9s produits, les partenariats, les \u00e9v\u00e9nements et les communiqu\u00e9s de presse.","og_url":"https:\/\/www.bimandco.com\/bim\/fr\/news-bim\/","og_site_name":"BIM&amp;CO","article_modified_time":"2025-02-27T15:19:16+00:00","twitter_card":"summary_large_image","twitter_misc":{"Dur\u00e9e de lecture estim\u00e9e":"1 minute"},"schema":{"@context":"https:\/\/schema.org","@graph":[{"@type":"WebPage","@id":"https:\/\/www.bimandco.com\/bim\/fr\/news-bim\/","url":"https:\/\/www.bimandco.com\/bim\/fr\/news-bim\/","name":"Nouveaut\u00e9s, Partenariats et \u00c9v\u00e9nements | BIM&amp;CO","isPartOf":{"@id":"https:\/\/www.bimandco.com\/bim\/#website"},"datePublished":"2020-04-15T09:34:41+00:00","dateModified":"2025-02-27T15:19:16+00:00","description":"Retrouvez les derni\u00e8res actualit\u00e9s de BIM&CO sur les nouveaut\u00e9s produits, les partenariats, les \u00e9v\u00e9nements et les communiqu\u00e9s de presse.","breadcrumb":{"@id":"https:\/\/www.bimandco.com\/bim\/fr\/news-bim\/#breadcrumb"},"inLanguage":"fr-FR","potentialAction":[{"@type":"ReadAction","target":["https:\/\/www.bimandco.com\/bim\/fr\/news-bim\/"]}]},{"@type":"BreadcrumbList","@id":"https:\/\/www.bimandco.com\/bim\/fr\/news-bim\/#breadcrumb","itemListElement":[{"@type":"ListItem","position":1,"name":"Accueil","item":"https:\/\/www.bimandco.com\/bim\/fr\/"},{"@type":"ListItem","position":2,"name":"News BIM"}]},{"@type":"WebSite","@id":"https:\/\/www.bimandco.com\/bim\/#website","url":"https:\/\/www.bimandco.com\/bim\/","name":"BIM&amp;CO","description":"","publisher":{"@id":"https:\/\/www.bimandco.com\/bim\/#organization"},"potentialAction":[{"@type":"SearchAction","target":{"@type":"EntryPoint","urlTemplate":"https:\/\/www.bimandco.com\/bim\/?s={search_term_string}"},"query-input":{"@type":"PropertyValueSpecification","valueRequired":true,"valueName":"search_term_string"}}],"inLanguage":"fr-FR"},{"@type":"Organization","@id":"https:\/\/www.bimandco.com\/bim\/#organization","name":"BIM&amp;CO","url":"https:\/\/www.bimandco.com\/bim\/","logo":{"@type":"ImageObject","inLanguage":"fr-FR","@id":"https:\/\/www.bimandco.com\/bim\/#\/schema\/logo\/image\/","url":"https:\/\/www.bimandco.com\/bim\/wp-content\/uploads\/2023\/03\/logo-bimandco-1.svg","contentUrl":"https:\/\/www.bimandco.com\/bim\/wp-content\/uploads\/2023\/03\/logo-bimandco-1.svg","width":102,"height":50,"caption":"BIM&amp;CO"},"image":{"@id":"https:\/\/www.bimandco.com\/bim\/#\/schema\/logo\/image\/"}}]}},"_links":{"self":[{"href":"https:\/\/www.bimandco.com\/bim\/wp-json\/wp\/v2\/pages\/1114","targetHints":{"allow":["GET"]}}],"collection":[{"href":"https:\/\/www.bimandco.com\/bim\/wp-json\/wp\/v2\/pages"}],"about":[{"href":"https:\/\/www.bimandco.com\/bim\/wp-json\/wp\/v2\/types\/page"}],"author":[{"embeddable":true,"href":"https:\/\/www.bimandco.com\/bim\/wp-json\/wp\/v2\/users\/2"}],"replies":[{"embeddable":true,"href":"https:\/\/www.bimandco.com\/bim\/wp-json\/wp\/v2\/comments?post=1114"}],"version-history":[{"count":19,"href":"https:\/\/www.bimandco.com\/bim\/wp-json\/wp\/v2\/pages\/1114\/revisions"}],"predecessor-version":[{"id":47461,"href":"https:\/\/www.bimandco.com\/bim\/wp-json\/wp\/v2\/pages\/1114\/revisions\/47461"}],"wp:attachment":[{"href":"https:\/\/www.bimandco.com\/bim\/wp-json\/wp\/v2\/media?parent=1114"}],"curies":[{"name":"wp","href":"https:\/\/api.w.org\/{rel}","templated":true}]}}